{"id":10555,"date":"2026-02-27T00:07:36","date_gmt":"2026-02-27T00:07:36","guid":{"rendered":"https:\/\/nordicmart.andreevmaster.com\/product\/songmics-bambu-5-hyllplan-33-x-33-x-146-cm-smal\/"},"modified":"2026-02-27T08:03:14","modified_gmt":"2026-02-27T08:03:14","slug":"songmics-bambu-5-hyllplan-33-x-33-x-146-cm-smal","status":"publish","type":"product","link":"https:\/\/nordicmart.andreevmaster.com\/sv\/produkt\/songmics-bambu-5-hyllplan-33-x-33-x-146-cm-smal\/","title":{"rendered":"SONGMICS Bambu 5 hyllplan 33 x 33 x 146 cm smal"},"content":{"rendered":"<p>Beh\u00f6ver du ett f\u00f6rvaringshyllsystem d\u00e4r du kan f\u00f6rvara m\u00e5nga f\u00f6rem\u00e5l inom r\u00e4ckh\u00e5ll och som \u00e4r s\u00e5 stabilt att du kan anv\u00e4nda det i m\u00e5nga \u00e5r? Vill du dessutom maximera det begr\u00e4nsade f\u00f6rvaringsutrymmet i ditt hem? Prova d\u00e5 detta bambuhyllsystem fr\u00e5n SONGMICS! Det kommer aldrig att svika dig.  Bambu g\u00f6r skillnaden Vad t\u00e4nker du p\u00e5 n\u00e4r du ser bambu? Ett naturligt material? Just det, men det \u00e4r inte allt! Bambu \u00e4r ocks\u00e5 slitstarkt och anv\u00e4ndarv\u00e4nligt. Materialet har dessutom en l\u00e5ng livsl\u00e4ngd och beh\u00e5ller sitt eleganta utseende \u00e4ven efter m\u00e5nga \u00e5r. En blickf\u00e5ng \u00f6verallt! Tack vare den vackra, v\u00e4lbearbetade bambuytan ger denna hylla ditt hem en naturlig och \u00e4nd\u00e5 elegant touch. Fr\u00e5n fotoramar och duschgel till v\u00e4xter och k\u00f6ksredskap \u2013 allt f\u00e5r sin plats h\u00e4r. Oavsett om det \u00e4r i vardagsrummet, badrummet, hallen eller k\u00f6ket \u2013 prova var hyllan passar b\u00e4st och ber\u00e4tta f\u00f6r oss i recensionerna! Produktdetaljer: &#8211; F\u00e4rg: natur &#8211; Material: bambu &#8211; Produktstorlek: 33 x 33 x 146 cm (L x B x D) &#8211; Avst\u00e5nd mellan hyllorna: 13 cm &#8211; Vikt: 4,6 kg  Leveransomfattning: &#8211; 1 x bambuhylla &#8211; 1 x insexnyckel &#8211; 1 x bruksanvisning (DE, EN, FR, ES, IT)  SONGMICS Anm\u00e4rkningar &#8211; Vi rekommenderar att du f\u00e4ster hyllan p\u00e5 v\u00e4ggen med hj\u00e4lp av den medf\u00f6ljande tippskyddet f\u00f6r extra s\u00e4kerhet. <\/p>\n","protected":false},"excerpt":{"rendered":"<p>SONGMICS 5-v\u00e5ningars badrumshylla av bambu, stativhylla, k\u00f6kshylla, 33 x 33 x 146 cm, smal f\u00f6r tr\u00e5nga utrymmen, vardagsrum, sovrum BCB55Y<\/p>\n","protected":false},"featured_media":39121,"comment_status":"open","ping_status":"closed","template":"","meta":[],"product_brand":[],"product_cat":[33],"product_tag":[],"class_list":{"0":"post-10555","1":"product","2":"type-product","3":"status-publish","4":"has-post-thumbnail","6":"product_cat-okategoriserad","8":"first","9":"instock","10":"shipping-taxable","11":"purchasable","12":"product-type-simple"},"_links":{"self":[{"href":"https:\/\/nordicmart.andreevmaster.com\/sv\/wp-json\/wp\/v2\/product\/10555","targetHints":{"allow":["GET"]}}],"collection":[{"href":"https:\/\/nordicmart.andreevmaster.com\/sv\/wp-json\/wp\/v2\/product"}],"about":[{"href":"https:\/\/nordicmart.andreevmaster.com\/sv\/wp-json\/wp\/v2\/types\/product"}],"replies":[{"embeddable":true,"href":"https:\/\/nordicmart.andreevmaster.com\/sv\/wp-json\/wp\/v2\/comments?post=10555"}],"wp:featuredmedia":[{"embeddable":true,"href":"https:\/\/nordicmart.andreevmaster.com\/sv\/wp-json\/wp\/v2\/media\/39121"}],"wp:attachment":[{"href":"https:\/\/nordicmart.andreevmaster.com\/sv\/wp-json\/wp\/v2\/media?parent=10555"}],"wp:term":[{"taxonomy":"product_brand","embeddable":true,"href":"https:\/\/nordicmart.andreevmaster.com\/sv\/wp-json\/wp\/v2\/product_brand?post=10555"},{"taxonomy":"product_cat","embeddable":true,"href":"https:\/\/nordicmart.andreevmaster.com\/sv\/wp-json\/wp\/v2\/product_cat?post=10555"},{"taxonomy":"product_tag","embeddable":true,"href":"https:\/\/nordicmart.andreevmaster.com\/sv\/wp-json\/wp\/v2\/product_tag?post=10555"}],"curies":[{"name":"wp","href":"https:\/\/api.w.org\/{rel}","templated":true}]}}