{"id":10554,"date":"2026-02-27T00:07:36","date_gmt":"2026-02-27T00:07:36","guid":{"rendered":"https:\/\/nordicmart.andreevmaster.com\/product\/4-tasoiset-monikayttoiset-kylpyhuoneen-hyllyt-100-bambu-sailytysyksikko-2\/"},"modified":"2026-02-27T08:03:13","modified_gmt":"2026-02-27T08:03:13","slug":"4-tasoiset-monikayttoiset-kylpyhuoneen-hyllyt-100-bambu-sailytysyksikko-2","status":"publish","type":"product","link":"https:\/\/nordicmart.andreevmaster.com\/sv\/produkt\/4-tasoiset-monikayttoiset-kylpyhuoneen-hyllyt-100-bambu-sailytysyksikko-2\/","title":{"rendered":"4-tasoiset monik\u00e4ytt\u00f6iset kylpyhuoneen hyllyt 100% bambu s\u00e4ilytysyksikk\u00f6"},"content":{"rendered":"<p>Multifunktionell bambuhylla: 100 % naturlig bambu, milj\u00f6v\u00e4nlig och h\u00e5llbar; 4-stegs hyllst\u00e4ll och f\u00f6rvaring f\u00f6r badrumsartiklar, handdukar, diverse f\u00f6rem\u00e5l, dekorationsf\u00f6rem\u00e5l, snickeriartiklar, skor, b\u00f6cker, v\u00e4xter, kryddor och sm\u00e5 prylar i badrummet, vardagsrummet, p\u00e5 balkongen, i k\u00f6ket etc.Noggrant bearbetad, anv\u00e4nd den som du vill: naturlig och sl\u00e4t yta, rundade h\u00f6rn, skyddar din familj fr\u00e5n skador, s\u00e4rskilt barn. Du kan ta bort hyllan f\u00f6r h\u00f6ga f\u00f6rem\u00e5l.Genomt\u00e4nkta tillbeh\u00f6r: 4 halkfria kuddar under varje ben f\u00f6r att skydda golvet mot repor. Enkel montering och demontering: Rostskyddade och h\u00e5llbara skruvar, kan monteras och demonteras upprepade g\u00e5nger, verktyg medf\u00f6ljer.<\/p>\n<p>Platsbesparande f\u00f6rvaringsst\u00e4ll: Produktens storlek: 38 5\/8 &#8221;L x 12 7\/8&#8221; B x 12 7\/8 &#8221;H, smalt format som passar var som helst i ditt hem.<\/p>\n<p>Tekniska uppgifter:<\/p>\n<p>F\u00e4rg: Naturlig<br \/>\nMaterial: Material: Bambu<br \/>\nProduktens storlek: 13&#8243; D x 13&#8243; B x 38,6&#8243; H (33 x 33 x 98 cm).H\u00f6jd p\u00e5 varje niv\u00e5: 9,8&#8243; (25 cm).<br \/>\nH\u00f6jd mellan sista niv\u00e5n och golvet: 13 cm (5,1&#8221;).Produktens vikt: 3,4 kg (7,5 lb).<br \/>\nF\u00f6rpackningens inneh\u00e5ll:<\/p>\n<p>1 x bambuhylla<br \/>\n1 x tillbeh\u00f6rsp\u00e5se<br \/>\n1 x Anti-Tip Kit<br \/>\n1 x Instruktioner<\/p>\n","protected":false},"excerpt":{"rendered":"<p>Multifunktionell bambuhylla: 100 % naturlig bambu, milj\u00f6v\u00e4nlig och h\u00e5llbar; 4-stegs hyllst\u00e4ll och f\u00f6rvaring f\u00f6r badrumsartiklar, handdukar, diverse f\u00f6rem\u00e5l, dekorationsf\u00f6rem\u00e5l, snickeriartiklar, skor, b\u00f6cker, v\u00e4xter, kryddor och sm\u00e5 prylar i badrummet, vardagsrummet, p\u00e5 balkongen, i k\u00f6ket etc.Noggrant bearbetad, anv\u00e4nd den som du vill: naturlig och sl\u00e4t yta, rundade h\u00f6rn, skyddar din familj fr\u00e5n skador, s\u00e4rskilt barn. Du [&hellip;]<\/p>\n","protected":false},"featured_media":0,"comment_status":"open","ping_status":"closed","template":"","meta":[],"product_brand":[],"product_cat":[33],"product_tag":[],"class_list":{"0":"post-10554","1":"product","2":"type-product","3":"status-publish","5":"product_cat-okategoriserad","7":"first","8":"instock","9":"shipping-taxable","10":"product-type-simple"},"_links":{"self":[{"href":"https:\/\/nordicmart.andreevmaster.com\/sv\/wp-json\/wp\/v2\/product\/10554","targetHints":{"allow":["GET"]}}],"collection":[{"href":"https:\/\/nordicmart.andreevmaster.com\/sv\/wp-json\/wp\/v2\/product"}],"about":[{"href":"https:\/\/nordicmart.andreevmaster.com\/sv\/wp-json\/wp\/v2\/types\/product"}],"replies":[{"embeddable":true,"href":"https:\/\/nordicmart.andreevmaster.com\/sv\/wp-json\/wp\/v2\/comments?post=10554"}],"wp:attachment":[{"href":"https:\/\/nordicmart.andreevmaster.com\/sv\/wp-json\/wp\/v2\/media?parent=10554"}],"wp:term":[{"taxonomy":"product_brand","embeddable":true,"href":"https:\/\/nordicmart.andreevmaster.com\/sv\/wp-json\/wp\/v2\/product_brand?post=10554"},{"taxonomy":"product_cat","embeddable":true,"href":"https:\/\/nordicmart.andreevmaster.com\/sv\/wp-json\/wp\/v2\/product_cat?post=10554"},{"taxonomy":"product_tag","embeddable":true,"href":"https:\/\/nordicmart.andreevmaster.com\/sv\/wp-json\/wp\/v2\/product_tag?post=10554"}],"curies":[{"name":"wp","href":"https:\/\/api.w.org\/{rel}","templated":true}]}}