{"id":10553,"date":"2026-02-27T00:07:36","date_gmt":"2026-02-27T00:07:36","guid":{"rendered":"https:\/\/nordicmart.andreevmaster.com\/product\/songmics-badrumshylla-i-bambu-med-5-hyllplan\/"},"modified":"2026-02-27T08:03:13","modified_gmt":"2026-02-27T08:03:13","slug":"songmics-badrumshylla-i-bambu-med-5-hyllplan","status":"publish","type":"product","link":"https:\/\/nordicmart.andreevmaster.com\/sv\/produkt\/songmics-badrumshylla-i-bambu-med-5-hyllplan\/","title":{"rendered":"SONGMICS badrumshylla i bambu med 5 hyllplan"},"content":{"rendered":"<p>Produktdetaljer:  &#8211; Material: bambu  &#8211; M\u00e5tt: 60 x 130 x 26 cm (B x H x D)  &#8211; Avst\u00e5nd mellan 2 hyllplan: 28 cm  &#8211; F\u00e4rg: bambuf\u00e4rgad  &#8211; Vikt: 7 kg Leveransomfattning: &#8211; 1 x badrumshylla &#8211; 1 x bruksanvisning &#8211; 1 x tillbeh\u00f6rsset<\/p>\n","protected":false},"excerpt":{"rendered":"<p>SONGMICS badrumshylla, badrumshylla, stativhylla, k\u00f6kshylla, blomst\u00e4llning, bokhylla av bambu, med 5 hyllplan, justerbara hyllplan, 60 x 26 x 130 cm BCB35Y<\/p>\n","protected":false},"featured_media":39120,"comment_status":"open","ping_status":"closed","template":"","meta":[],"product_brand":[],"product_cat":[33],"product_tag":[],"class_list":{"0":"post-10553","1":"product","2":"type-product","3":"status-publish","4":"has-post-thumbnail","6":"product_cat-okategoriserad","8":"first","9":"instock","10":"shipping-taxable","11":"purchasable","12":"product-type-simple"},"_links":{"self":[{"href":"https:\/\/nordicmart.andreevmaster.com\/sv\/wp-json\/wp\/v2\/product\/10553","targetHints":{"allow":["GET"]}}],"collection":[{"href":"https:\/\/nordicmart.andreevmaster.com\/sv\/wp-json\/wp\/v2\/product"}],"about":[{"href":"https:\/\/nordicmart.andreevmaster.com\/sv\/wp-json\/wp\/v2\/types\/product"}],"replies":[{"embeddable":true,"href":"https:\/\/nordicmart.andreevmaster.com\/sv\/wp-json\/wp\/v2\/comments?post=10553"}],"wp:featuredmedia":[{"embeddable":true,"href":"https:\/\/nordicmart.andreevmaster.com\/sv\/wp-json\/wp\/v2\/media\/39120"}],"wp:attachment":[{"href":"https:\/\/nordicmart.andreevmaster.com\/sv\/wp-json\/wp\/v2\/media?parent=10553"}],"wp:term":[{"taxonomy":"product_brand","embeddable":true,"href":"https:\/\/nordicmart.andreevmaster.com\/sv\/wp-json\/wp\/v2\/product_brand?post=10553"},{"taxonomy":"product_cat","embeddable":true,"href":"https:\/\/nordicmart.andreevmaster.com\/sv\/wp-json\/wp\/v2\/product_cat?post=10553"},{"taxonomy":"product_tag","embeddable":true,"href":"https:\/\/nordicmart.andreevmaster.com\/sv\/wp-json\/wp\/v2\/product_tag?post=10553"}],"curies":[{"name":"wp","href":"https:\/\/api.w.org\/{rel}","templated":true}]}}