{"id":10550,"date":"2026-02-27T00:07:35","date_gmt":"2026-02-27T00:07:35","guid":{"rendered":"https:\/\/nordicmart.andreevmaster.com\/product\/songmics-badrumshylla-i-bambu\/"},"modified":"2026-02-27T08:03:13","modified_gmt":"2026-02-27T08:03:13","slug":"songmics-badrumshylla-i-bambu","status":"publish","type":"product","link":"https:\/\/nordicmart.andreevmaster.com\/sv\/produkt\/songmics-badrumshylla-i-bambu\/","title":{"rendered":"SONGMICS badrumshylla i bambu"},"content":{"rendered":"<p>Bambuhyllan fr\u00e5n Songmics \u00e4r den perfekta kombinationen av funktion och design! Den stabila och robusta hyllan \u00e4r tillverkad av h\u00f6gkvalitativ bambu. Bambu \u00e4r en snabbt f\u00f6rnybar r\u00e5vara och d\u00e4rmed ett milj\u00f6v\u00e4nligt alternativ till andra material. Lackeringen skyddar dessutom bambumaterialet mot fukt. Passande skruvsats och monteringsanvisningar medf\u00f6ljer. D\u00e4rf\u00f6r \u00e4r den mycket l\u00e4tt att montera. De tv\u00e5 facken har olika h\u00f6jd och passar f\u00f6r f\u00f6rem\u00e5l i olika storlekar.  Med denna vackra hylla skapar du en mysig och bekv\u00e4m milj\u00f6.  Hyllan i modern och tidl\u00f6s design erbjuder inte bara tillr\u00e4ckligt med utrymme f\u00f6r f\u00f6rvaring av m\u00e5nga vardagsf\u00f6rem\u00e5l, utan fungerar ocks\u00e5 som ett blickf\u00e5ng i din bostad! Anvisningar: 1. F\u00f6lj monteringsanvisningarna vid montering. Dra inte \u00e5t skruvarna f\u00f6r h\u00e5rt i b\u00f6rjan. Dra \u00e5t dem ordentligt f\u00f6rst n\u00e4r allt \u00e4r monterat. 2. I badrummet ska vattnet torkas bort i tid och skohyllan ska h\u00e5llas torr. 3. Hyllan ska skyddas mot regn och starkt solljus. Produktdetaljer: Material: bambu M\u00e5tt: 60 x 66 x 26 cm (B x H x D) F\u00e4rg: bambuf\u00e4rgad Vikt: 4,5 kg Leveransomfattning: 1 x badrumshylla 1 x monteringsanvisning 1 x tillbeh\u00f6rsset<\/p>\n","protected":false},"excerpt":{"rendered":"<p>SONGMICS badrumshylla, badrumshylla, k\u00f6kshylla, skohylla, bambu stativhylla, 60 x 26 x 66 cm, idealisk f\u00f6r badrum, vardagsrum, hall, k\u00f6k, balkong BCB33Y<\/p>\n","protected":false},"featured_media":39118,"comment_status":"open","ping_status":"closed","template":"","meta":[],"product_brand":[],"product_cat":[33],"product_tag":[],"class_list":{"0":"post-10550","1":"product","2":"type-product","3":"status-publish","4":"has-post-thumbnail","6":"product_cat-okategoriserad","8":"first","9":"instock","10":"shipping-taxable","11":"purchasable","12":"product-type-simple"},"_links":{"self":[{"href":"https:\/\/nordicmart.andreevmaster.com\/sv\/wp-json\/wp\/v2\/product\/10550","targetHints":{"allow":["GET"]}}],"collection":[{"href":"https:\/\/nordicmart.andreevmaster.com\/sv\/wp-json\/wp\/v2\/product"}],"about":[{"href":"https:\/\/nordicmart.andreevmaster.com\/sv\/wp-json\/wp\/v2\/types\/product"}],"replies":[{"embeddable":true,"href":"https:\/\/nordicmart.andreevmaster.com\/sv\/wp-json\/wp\/v2\/comments?post=10550"}],"wp:featuredmedia":[{"embeddable":true,"href":"https:\/\/nordicmart.andreevmaster.com\/sv\/wp-json\/wp\/v2\/media\/39118"}],"wp:attachment":[{"href":"https:\/\/nordicmart.andreevmaster.com\/sv\/wp-json\/wp\/v2\/media?parent=10550"}],"wp:term":[{"taxonomy":"product_brand","embeddable":true,"href":"https:\/\/nordicmart.andreevmaster.com\/sv\/wp-json\/wp\/v2\/product_brand?post=10550"},{"taxonomy":"product_cat","embeddable":true,"href":"https:\/\/nordicmart.andreevmaster.com\/sv\/wp-json\/wp\/v2\/product_cat?post=10550"},{"taxonomy":"product_tag","embeddable":true,"href":"https:\/\/nordicmart.andreevmaster.com\/sv\/wp-json\/wp\/v2\/product_tag?post=10550"}],"curies":[{"name":"wp","href":"https:\/\/api.w.org\/{rel}","templated":true}]}}