{"id":10549,"date":"2026-02-27T00:07:35","date_gmt":"2026-02-27T00:07:35","guid":{"rendered":"https:\/\/nordicmart.andreevmaster.com\/product\/songmics-vaxtstall-med-3-nivaer\/"},"modified":"2026-02-27T08:03:13","modified_gmt":"2026-02-27T08:03:13","slug":"songmics-vaxtstall-med-3-nivaer","status":"publish","type":"product","link":"https:\/\/nordicmart.andreevmaster.com\/sv\/produkt\/songmics-vaxtstall-med-3-nivaer\/","title":{"rendered":"SONGMICS v\u00e4xtst\u00e4ll med 3 niv\u00e5er"},"content":{"rendered":"<p>V\u00e4lkomna bambu i ditt hem Naturligt material? F\u00f6rnybart? Robust? Detta \u00e4r bara n\u00e5gra av f\u00f6rdelarna med bambu. Det naturliga materialet har dessutom ett vackert utseende. Du beh\u00f6ver allts\u00e5 inte v\u00e4lja mellan stil och l\u00e5ng livsl\u00e4ngd! En riktig allroundare Placera denna hylla d\u00e4r du beh\u00f6ver den: i hallen, i badrummet eller p\u00e5 balkongen. Fr\u00e5n skor och badrumsartiklar till krukv\u00e4xter \u2013 allt f\u00e5r sin plats h\u00e4r. Produktdetaljer: &#8211; F\u00e4rg: naturvit &#8211; Material: bambu &#8211; Storlek: 60 x 26 x 66 cm (L x B x H) &#8211; Vikt: 3,9 kg &#8211; Max. statisk belastningskapacitet per hylla: 10 kg Leveransomfattning:- 1 x bambuhylla med 3 hyllplan &#8211; 1 x tippskydd &#8211; 1 x beh\u00e5llare med tillbeh\u00f6r SONGICs anvisningar: &#8211; Denna produkt b\u00f6r f\u00e4stas p\u00e5 v\u00e4ggen med tippskyddet f\u00f6r att f\u00f6rhindra att den v\u00e4lter. &#8211; Placera inte produkten i en fuktig milj\u00f6 under l\u00e4ngre tid. &#8211; Barn f\u00e5r inte kl\u00e4ttra p\u00e5 eller leka med produkten. Produktbeskrivning<\/p>\n","protected":false},"excerpt":{"rendered":"<p>SONGMICS badrumshylla, badrumshylla, k\u00f6kshylla, skohylla, bambu stativhylla, 60 x 26 x 66 cm, idealisk f\u00f6r badrum, vardagsrum, hall, k\u00f6k, balkong BCB33Y<\/p>\n","protected":false},"featured_media":39117,"comment_status":"open","ping_status":"closed","template":"","meta":[],"product_brand":[],"product_cat":[33],"product_tag":[],"class_list":{"0":"post-10549","1":"product","2":"type-product","3":"status-publish","4":"has-post-thumbnail","6":"product_cat-okategoriserad","8":"first","9":"instock","10":"shipping-taxable","11":"purchasable","12":"product-type-simple"},"_links":{"self":[{"href":"https:\/\/nordicmart.andreevmaster.com\/sv\/wp-json\/wp\/v2\/product\/10549","targetHints":{"allow":["GET"]}}],"collection":[{"href":"https:\/\/nordicmart.andreevmaster.com\/sv\/wp-json\/wp\/v2\/product"}],"about":[{"href":"https:\/\/nordicmart.andreevmaster.com\/sv\/wp-json\/wp\/v2\/types\/product"}],"replies":[{"embeddable":true,"href":"https:\/\/nordicmart.andreevmaster.com\/sv\/wp-json\/wp\/v2\/comments?post=10549"}],"wp:featuredmedia":[{"embeddable":true,"href":"https:\/\/nordicmart.andreevmaster.com\/sv\/wp-json\/wp\/v2\/media\/39117"}],"wp:attachment":[{"href":"https:\/\/nordicmart.andreevmaster.com\/sv\/wp-json\/wp\/v2\/media?parent=10549"}],"wp:term":[{"taxonomy":"product_brand","embeddable":true,"href":"https:\/\/nordicmart.andreevmaster.com\/sv\/wp-json\/wp\/v2\/product_brand?post=10549"},{"taxonomy":"product_cat","embeddable":true,"href":"https:\/\/nordicmart.andreevmaster.com\/sv\/wp-json\/wp\/v2\/product_cat?post=10549"},{"taxonomy":"product_tag","embeddable":true,"href":"https:\/\/nordicmart.andreevmaster.com\/sv\/wp-json\/wp\/v2\/product_tag?post=10549"}],"curies":[{"name":"wp","href":"https:\/\/api.w.org\/{rel}","templated":true}]}}