{"id":10547,"date":"2026-02-27T00:07:35","date_gmt":"2026-02-27T00:07:35","guid":{"rendered":"https:\/\/nordicmart.andreevmaster.com\/product\/songmics-badrumshylla-med-justerbara-hyllplan\/"},"modified":"2026-02-27T08:03:12","modified_gmt":"2026-02-27T08:03:12","slug":"songmics-badrumshylla-med-justerbara-hyllplan","status":"publish","type":"product","link":"https:\/\/nordicmart.andreevmaster.com\/sv\/produkt\/songmics-badrumshylla-med-justerbara-hyllplan\/","title":{"rendered":"SONGMICS badrumshylla med justerbara hyllplan"},"content":{"rendered":"<p>Detta enkla bambuhyllsystem fr\u00e5n SONGMICS kombinerar stilfull design med praktisk anv\u00e4ndning. Med sin l\u00e4tta vikt och enkla struktur kan det monteras i hallen f\u00f6r dina skor, m\u00f6ssor och halsdukar, i badrummet f\u00f6r schampo, handdukar och andra badrumstillbeh\u00f6r, eller p\u00e5 kontoret f\u00f6r att f\u00f6rvara pappersh\u00f6gar \u2013 m\u00e5nga fler funktioner v\u00e4ntar p\u00e5 att utforskas av dig. Speciellt utvecklade f\u00f6rs\u00e4nkta skruvar skyddar dig och din familj fr\u00e5n repor. SONCMICS \u2013 ditt b\u00e4ttre val f\u00f6r en fantastisk livsstil. Produktdetaljer:  &#8211; Material: bambu &#8211; M\u00e5tt: 60 x 54 x 15 cm (B x H x D) &#8211; F\u00e4rg: Natur Leveransomfattning: &#8211; 1 x badrumshylla &#8211; 1 x instruktioner &#8211; 1 x tillbeh\u00f6rsset SONGICS Anvisningar: &#8211; Se till att v\u00e4ggen \u00e4r fri fr\u00e5n elkablar eller vattenledningar innan du monterar hyllan p\u00e5 v\u00e4ggen. &#8211; Rikta in skruvarna enligt anvisningarna och dra \u00e5t dem f\u00f6rst n\u00e4r monteringen \u00e4r klar. Produktbeskrivning<\/p>\n","protected":false},"excerpt":{"rendered":"<p>SONGMICS bambuhylla, h\u00f6j- och justerbar, 3-hyllig badrumshylla, v\u00e4gghylla, stativhylla, k\u00f6kshylla, bokhylla, 60 x 15 x 54 cm, vit BCB13W<\/p>\n","protected":false},"featured_media":39115,"comment_status":"open","ping_status":"closed","template":"","meta":[],"product_brand":[],"product_cat":[33],"product_tag":[],"class_list":{"0":"post-10547","1":"product","2":"type-product","3":"status-publish","4":"has-post-thumbnail","6":"product_cat-okategoriserad","8":"first","9":"instock","10":"shipping-taxable","11":"purchasable","12":"product-type-simple"},"_links":{"self":[{"href":"https:\/\/nordicmart.andreevmaster.com\/sv\/wp-json\/wp\/v2\/product\/10547","targetHints":{"allow":["GET"]}}],"collection":[{"href":"https:\/\/nordicmart.andreevmaster.com\/sv\/wp-json\/wp\/v2\/product"}],"about":[{"href":"https:\/\/nordicmart.andreevmaster.com\/sv\/wp-json\/wp\/v2\/types\/product"}],"replies":[{"embeddable":true,"href":"https:\/\/nordicmart.andreevmaster.com\/sv\/wp-json\/wp\/v2\/comments?post=10547"}],"wp:featuredmedia":[{"embeddable":true,"href":"https:\/\/nordicmart.andreevmaster.com\/sv\/wp-json\/wp\/v2\/media\/39115"}],"wp:attachment":[{"href":"https:\/\/nordicmart.andreevmaster.com\/sv\/wp-json\/wp\/v2\/media?parent=10547"}],"wp:term":[{"taxonomy":"product_brand","embeddable":true,"href":"https:\/\/nordicmart.andreevmaster.com\/sv\/wp-json\/wp\/v2\/product_brand?post=10547"},{"taxonomy":"product_cat","embeddable":true,"href":"https:\/\/nordicmart.andreevmaster.com\/sv\/wp-json\/wp\/v2\/product_cat?post=10547"},{"taxonomy":"product_tag","embeddable":true,"href":"https:\/\/nordicmart.andreevmaster.com\/sv\/wp-json\/wp\/v2\/product_tag?post=10547"}],"curies":[{"name":"wp","href":"https:\/\/api.w.org\/{rel}","templated":true}]}}