{"id":10545,"date":"2026-02-27T00:07:34","date_gmt":"2026-02-27T00:07:34","guid":{"rendered":"https:\/\/nordicmart.andreevmaster.com\/product\/songmics-justerbar-badrumshylla-med-2-krokar\/"},"modified":"2026-02-27T08:03:12","modified_gmt":"2026-02-27T08:03:12","slug":"songmics-justerbar-badrumshylla-med-2-krokar","status":"publish","type":"product","link":"https:\/\/nordicmart.andreevmaster.com\/sv\/produkt\/songmics-justerbar-badrumshylla-med-2-krokar\/","title":{"rendered":"SONGMICS Justerbar badrumshylla med 2 krokar"},"content":{"rendered":"<p>Montera det p\u00e5 v\u00e4ggen i ditt badrum: Med detta smala och d\u00e4rmed platsbesparande hyllsystem f\u00f6rvandlar du den tomma v\u00e4ggen i ditt badrum till ett f\u00f6rvaringsunderverk: h\u00e4r kan du f\u00f6rvara vardagsf\u00f6rem\u00e5l som ansiktsreng\u00f6ring, tandborstar, rakapparater, schampo, duschgelflaskor, badbomber och eteriska oljor p\u00e5 ett snyggt s\u00e4tt. Dessutom kan du h\u00e4nga upp dina handdukar p\u00e5 st\u00e5ngen l\u00e4ngst ner s\u00e5 att de torkar snabbt. Du kan ocks\u00e5 h\u00e4nga upp dina badsvampar p\u00e5 de extra krokarna. Anv\u00e4nd den i ditt vardagsrum: Kanske saknar ditt vardagsrum just nu en robust f\u00f6rvaringsm\u00f6jlighet \u2013 varf\u00f6r inte prova denna bambuhylla fr\u00e5n SONGMICS? Med den kan du ge ditt hem en touch av naturen. Dessutom passar denna f\u00f6rvaringsl\u00f6sning perfekt ihop med andra m\u00f6bler i ditt hem. Produktdetaljer:F\u00e4rg: Vit, naturf\u00e4rgad Material: Bambu, metall M\u00e5tt: 60,5 x 54 x 20 cm (L x B x H) Vikt: 1,95 kg Max. belastningskapacitet: 25 kg Leveransomfattning: 1 x bambuhylla 2 x krokar 1 x tillbeh\u00f6rsp\u00e5se 1 x bruksanvisning (DE, EN, FR, ES, IT) SONGMICS Anm\u00e4rkningar:Detta hyllst\u00e4ll har en maximal belastningskapacitet p\u00e5 25 kg. Placera inte tyngre f\u00f6rem\u00e5l p\u00e5 produkten f\u00f6r att undvika skador. Reng\u00f6r inte hyllst\u00e4llet direkt med vatten, utan torka av det med en fuktig trasa. Detta f\u00f6rhindrar m\u00f6gelbildning.<\/p>\n","protected":false},"excerpt":{"rendered":"<p>SONGMICS badrumshylla i bambu, med handduksh\u00e4ngare, justerbar v\u00e4gghylla med 2 krokar, multifunktionell, f\u00f6rvaringshylla, organiserare f\u00f6r badrum, vardagsrum, k\u00f6k, vit och naturf\u00e4rgad BCB12WN<\/p>\n","protected":false},"featured_media":39113,"comment_status":"open","ping_status":"closed","template":"","meta":[],"product_brand":[],"product_cat":[33],"product_tag":[],"class_list":{"0":"post-10545","1":"product","2":"type-product","3":"status-publish","4":"has-post-thumbnail","6":"product_cat-okategoriserad","8":"first","9":"instock","10":"shipping-taxable","11":"purchasable","12":"product-type-simple"},"_links":{"self":[{"href":"https:\/\/nordicmart.andreevmaster.com\/sv\/wp-json\/wp\/v2\/product\/10545","targetHints":{"allow":["GET"]}}],"collection":[{"href":"https:\/\/nordicmart.andreevmaster.com\/sv\/wp-json\/wp\/v2\/product"}],"about":[{"href":"https:\/\/nordicmart.andreevmaster.com\/sv\/wp-json\/wp\/v2\/types\/product"}],"replies":[{"embeddable":true,"href":"https:\/\/nordicmart.andreevmaster.com\/sv\/wp-json\/wp\/v2\/comments?post=10545"}],"wp:featuredmedia":[{"embeddable":true,"href":"https:\/\/nordicmart.andreevmaster.com\/sv\/wp-json\/wp\/v2\/media\/39113"}],"wp:attachment":[{"href":"https:\/\/nordicmart.andreevmaster.com\/sv\/wp-json\/wp\/v2\/media?parent=10545"}],"wp:term":[{"taxonomy":"product_brand","embeddable":true,"href":"https:\/\/nordicmart.andreevmaster.com\/sv\/wp-json\/wp\/v2\/product_brand?post=10545"},{"taxonomy":"product_cat","embeddable":true,"href":"https:\/\/nordicmart.andreevmaster.com\/sv\/wp-json\/wp\/v2\/product_cat?post=10545"},{"taxonomy":"product_tag","embeddable":true,"href":"https:\/\/nordicmart.andreevmaster.com\/sv\/wp-json\/wp\/v2\/product_tag?post=10545"}],"curies":[{"name":"wp","href":"https:\/\/api.w.org\/{rel}","templated":true}]}}