{"id":10544,"date":"2026-02-27T00:07:34","date_gmt":"2026-02-27T00:07:34","guid":{"rendered":"https:\/\/nordicmart.andreevmaster.com\/product\/songmics-badkarshylla-i-bambu-vit\/"},"modified":"2026-02-27T08:03:12","modified_gmt":"2026-02-27T08:03:12","slug":"songmics-badkarshylla-i-bambu-vit","status":"publish","type":"product","link":"https:\/\/nordicmart.andreevmaster.com\/sv\/produkt\/songmics-badkarshylla-i-bambu-vit\/","title":{"rendered":"SONGMICS badkarshylla i bambu, vit"},"content":{"rendered":"<p>Produktdetaljer: F\u00e4rg: Vit Material: Bambu Storlek: (75-109) x 23 x 4,5 cm (L x B x H)Vikt: 2,5 kgMax. statisk belastningskapacitet: 3 kgLeveransomfattning:1 x badkarshyllaSONGMICS Anvisningar:Torka av brickan med en fuktig trasa f\u00f6re anv\u00e4ndning f\u00f6r att ta bort utstickande bambufibrer.<\/p>\n","protected":false},"excerpt":{"rendered":"<p>SONGMICS badkarshylla av bambu, utdragbar, justerbar badkarskiva, bricka med dryckesh\u00e5llare, bokst\u00f6d och tv\u00e5lh\u00e5llare, (75-109) x 4,5 x 23 cm (B x H x D) BCB88Y<\/p>\n","protected":false},"featured_media":39112,"comment_status":"open","ping_status":"closed","template":"","meta":[],"product_brand":[],"product_cat":[33],"product_tag":[],"class_list":{"0":"post-10544","1":"product","2":"type-product","3":"status-publish","4":"has-post-thumbnail","6":"product_cat-okategoriserad","8":"first","9":"instock","10":"shipping-taxable","11":"purchasable","12":"product-type-simple"},"_links":{"self":[{"href":"https:\/\/nordicmart.andreevmaster.com\/sv\/wp-json\/wp\/v2\/product\/10544","targetHints":{"allow":["GET"]}}],"collection":[{"href":"https:\/\/nordicmart.andreevmaster.com\/sv\/wp-json\/wp\/v2\/product"}],"about":[{"href":"https:\/\/nordicmart.andreevmaster.com\/sv\/wp-json\/wp\/v2\/types\/product"}],"replies":[{"embeddable":true,"href":"https:\/\/nordicmart.andreevmaster.com\/sv\/wp-json\/wp\/v2\/comments?post=10544"}],"wp:featuredmedia":[{"embeddable":true,"href":"https:\/\/nordicmart.andreevmaster.com\/sv\/wp-json\/wp\/v2\/media\/39112"}],"wp:attachment":[{"href":"https:\/\/nordicmart.andreevmaster.com\/sv\/wp-json\/wp\/v2\/media?parent=10544"}],"wp:term":[{"taxonomy":"product_brand","embeddable":true,"href":"https:\/\/nordicmart.andreevmaster.com\/sv\/wp-json\/wp\/v2\/product_brand?post=10544"},{"taxonomy":"product_cat","embeddable":true,"href":"https:\/\/nordicmart.andreevmaster.com\/sv\/wp-json\/wp\/v2\/product_cat?post=10544"},{"taxonomy":"product_tag","embeddable":true,"href":"https:\/\/nordicmart.andreevmaster.com\/sv\/wp-json\/wp\/v2\/product_tag?post=10544"}],"curies":[{"name":"wp","href":"https:\/\/api.w.org\/{rel}","templated":true}]}}