{"id":10540,"date":"2026-02-27T00:07:33","date_gmt":"2026-02-27T00:07:33","guid":{"rendered":"https:\/\/nordicmart.andreevmaster.com\/product\/songmics-bambuhylla-med-3-hyllplan-naturfargad\/"},"modified":"2026-02-27T08:03:11","modified_gmt":"2026-02-27T08:03:11","slug":"songmics-bambuhylla-med-3-hyllplan-naturfargad","status":"publish","type":"product","link":"https:\/\/nordicmart.andreevmaster.com\/sv\/produkt\/songmics-bambuhylla-med-3-hyllplan-naturfargad\/","title":{"rendered":"SONGMICS bambuhylla med 3 hyllplan, naturf\u00e4rgad"},"content":{"rendered":"<p>Vilken stilfull h\u00f6jdpunkt! Denna moderna hylla \u00e4r tillverkad av naturlig bambu och ger ditt hem en fr\u00e4sch k\u00e4nsla. Den har 3 justerbara hyllplan och erbjuder dig dessutom en flexibel f\u00f6rvaringsplats, samtidigt som den sparar mycket plats tack vare sin smala form. Skaffa denna universalhylla och befria ditt hem fr\u00e5n kaos! Med denna hylla kan ingenting g\u00e5 fel. Bambu \u00e4r inte bara en f\u00f6rnybar r\u00e5vara, utan ocks\u00e5 ett robust, l\u00e4ttsk\u00f6tt och mycket t\u00e5ligt material. Placera denna bambuhylla d\u00e4r du beh\u00f6ver den, s\u00e5 kommer den att vara till stor hj\u00e4lp f\u00f6r f\u00f6rvaring \u2013 i vardagsrummet, sovrummet, arbetsrummet, hallen, k\u00f6ket etc. Produktdetaljer: &#8211; F\u00e4rg: Naturf\u00e4rgad &#8211; Material: Bambu &#8211; Storlek: 45 x 31,5 x 80 cm (L x B x H) &#8211; Vikt: 3,3 kg &#8211; Max. statisk belastningskapacitet per hylla: 15 kg Leveransomfattning: &#8211; 1 x hylla &#8211; 1 x tippskydd &#8211; 1 x tillbeh\u00f6rspaket &#8211; 1 x bruksanvisning (DE, EN, FR, ES, IT) SONGMICS Anm\u00e4rkningar:- Torka av produkten med en fuktig trasa f\u00f6r daglig reng\u00f6ring. &#8211; Denna produkt b\u00f6r f\u00e4stas p\u00e5 v\u00e4ggen med tippskyddet f\u00f6r att f\u00f6rhindra att den v\u00e4lter. &#8211; Placera inte produkten i en fuktig milj\u00f6 under l\u00e4ngre tid. &#8211; Barn f\u00e5r inte kl\u00e4ttra p\u00e5 eller leka med produkten.<\/p>\n","protected":false},"excerpt":{"rendered":"<p>SONGMICS bambu k\u00f6kshylla bredd 45 cm stativhylla bokhylla badrumshylla natur med 3 hyllplan BCB73Y<\/p>\n","protected":false},"featured_media":39108,"comment_status":"open","ping_status":"closed","template":"","meta":[],"product_brand":[],"product_cat":[33],"product_tag":[],"class_list":{"0":"post-10540","1":"product","2":"type-product","3":"status-publish","4":"has-post-thumbnail","6":"product_cat-okategoriserad","8":"first","9":"instock","10":"shipping-taxable","11":"purchasable","12":"product-type-simple"},"_links":{"self":[{"href":"https:\/\/nordicmart.andreevmaster.com\/sv\/wp-json\/wp\/v2\/product\/10540","targetHints":{"allow":["GET"]}}],"collection":[{"href":"https:\/\/nordicmart.andreevmaster.com\/sv\/wp-json\/wp\/v2\/product"}],"about":[{"href":"https:\/\/nordicmart.andreevmaster.com\/sv\/wp-json\/wp\/v2\/types\/product"}],"replies":[{"embeddable":true,"href":"https:\/\/nordicmart.andreevmaster.com\/sv\/wp-json\/wp\/v2\/comments?post=10540"}],"wp:featuredmedia":[{"embeddable":true,"href":"https:\/\/nordicmart.andreevmaster.com\/sv\/wp-json\/wp\/v2\/media\/39108"}],"wp:attachment":[{"href":"https:\/\/nordicmart.andreevmaster.com\/sv\/wp-json\/wp\/v2\/media?parent=10540"}],"wp:term":[{"taxonomy":"product_brand","embeddable":true,"href":"https:\/\/nordicmart.andreevmaster.com\/sv\/wp-json\/wp\/v2\/product_brand?post=10540"},{"taxonomy":"product_cat","embeddable":true,"href":"https:\/\/nordicmart.andreevmaster.com\/sv\/wp-json\/wp\/v2\/product_cat?post=10540"},{"taxonomy":"product_tag","embeddable":true,"href":"https:\/\/nordicmart.andreevmaster.com\/sv\/wp-json\/wp\/v2\/product_tag?post=10540"}],"curies":[{"name":"wp","href":"https:\/\/api.w.org\/{rel}","templated":true}]}}