{"id":10535,"date":"2026-02-27T00:07:33","date_gmt":"2026-02-27T00:07:33","guid":{"rendered":"https:\/\/nordicmart.andreevmaster.com\/product\/songmics-badrumshylla-i-bambu-26-x-60-x-100-cm-vit\/"},"modified":"2026-02-27T08:03:11","modified_gmt":"2026-02-27T08:03:11","slug":"songmics-badrumshylla-i-bambu-26-x-60-x-100-cm-vit","status":"publish","type":"product","link":"https:\/\/nordicmart.andreevmaster.com\/sv\/produkt\/songmics-badrumshylla-i-bambu-26-x-60-x-100-cm-vit\/","title":{"rendered":"SONGMICS badrumshylla i bambu 26 x 60 x 100 cm vit"},"content":{"rendered":"<p>SONGMICS badrumshylla, badrumshylla, k\u00f6kshylla, skohylla, stativhylla av bambu, 26 x 60 x 100 cm, idealisk f\u00f6r badrum, vardagsrum, hall, k\u00f6k, vit-naturf\u00e4rgad BCB034N01<br \/>\nF\u00e4rg: Vit<br \/>\nMaterial: Bambu<br \/>\nStorlek: 26 x 60 x 100 cm (D x B x H)<br \/>\nVikt: 4,7 kg<br \/>\nMax. statisk belastningskapacitet per hylla: 10 kg<\/p>\n","protected":false},"excerpt":{"rendered":"<p>SONGMICS badrumshylla, badrumshylla, k\u00f6kshylla, skohylla, stativhylla av bambu, 26 x 60 x 100 cm, idealisk f\u00f6r badrum, vardagsrum, hall, k\u00f6k, vit-naturf\u00e4rgad BCB034N01<\/p>\n","protected":false},"featured_media":39103,"comment_status":"open","ping_status":"closed","template":"","meta":[],"product_brand":[],"product_cat":[33],"product_tag":[],"class_list":{"0":"post-10535","1":"product","2":"type-product","3":"status-publish","4":"has-post-thumbnail","6":"product_cat-okategoriserad","8":"first","9":"instock","10":"shipping-taxable","11":"purchasable","12":"product-type-simple"},"_links":{"self":[{"href":"https:\/\/nordicmart.andreevmaster.com\/sv\/wp-json\/wp\/v2\/product\/10535","targetHints":{"allow":["GET"]}}],"collection":[{"href":"https:\/\/nordicmart.andreevmaster.com\/sv\/wp-json\/wp\/v2\/product"}],"about":[{"href":"https:\/\/nordicmart.andreevmaster.com\/sv\/wp-json\/wp\/v2\/types\/product"}],"replies":[{"embeddable":true,"href":"https:\/\/nordicmart.andreevmaster.com\/sv\/wp-json\/wp\/v2\/comments?post=10535"}],"wp:featuredmedia":[{"embeddable":true,"href":"https:\/\/nordicmart.andreevmaster.com\/sv\/wp-json\/wp\/v2\/media\/39103"}],"wp:attachment":[{"href":"https:\/\/nordicmart.andreevmaster.com\/sv\/wp-json\/wp\/v2\/media?parent=10535"}],"wp:term":[{"taxonomy":"product_brand","embeddable":true,"href":"https:\/\/nordicmart.andreevmaster.com\/sv\/wp-json\/wp\/v2\/product_brand?post=10535"},{"taxonomy":"product_cat","embeddable":true,"href":"https:\/\/nordicmart.andreevmaster.com\/sv\/wp-json\/wp\/v2\/product_cat?post=10535"},{"taxonomy":"product_tag","embeddable":true,"href":"https:\/\/nordicmart.andreevmaster.com\/sv\/wp-json\/wp\/v2\/product_tag?post=10535"}],"curies":[{"name":"wp","href":"https:\/\/api.w.org\/{rel}","templated":true}]}}