{"id":10533,"date":"2026-02-27T00:07:32","date_gmt":"2026-02-27T00:07:32","guid":{"rendered":"https:\/\/nordicmart.andreevmaster.com\/product\/songmics-duschhylla-95-300-cm\/"},"modified":"2026-02-27T08:03:10","modified_gmt":"2026-02-27T08:03:10","slug":"songmics-duschhylla-95-300-cm","status":"publish","type":"product","link":"https:\/\/nordicmart.andreevmaster.com\/sv\/produkt\/songmics-duschhylla-95-300-cm\/","title":{"rendered":"SONGMICS duschhylla 95\u2013300 cm"},"content":{"rendered":"<p>Varje badrum beh\u00f6ver detta hyllst\u00e4ll: Saknar du f\u00f6rvaringsutrymme d\u00e4r du kan f\u00f6rvara tv\u00e5l, duschgel och ansiktsreng\u00f6ring s\u00e5 att du har dem n\u00e4ra till hands? D\u00e5 b\u00f6r du prova detta duschhyllst\u00e4ll fr\u00e5n SONGMICS! Med 4 hyllplan och en handduksh\u00e4ngare erbjuder detta hyllst\u00e4ll en l\u00e4mplig plats f\u00f6r dina duschartiklar. Dessutom kan dina tv\u00e4ttlappar och svampar h\u00e4ngas upp p\u00e5 krokarna f\u00f6r att torka. Monteringen \u2013 en barnlek! F\u00f6r montering av detta h\u00f6rnhyllst\u00e4ll kr\u00e4vs varken borrning eller verktyg. Koppla bara ihop r\u00f6ren och f\u00e4st de tv\u00e5 f\u00f6tterna, hyllorna och gummiringarna. Sedan kan du f\u00e4sta denna duschhylla i ett h\u00f6rn i badrummet eller p\u00e5 kanten av badkaret. Produktdetaljer: F\u00e4rg: Vit-silver Material: 304 rostfritt st\u00e5l, PP-plast, ABS, PVC L\u00e4mplig h\u00f6jd fr\u00e5n golv till tak: 95\u2013300 cm Fotens diameter: 7 cm Vikt: 1,7 kg Max. statisk belastningskapacitet per hylla: 2 kg Leveransomfattning: 1 x duschhylla 1 x bruksanvisning (DE, EN, FR, ES, IT) SONGMICS Anm\u00e4rkningar: Produkten b\u00f6r inte anv\u00e4ndas p\u00e5 lutande golv eller p\u00e5 en taklutning. Varje hylla har en belastningskapacitet p\u00e5 upp till 2 kg. F\u00f6rvara inte tyngre f\u00f6rem\u00e5l p\u00e5 produkten.<\/p>\n","protected":false},"excerpt":{"rendered":"<p>SONGMICS duschhylla h\u00f6jbar, h\u00f6rnhylla f\u00f6r badrum, badrumshylla, 95\u2013300 cm, fr\u00e5n golv till tak, rostfritt st\u00e5l, 4 hyllplan, 3 krokar, 1 handduksh\u00e4ngare, vit-silver BCB02SW<\/p>\n","protected":false},"featured_media":39101,"comment_status":"open","ping_status":"closed","template":"","meta":[],"product_brand":[],"product_cat":[33],"product_tag":[],"class_list":{"0":"post-10533","1":"product","2":"type-product","3":"status-publish","4":"has-post-thumbnail","6":"product_cat-okategoriserad","8":"first","9":"instock","10":"shipping-taxable","11":"purchasable","12":"product-type-simple"},"_links":{"self":[{"href":"https:\/\/nordicmart.andreevmaster.com\/sv\/wp-json\/wp\/v2\/product\/10533","targetHints":{"allow":["GET"]}}],"collection":[{"href":"https:\/\/nordicmart.andreevmaster.com\/sv\/wp-json\/wp\/v2\/product"}],"about":[{"href":"https:\/\/nordicmart.andreevmaster.com\/sv\/wp-json\/wp\/v2\/types\/product"}],"replies":[{"embeddable":true,"href":"https:\/\/nordicmart.andreevmaster.com\/sv\/wp-json\/wp\/v2\/comments?post=10533"}],"wp:featuredmedia":[{"embeddable":true,"href":"https:\/\/nordicmart.andreevmaster.com\/sv\/wp-json\/wp\/v2\/media\/39101"}],"wp:attachment":[{"href":"https:\/\/nordicmart.andreevmaster.com\/sv\/wp-json\/wp\/v2\/media?parent=10533"}],"wp:term":[{"taxonomy":"product_brand","embeddable":true,"href":"https:\/\/nordicmart.andreevmaster.com\/sv\/wp-json\/wp\/v2\/product_brand?post=10533"},{"taxonomy":"product_cat","embeddable":true,"href":"https:\/\/nordicmart.andreevmaster.com\/sv\/wp-json\/wp\/v2\/product_cat?post=10533"},{"taxonomy":"product_tag","embeddable":true,"href":"https:\/\/nordicmart.andreevmaster.com\/sv\/wp-json\/wp\/v2\/product_tag?post=10533"}],"curies":[{"name":"wp","href":"https:\/\/api.w.org\/{rel}","templated":true}]}}