{"id":10531,"date":"2026-02-27T00:07:32","date_gmt":"2026-02-27T00:07:32","guid":{"rendered":"https:\/\/nordicmart.andreevmaster.com\/product\/bokhylla-med-bambustallning\/"},"modified":"2026-02-27T08:03:10","modified_gmt":"2026-02-27T08:03:10","slug":"bokhylla-med-bambustallning","status":"publish","type":"product","link":"https:\/\/nordicmart.andreevmaster.com\/sv\/produkt\/bokhylla-med-bambustallning\/","title":{"rendered":"Bokhylla med bambust\u00e4llning"},"content":{"rendered":"<p>Estetik m\u00f6ter funktionalitet: N\u00e4r matt svart kombineras med vintagebrunt&#8230; Vad h\u00e4nder d\u00e5? &#8211; Resultatet \u00e4r en elegant stegehylla i industriell design. Dessutom \u00e4r denna 4-v\u00e5ningars hylla multifunktionell och har plats f\u00f6r allt du beh\u00f6ver!<br \/>\nP\u00e5lidelig stabilitet: Ingen \u00f8nsker en vaklende hylde derhjemme. Denne st\u00e5ende hylde er udstyret med en bambusramme, X-b\u00f8jle og robuste hylder &#8211; hvert niveau kan b\u00e6re op til 5 kg.Massor av f\u00f6rvaringsutrymme f\u00f6r dina skatter: Stegen, som blir smalare mot toppen, ger massor av plats f\u00f6r kreativa leksaker: placera gr\u00f6na v\u00e4xter, b\u00f6cker, dekorationer och fotoramar h\u00e4r, s\u00e5 blir denna hylla unik. Tack vare den l\u00e4ttf\u00f6rst\u00e5eliga monteringsanvisningen och de m\u00e4rkta delarna kr\u00e4vs det inte mycket anstr\u00e4ngning f\u00f6r att montera stegehyllan p\u00e5 63 x 34 x 137 cm (L x B x H).<br \/>\nVad du f\u00e5r: En stegehylla med en robust bamburam och robust MDF samt en tydlig monteringsanvisning. S\u00e5 sk\u00e4m bort dig sj\u00e4lv med denna stegehylla och ge dina b\u00f6cker och prydnadsf\u00f6rem\u00e5l en hedersplats!<\/p>\n<p>Produktdetaljer:- F\u00e4rg: Vintage brun-svart- Material: MDF (medium density fibreboard), bambu- Storlek: 63 x 34 x 137 cm (L x B x H)- Vikt: 8,6 kg- Max. statisk belastningskapacitet pr. hylde: 5 kgLeveransomfattning:- 1 x stegehylla- 1 x tillbeh\u00f6rspaket- 1 x tippskydd- 1 x instruktionVASAGLE Anm\u00e4rkningar:- Produkten b\u00f6r inte uts\u00e4ttas f\u00f6r direkt solljus- H\u00e5ll produkten borta fr\u00e5n vassa f\u00f6rem\u00e5l f\u00f6r att undvika skador.<\/p>\n","protected":false},"excerpt":{"rendered":"<p>Estetik m\u00f6ter funktionalitet: N\u00e4r matt svart kombineras med vintagebrunt&#8230; Vad h\u00e4nder d\u00e5? &#8211; Resultatet \u00e4r en elegant stegehylla i industriell design. Dessutom \u00e4r denna 4-v\u00e5ningars hylla multifunktionell och har plats f\u00f6r allt du beh\u00f6ver! P\u00e5lidelig stabilitet: Ingen \u00f8nsker en vaklende hylde derhjemme. Denne st\u00e5ende hylde er udstyret med en bambusramme, X-b\u00f8jle og robuste hylder &#8211; [&hellip;]<\/p>\n","protected":false},"featured_media":0,"comment_status":"open","ping_status":"closed","template":"","meta":[],"product_brand":[],"product_cat":[33],"product_tag":[],"class_list":{"0":"post-10531","1":"product","2":"type-product","3":"status-publish","5":"product_cat-okategoriserad","7":"first","8":"instock","9":"shipping-taxable","10":"product-type-simple"},"_links":{"self":[{"href":"https:\/\/nordicmart.andreevmaster.com\/sv\/wp-json\/wp\/v2\/product\/10531","targetHints":{"allow":["GET"]}}],"collection":[{"href":"https:\/\/nordicmart.andreevmaster.com\/sv\/wp-json\/wp\/v2\/product"}],"about":[{"href":"https:\/\/nordicmart.andreevmaster.com\/sv\/wp-json\/wp\/v2\/types\/product"}],"replies":[{"embeddable":true,"href":"https:\/\/nordicmart.andreevmaster.com\/sv\/wp-json\/wp\/v2\/comments?post=10531"}],"wp:attachment":[{"href":"https:\/\/nordicmart.andreevmaster.com\/sv\/wp-json\/wp\/v2\/media?parent=10531"}],"wp:term":[{"taxonomy":"product_brand","embeddable":true,"href":"https:\/\/nordicmart.andreevmaster.com\/sv\/wp-json\/wp\/v2\/product_brand?post=10531"},{"taxonomy":"product_cat","embeddable":true,"href":"https:\/\/nordicmart.andreevmaster.com\/sv\/wp-json\/wp\/v2\/product_cat?post=10531"},{"taxonomy":"product_tag","embeddable":true,"href":"https:\/\/nordicmart.andreevmaster.com\/sv\/wp-json\/wp\/v2\/product_tag?post=10531"}],"curies":[{"name":"wp","href":"https:\/\/api.w.org\/{rel}","templated":true}]}}