{"id":10529,"date":"2026-02-27T00:07:32","date_gmt":"2026-02-27T00:07:32","guid":{"rendered":"https:\/\/nordicmart.andreevmaster.com\/product\/songmics-badrumsskap-med-3-oppna-fack\/"},"modified":"2026-02-27T08:03:10","modified_gmt":"2026-02-27T08:03:10","slug":"songmics-badrumsskap-med-3-oppna-fack","status":"publish","type":"product","link":"https:\/\/nordicmart.andreevmaster.com\/sv\/produkt\/songmics-badrumsskap-med-3-oppna-fack\/","title":{"rendered":"SONGMICS badrumssk\u00e5p med 3 \u00f6ppna fack"},"content":{"rendered":"<p>M\u00e5ngsidiga f\u00f6rvaringsm\u00f6jligheter: Sk\u00f6nhetsprodukter och badsalt passar perfekt p\u00e5 de \u00f6ppna hyllplan. Reng\u00f6ringsmedel och andra f\u00f6rem\u00e5l g\u00f6mmer du b\u00e4st bakom dubbeld\u00f6rren. St\u00e4ll dessutom en doftljus p\u00e5 den \u00f6versta hyllan f\u00f6r att ge ditt badrum en romantisk atmosf\u00e4r. En riktig allroundm\u00f6bel: Mer \u00e4n bara ett badrumssk\u00e5p! Denna m\u00f6bel passar \u00e4ven i ditt k\u00f6k f\u00f6r f\u00f6rvaring av mikrov\u00e5gsugn och kastruller, och i vardagsrummet f\u00f6r f\u00f6rvaring av b\u00f6cker och fotoramar. Eller anv\u00e4nd sk\u00e5pet i hallen f\u00f6r att f\u00f6rvara nycklar och pl\u00e5nb\u00f6cker inom r\u00e4ckh\u00e5ll. Vad har du f\u00f6r plan? Produktdetaljer: F\u00e4rg: Vit Material: Bambu, MDF (medeldensitetsfiberplatta) Storlek: 70 x 30 x 120 cm (L x B x H) Vikt: 16,3 kg Max. statisk belastningskapacitet per hylla: 15 kg Max. statisk belastningskapacitet f\u00f6r undersk\u00e5pet: 20 kg<\/p>\n","protected":false},"excerpt":{"rendered":"<p>SONGMICS badrumssk\u00e5p, f\u00f6rvaringssk\u00e5p med 3 \u00f6ppna fack och 2 d\u00f6rrar, av bambu, 70 x 30 x 120 cm, vitt BCB010W01<\/p>\n","protected":false},"featured_media":39098,"comment_status":"open","ping_status":"closed","template":"","meta":[],"product_brand":[],"product_cat":[33],"product_tag":[],"class_list":{"0":"post-10529","1":"product","2":"type-product","3":"status-publish","4":"has-post-thumbnail","6":"product_cat-okategoriserad","8":"first","9":"instock","10":"shipping-taxable","11":"purchasable","12":"product-type-simple"},"_links":{"self":[{"href":"https:\/\/nordicmart.andreevmaster.com\/sv\/wp-json\/wp\/v2\/product\/10529","targetHints":{"allow":["GET"]}}],"collection":[{"href":"https:\/\/nordicmart.andreevmaster.com\/sv\/wp-json\/wp\/v2\/product"}],"about":[{"href":"https:\/\/nordicmart.andreevmaster.com\/sv\/wp-json\/wp\/v2\/types\/product"}],"replies":[{"embeddable":true,"href":"https:\/\/nordicmart.andreevmaster.com\/sv\/wp-json\/wp\/v2\/comments?post=10529"}],"wp:featuredmedia":[{"embeddable":true,"href":"https:\/\/nordicmart.andreevmaster.com\/sv\/wp-json\/wp\/v2\/media\/39098"}],"wp:attachment":[{"href":"https:\/\/nordicmart.andreevmaster.com\/sv\/wp-json\/wp\/v2\/media?parent=10529"}],"wp:term":[{"taxonomy":"product_brand","embeddable":true,"href":"https:\/\/nordicmart.andreevmaster.com\/sv\/wp-json\/wp\/v2\/product_brand?post=10529"},{"taxonomy":"product_cat","embeddable":true,"href":"https:\/\/nordicmart.andreevmaster.com\/sv\/wp-json\/wp\/v2\/product_cat?post=10529"},{"taxonomy":"product_tag","embeddable":true,"href":"https:\/\/nordicmart.andreevmaster.com\/sv\/wp-json\/wp\/v2\/product_tag?post=10529"}],"curies":[{"name":"wp","href":"https:\/\/api.w.org\/{rel}","templated":true}]}}