{"id":10527,"date":"2026-02-27T00:07:32","date_gmt":"2026-02-27T00:07:32","guid":{"rendered":"https:\/\/nordicmart.andreevmaster.com\/product\/songmics-duschhylla-totalhojd-80-323-cm-med-4-hyllplan-molnvit\/"},"modified":"2026-02-27T08:03:09","modified_gmt":"2026-02-27T08:03:09","slug":"songmics-duschhylla-totalhojd-80-323-cm-med-4-hyllplan-molnvit","status":"publish","type":"product","link":"https:\/\/nordicmart.andreevmaster.com\/sv\/produkt\/songmics-duschhylla-totalhojd-80-323-cm-med-4-hyllplan-molnvit\/","title":{"rendered":"SONGMICS duschhylla totalh\u00f6jd 80\u2013323 cm med 4 hyllplan molnvit"},"content":{"rendered":"<p>SONGMICS duschhylla, badrumshylla, duschhylla utan borrning, total h\u00f6jd 80\u2013323 cm, med 4 niv\u00e5er, hyllan \u00e4r h\u00f6j- och s\u00e4nkbar, f\u00f6r badrum, bl\u00e4ck svart BCB003B01<br \/>\nF\u00e4rg: Molnvit<br \/>\nMaterial: st\u00e5l, PVC-plast (polyvinylklorid)<br \/>\nStorlek: 26,7 x 35 x (80-323) cm (D x B x H)<br \/>\nVikt: 3,2 kg<br \/>\nMax. statisk belastningskapacitet per hylla: 5 kg Leveransomfattning:<br \/>\n1 x duschhylla<br \/>\n4 x S-krokar<br \/>\n1 x h\u00e4ngande beh\u00e5llare<br \/>\n1 x krok f\u00f6r rakapparat<br \/>\n3 x sj\u00e4lvh\u00e4ftande f\u00e4stdel<br \/>\n1 x bruksanvisning<\/p>\n","protected":false},"excerpt":{"rendered":"<p>SONGMICS duschhylla, badrumshylla, duschhylla utan borrning, total h\u00f6jd 80\u2013323 cm, med 4 niv\u00e5er, hyllan \u00e4r h\u00f6j- och s\u00e4nkbar, f\u00f6r badrum, bl\u00e4ck svart BCB003B01<\/p>\n","protected":false},"featured_media":39096,"comment_status":"open","ping_status":"closed","template":"","meta":[],"product_brand":[],"product_cat":[33],"product_tag":[],"class_list":{"0":"post-10527","1":"product","2":"type-product","3":"status-publish","4":"has-post-thumbnail","6":"product_cat-okategoriserad","8":"first","9":"instock","10":"shipping-taxable","11":"purchasable","12":"product-type-simple"},"_links":{"self":[{"href":"https:\/\/nordicmart.andreevmaster.com\/sv\/wp-json\/wp\/v2\/product\/10527","targetHints":{"allow":["GET"]}}],"collection":[{"href":"https:\/\/nordicmart.andreevmaster.com\/sv\/wp-json\/wp\/v2\/product"}],"about":[{"href":"https:\/\/nordicmart.andreevmaster.com\/sv\/wp-json\/wp\/v2\/types\/product"}],"replies":[{"embeddable":true,"href":"https:\/\/nordicmart.andreevmaster.com\/sv\/wp-json\/wp\/v2\/comments?post=10527"}],"wp:featuredmedia":[{"embeddable":true,"href":"https:\/\/nordicmart.andreevmaster.com\/sv\/wp-json\/wp\/v2\/media\/39096"}],"wp:attachment":[{"href":"https:\/\/nordicmart.andreevmaster.com\/sv\/wp-json\/wp\/v2\/media?parent=10527"}],"wp:term":[{"taxonomy":"product_brand","embeddable":true,"href":"https:\/\/nordicmart.andreevmaster.com\/sv\/wp-json\/wp\/v2\/product_brand?post=10527"},{"taxonomy":"product_cat","embeddable":true,"href":"https:\/\/nordicmart.andreevmaster.com\/sv\/wp-json\/wp\/v2\/product_cat?post=10527"},{"taxonomy":"product_tag","embeddable":true,"href":"https:\/\/nordicmart.andreevmaster.com\/sv\/wp-json\/wp\/v2\/product_tag?post=10527"}],"curies":[{"name":"wp","href":"https:\/\/api.w.org\/{rel}","templated":true}]}}