{"id":10525,"date":"2026-02-27T00:07:31","date_gmt":"2026-02-27T00:07:31","guid":{"rendered":"https:\/\/nordicmart.andreevmaster.com\/product\/songmics-duschhylla-hojdjusterbar-med-4-nivaer-black-svart\/"},"modified":"2026-02-27T08:03:09","modified_gmt":"2026-02-27T08:03:09","slug":"songmics-duschhylla-hojdjusterbar-med-4-nivaer-black-svart","status":"publish","type":"product","link":"https:\/\/nordicmart.andreevmaster.com\/sv\/produkt\/songmics-duschhylla-hojdjusterbar-med-4-nivaer-black-svart\/","title":{"rendered":"SONGMICS duschhylla, h\u00f6jdjusterbar med 4 niv\u00e5er, bl\u00e4ck svart"},"content":{"rendered":"<p>SONGMICS duschhylla, badrumshylla, duschhylla utan borrning, total h\u00f6jd 80\u2013323 cm, med 4 niv\u00e5er, hyllan \u00e4r h\u00f6j- och s\u00e4nkbar, f\u00f6r badrum, bl\u00e4ck svart BCB003B01<br \/>\nF\u00e4rg: bl\u00e4ck svart<br \/>\nMaterial: St\u00e5l, PVC-plast (polyvinylklorid)<br \/>\nStorlek: 26,7 x 35 x (80\u2013323) cm (D x B x H)<br \/>\nVikt: 3,2 kg<br \/>\nMax. statisk belastningskapacitet per hylla: 5 kg<\/p>\n","protected":false},"excerpt":{"rendered":"<p>SONGMICS duschhylla, badrumshylla, duschhylla utan borrning, total h\u00f6jd 80\u2013323 cm, med 4 niv\u00e5er, hyllan \u00e4r h\u00f6j- och s\u00e4nkbar, f\u00f6r badrum, bl\u00e4ck svart BCB003B01<\/p>\n","protected":false},"featured_media":39094,"comment_status":"open","ping_status":"closed","template":"","meta":[],"product_brand":[],"product_cat":[33],"product_tag":[],"class_list":{"0":"post-10525","1":"product","2":"type-product","3":"status-publish","4":"has-post-thumbnail","6":"product_cat-okategoriserad","8":"first","9":"instock","10":"shipping-taxable","11":"purchasable","12":"product-type-simple"},"_links":{"self":[{"href":"https:\/\/nordicmart.andreevmaster.com\/sv\/wp-json\/wp\/v2\/product\/10525","targetHints":{"allow":["GET"]}}],"collection":[{"href":"https:\/\/nordicmart.andreevmaster.com\/sv\/wp-json\/wp\/v2\/product"}],"about":[{"href":"https:\/\/nordicmart.andreevmaster.com\/sv\/wp-json\/wp\/v2\/types\/product"}],"replies":[{"embeddable":true,"href":"https:\/\/nordicmart.andreevmaster.com\/sv\/wp-json\/wp\/v2\/comments?post=10525"}],"wp:featuredmedia":[{"embeddable":true,"href":"https:\/\/nordicmart.andreevmaster.com\/sv\/wp-json\/wp\/v2\/media\/39094"}],"wp:attachment":[{"href":"https:\/\/nordicmart.andreevmaster.com\/sv\/wp-json\/wp\/v2\/media?parent=10525"}],"wp:term":[{"taxonomy":"product_brand","embeddable":true,"href":"https:\/\/nordicmart.andreevmaster.com\/sv\/wp-json\/wp\/v2\/product_brand?post=10525"},{"taxonomy":"product_cat","embeddable":true,"href":"https:\/\/nordicmart.andreevmaster.com\/sv\/wp-json\/wp\/v2\/product_cat?post=10525"},{"taxonomy":"product_tag","embeddable":true,"href":"https:\/\/nordicmart.andreevmaster.com\/sv\/wp-json\/wp\/v2\/product_tag?post=10525"}],"curies":[{"name":"wp","href":"https:\/\/api.w.org\/{rel}","templated":true}]}}