{"id":10523,"date":"2026-02-27T00:07:31","date_gmt":"2026-02-27T00:07:31","guid":{"rendered":"https:\/\/nordicmart.andreevmaster.com\/product\/songmics-duschhylla-med-4-hyllplan-hojdjusterbar-svart\/"},"modified":"2026-02-27T08:03:09","modified_gmt":"2026-02-27T08:03:09","slug":"songmics-duschhylla-med-4-hyllplan-hojdjusterbar-svart","status":"publish","type":"product","link":"https:\/\/nordicmart.andreevmaster.com\/sv\/produkt\/songmics-duschhylla-med-4-hyllplan-hojdjusterbar-svart\/","title":{"rendered":"SONGMICS duschhylla med 4 hyllplan, h\u00f6jdjusterbar, svart"},"content":{"rendered":"<p>SONGMICS duschhylla, 85\u2013305 cm h\u00f6j- och justerbar, badrumshylla med 4 brickor, duschh\u00f6rna, ingen borrning n\u00f6dv\u00e4ndig, vit BCB001A<br \/>\nF\u00e4rg: Vit<br \/>\nMaterial: St\u00e5l, PP-plast<br \/>\nStorlek: 35 x 25 x (85-305) cm (D x B x H)<br \/>\nVikt: 1,6 kg<br \/>\nMax. statisk belastningskapacitet per hylla: 2 kg<br \/>\nMax. statisk belastningskapacitet totalt: 8 kg<\/p>\n","protected":false},"excerpt":{"rendered":"<p>SONGMICS duschhylla, 85\u2013305 cm h\u00f6j- och justerbar, badrumshylla med 4 brickor, duschh\u00f6rna, ingen borrning n\u00f6dv\u00e4ndig, vit BCB001A<\/p>\n","protected":false},"featured_media":39092,"comment_status":"open","ping_status":"closed","template":"","meta":[],"product_brand":[],"product_cat":[33],"product_tag":[],"class_list":{"0":"post-10523","1":"product","2":"type-product","3":"status-publish","4":"has-post-thumbnail","6":"product_cat-okategoriserad","8":"first","9":"instock","10":"shipping-taxable","11":"purchasable","12":"product-type-simple"},"_links":{"self":[{"href":"https:\/\/nordicmart.andreevmaster.com\/sv\/wp-json\/wp\/v2\/product\/10523","targetHints":{"allow":["GET"]}}],"collection":[{"href":"https:\/\/nordicmart.andreevmaster.com\/sv\/wp-json\/wp\/v2\/product"}],"about":[{"href":"https:\/\/nordicmart.andreevmaster.com\/sv\/wp-json\/wp\/v2\/types\/product"}],"replies":[{"embeddable":true,"href":"https:\/\/nordicmart.andreevmaster.com\/sv\/wp-json\/wp\/v2\/comments?post=10523"}],"wp:featuredmedia":[{"embeddable":true,"href":"https:\/\/nordicmart.andreevmaster.com\/sv\/wp-json\/wp\/v2\/media\/39092"}],"wp:attachment":[{"href":"https:\/\/nordicmart.andreevmaster.com\/sv\/wp-json\/wp\/v2\/media?parent=10523"}],"wp:term":[{"taxonomy":"product_brand","embeddable":true,"href":"https:\/\/nordicmart.andreevmaster.com\/sv\/wp-json\/wp\/v2\/product_brand?post=10523"},{"taxonomy":"product_cat","embeddable":true,"href":"https:\/\/nordicmart.andreevmaster.com\/sv\/wp-json\/wp\/v2\/product_cat?post=10523"},{"taxonomy":"product_tag","embeddable":true,"href":"https:\/\/nordicmart.andreevmaster.com\/sv\/wp-json\/wp\/v2\/product_tag?post=10523"}],"curies":[{"name":"wp","href":"https:\/\/api.w.org\/{rel}","templated":true}]}}