{"id":10522,"date":"2026-02-27T00:07:31","date_gmt":"2026-02-27T00:07:31","guid":{"rendered":"https:\/\/nordicmart.andreevmaster.com\/product\/songmics-duschhylla-85-305-cm-vit\/"},"modified":"2026-02-27T08:03:09","modified_gmt":"2026-02-27T08:03:09","slug":"songmics-duschhylla-85-305-cm-vit","status":"publish","type":"product","link":"https:\/\/nordicmart.andreevmaster.com\/sv\/produkt\/songmics-duschhylla-85-305-cm-vit\/","title":{"rendered":"SONGMICS duschhylla 85\u2013305 cm vit"},"content":{"rendered":"<p>Beskrivning: Letar du efter ett s\u00e4tt att \u00e4ntligen rensa badkarskanten fr\u00e5n duschutrustning? Och vill du ocks\u00e5 undvika att borra? D\u00e5 \u00e4r Songmics teleskopiska badrumshylla perfekt f\u00f6r dig! Tack vare teleskopf\u00e4stet kan den enkelt och stadigt kl\u00e4mmas fast mellan golv och tak. Och h\u00f6jden \u00e4r justerbar upp till 3,05 m. Till skillnad fr\u00e5n den gamla versionen har \u00e4ndstyckena en bredare tv\u00e4rsnitt. Du beh\u00f6ver inte oroa dig f\u00f6r att hyllan och dess inneh\u00e5ll ska falla ner. Hyllorna har ocks\u00e5 blivit st\u00f6rre \u00e4n i den gamla versionen, och en av hyllorna har krokar s\u00e5 att \u00e4ven handdukar kan h\u00e4ngas upp. Med den illustrerade instruktionen g\u00e5r monteringen snabbt. St\u00e4ngerna \u00e4r pulverlackerade, vilket ger metallet ett varaktigt skydd. St\u00e5lr\u00f6ren \u00e4r d\u00e4rf\u00f6r rost- och korrosionsbest\u00e4ndiga. Du kan anv\u00e4nda hyllan utan bekymmer i ett fuktigt badrum. Produktdetaljer: &#8211; Material: Pulverlackerat st\u00e5lr\u00f6r + PP &#8211; H\u00f6jdjusterbar: mellan 85-305 cm &#8211; M\u00e5tt p\u00e5 hyllplan: 25, 25, 35 cm (sidl\u00e4ngd p\u00e5 triangeln) &#8211; Vikt: 1,6 kg &#8211; Belastningskapacitet: max. 3 kg\/hylla Leveransomfattning:  &#8211; 1 x teleskopiskt badrumshyllor &#8211; 1 x bruksanvisning (DE, EN, FR, IT, ES)<\/p>\n","protected":false},"excerpt":{"rendered":"<p>SONGMICS duschhylla, 85\u2013305 cm h\u00f6j- och justerbar, badrumshylla med 4 brickor, duschh\u00f6rna, ingen borrning n\u00f6dv\u00e4ndig, vit BCB001A<\/p>\n","protected":false},"featured_media":39091,"comment_status":"open","ping_status":"closed","template":"","meta":[],"product_brand":[],"product_cat":[33],"product_tag":[],"class_list":{"0":"post-10522","1":"product","2":"type-product","3":"status-publish","4":"has-post-thumbnail","6":"product_cat-okategoriserad","8":"first","9":"instock","10":"shipping-taxable","11":"purchasable","12":"product-type-simple"},"_links":{"self":[{"href":"https:\/\/nordicmart.andreevmaster.com\/sv\/wp-json\/wp\/v2\/product\/10522","targetHints":{"allow":["GET"]}}],"collection":[{"href":"https:\/\/nordicmart.andreevmaster.com\/sv\/wp-json\/wp\/v2\/product"}],"about":[{"href":"https:\/\/nordicmart.andreevmaster.com\/sv\/wp-json\/wp\/v2\/types\/product"}],"replies":[{"embeddable":true,"href":"https:\/\/nordicmart.andreevmaster.com\/sv\/wp-json\/wp\/v2\/comments?post=10522"}],"wp:featuredmedia":[{"embeddable":true,"href":"https:\/\/nordicmart.andreevmaster.com\/sv\/wp-json\/wp\/v2\/media\/39091"}],"wp:attachment":[{"href":"https:\/\/nordicmart.andreevmaster.com\/sv\/wp-json\/wp\/v2\/media?parent=10522"}],"wp:term":[{"taxonomy":"product_brand","embeddable":true,"href":"https:\/\/nordicmart.andreevmaster.com\/sv\/wp-json\/wp\/v2\/product_brand?post=10522"},{"taxonomy":"product_cat","embeddable":true,"href":"https:\/\/nordicmart.andreevmaster.com\/sv\/wp-json\/wp\/v2\/product_cat?post=10522"},{"taxonomy":"product_tag","embeddable":true,"href":"https:\/\/nordicmart.andreevmaster.com\/sv\/wp-json\/wp\/v2\/product_tag?post=10522"}],"curies":[{"name":"wp","href":"https:\/\/api.w.org\/{rel}","templated":true}]}}