{"id":10520,"date":"2026-02-27T00:07:31","date_gmt":"2026-02-27T00:07:31","guid":{"rendered":"https:\/\/nordicmart.andreevmaster.com\/product\/songmics-utdragbar-kosmetikspegel-5x\/"},"modified":"2026-02-27T08:03:08","modified_gmt":"2026-02-27T08:03:08","slug":"songmics-utdragbar-kosmetikspegel-5x","status":"publish","type":"product","link":"https:\/\/nordicmart.andreevmaster.com\/sv\/produkt\/songmics-utdragbar-kosmetikspegel-5x\/","title":{"rendered":"SONGMICS Utdragbar kosmetikspegel (5x)"},"content":{"rendered":"<p>Den runda spegeln fr\u00e5n Songmics \u00e4r tillverkad av rostfritt st\u00e5l och m\u00e4ssing. Spegelytan \u00e4r t\u00e4ckt med ett tjockt lager krom. Stabil och h\u00e5llbar. Kosmetikspegeln kan vridas 360\u00b0, vilket g\u00f6r att den kan ses fr\u00e5n alla vinklar. Den kan monteras i badrummet eller sovrummet f\u00f6r att tillgodose dina olika behov. Den kan anv\u00e4ndas p\u00e5 b\u00e5da sidor. En sida med 5-faldig f\u00f6rstoring anv\u00e4nder zoomprincipen inom optiken: f\u00f6rstoring av bilderna, men utan f\u00f6rvr\u00e4ngning. Tack vare f\u00f6rstoringen \u00e4r spegeln perfekt f\u00f6r din dagliga rakning eller sminkning. Den \u00e4r ett bra hj\u00e4lpmedel f\u00f6r hudv\u00e5rd och reng\u00f6ring. Anvisningar: &#8211; Avst\u00e5ndet mellan spegeln och \u00f6gonen b\u00f6r vara inom 15 cm f\u00f6r att f\u00e5 en skarp spegelbild. &#8211; F\u00f6r effektiv reng\u00f6ring, anv\u00e4nd endast en mjuk, torr trasa (t.ex. en glas\u00f6gontrasa). Anv\u00e4nd inte skurmedel eller kemiska reng\u00f6ringsmedel. Produktdetaljer: &#8211; Material: rostfritt st\u00e5l + m\u00e4ssing + glas &#8211; F\u00e4rg: silverf\u00e4rgad &#8211; Spegelytans diameter: 20 cm (8 tum) &#8211; Tjocklek: 2,5 cm &#8211; L\u00e4ngd p\u00e5 fullt utstr\u00e4ckt arm: 28 cm Leveransomfattning: &#8211; 1 x kosmetikspegel &#8211; 1 x f\u00f6rvaringsp\u00e5se &#8211; 1 x bruksanvisning<\/p>\n","protected":false},"excerpt":{"rendered":"<p>SONGMICS 5-faldig+normal kosmetikspegel 8-tums sminkspegel rakspegel hopf\u00e4llbar v\u00e4ggspegel BBM513<\/p>\n","protected":false},"featured_media":39089,"comment_status":"open","ping_status":"closed","template":"","meta":[],"product_brand":[],"product_cat":[33],"product_tag":[],"class_list":{"0":"post-10520","1":"product","2":"type-product","3":"status-publish","4":"has-post-thumbnail","6":"product_cat-okategoriserad","8":"first","9":"instock","10":"shipping-taxable","11":"purchasable","12":"product-type-simple"},"_links":{"self":[{"href":"https:\/\/nordicmart.andreevmaster.com\/sv\/wp-json\/wp\/v2\/product\/10520","targetHints":{"allow":["GET"]}}],"collection":[{"href":"https:\/\/nordicmart.andreevmaster.com\/sv\/wp-json\/wp\/v2\/product"}],"about":[{"href":"https:\/\/nordicmart.andreevmaster.com\/sv\/wp-json\/wp\/v2\/types\/product"}],"replies":[{"embeddable":true,"href":"https:\/\/nordicmart.andreevmaster.com\/sv\/wp-json\/wp\/v2\/comments?post=10520"}],"wp:featuredmedia":[{"embeddable":true,"href":"https:\/\/nordicmart.andreevmaster.com\/sv\/wp-json\/wp\/v2\/media\/39089"}],"wp:attachment":[{"href":"https:\/\/nordicmart.andreevmaster.com\/sv\/wp-json\/wp\/v2\/media?parent=10520"}],"wp:term":[{"taxonomy":"product_brand","embeddable":true,"href":"https:\/\/nordicmart.andreevmaster.com\/sv\/wp-json\/wp\/v2\/product_brand?post=10520"},{"taxonomy":"product_cat","embeddable":true,"href":"https:\/\/nordicmart.andreevmaster.com\/sv\/wp-json\/wp\/v2\/product_cat?post=10520"},{"taxonomy":"product_tag","embeddable":true,"href":"https:\/\/nordicmart.andreevmaster.com\/sv\/wp-json\/wp\/v2\/product_tag?post=10520"}],"curies":[{"name":"wp","href":"https:\/\/api.w.org\/{rel}","templated":true}]}}