{"id":10519,"date":"2026-02-27T00:07:30","date_gmt":"2026-02-27T00:07:30","guid":{"rendered":"https:\/\/nordicmart.andreevmaster.com\/product\/songmics-vridbar-kosmetikspegel-10x\/"},"modified":"2026-02-27T08:03:08","modified_gmt":"2026-02-27T08:03:08","slug":"songmics-vridbar-kosmetikspegel-10x","status":"publish","type":"product","link":"https:\/\/nordicmart.andreevmaster.com\/sv\/produkt\/songmics-vridbar-kosmetikspegel-10x\/","title":{"rendered":"SONGMICS vridbar kosmetikspegel (10x)"},"content":{"rendered":"<p>Den runda stativspegeln fr\u00e5n Songmics \u00e4r tillverkad av rostfritt st\u00e5l och m\u00e4ssing. Stabil och h\u00e5llbar.  Den \u00e4r ett riktigt blickf\u00e5ng!  Kosmetikspegeln \u00e4r av mycket h\u00f6g kvalitet, st\u00e5r stadigt och har en stor  spegelyta. Den kan roteras 360\u00b0 och h\u00e5ller sin position.  Den kan anv\u00e4ndas p\u00e5 b\u00e5da sidor. En sida med 10 g\u00e5ngers f\u00f6rstoring anv\u00e4nder zoomprincipen  inom optiken: f\u00f6rstoring av bilderna, men utan f\u00f6rvr\u00e4ngning. Tack vare f\u00f6rstoringen \u00e4r  spegeln perfekt f\u00f6r din dagliga rakning eller sminkning.  Spegeln \u00e4r ett perfekt val f\u00f6r att f\u00f6rsk\u00f6na ditt badrum och g\u00f6ra ditt liv trevligare.  Anvisningar:  &#8211; Avst\u00e5ndet mellan spegeln och \u00f6gonen b\u00f6r vara inom 10 cm f\u00f6r att f\u00e5 en skarp spegelbild. &#8211; Anv\u00e4nd endast en mjuk, torr trasa (t.ex. en glas\u00f6gontrasa) f\u00f6r effektiv reng\u00f6ring. Anv\u00e4nd inte skurmedel eller kemiska reng\u00f6ringsmedel. Produktdetaljer: &#8211; Material: rostfritt st\u00e5l + m\u00e4ssing + glas &#8211; F\u00e4rg: silverf\u00e4rgad &#8211; Spegelytans diameter: 20 cm (8 tum) &#8211; Stativets diameter: 12 cm &#8211; Tjocklek: 2,5 cm &#8211; H\u00f6jd: 36 cm Leveransomfattning: &#8211; 1 x kosmetikspegel<\/p>\n","protected":false},"excerpt":{"rendered":"<p>SONGMICS Kosmetikspegel 10 g\u00e5nger + normal dubbelsidig bords spegel BBM006<\/p>\n","protected":false},"featured_media":39088,"comment_status":"open","ping_status":"closed","template":"","meta":[],"product_brand":[],"product_cat":[33],"product_tag":[],"class_list":{"0":"post-10519","1":"product","2":"type-product","3":"status-publish","4":"has-post-thumbnail","6":"product_cat-okategoriserad","8":"first","9":"instock","10":"shipping-taxable","11":"purchasable","12":"product-type-simple"},"_links":{"self":[{"href":"https:\/\/nordicmart.andreevmaster.com\/sv\/wp-json\/wp\/v2\/product\/10519","targetHints":{"allow":["GET"]}}],"collection":[{"href":"https:\/\/nordicmart.andreevmaster.com\/sv\/wp-json\/wp\/v2\/product"}],"about":[{"href":"https:\/\/nordicmart.andreevmaster.com\/sv\/wp-json\/wp\/v2\/types\/product"}],"replies":[{"embeddable":true,"href":"https:\/\/nordicmart.andreevmaster.com\/sv\/wp-json\/wp\/v2\/comments?post=10519"}],"wp:featuredmedia":[{"embeddable":true,"href":"https:\/\/nordicmart.andreevmaster.com\/sv\/wp-json\/wp\/v2\/media\/39088"}],"wp:attachment":[{"href":"https:\/\/nordicmart.andreevmaster.com\/sv\/wp-json\/wp\/v2\/media?parent=10519"}],"wp:term":[{"taxonomy":"product_brand","embeddable":true,"href":"https:\/\/nordicmart.andreevmaster.com\/sv\/wp-json\/wp\/v2\/product_brand?post=10519"},{"taxonomy":"product_cat","embeddable":true,"href":"https:\/\/nordicmart.andreevmaster.com\/sv\/wp-json\/wp\/v2\/product_cat?post=10519"},{"taxonomy":"product_tag","embeddable":true,"href":"https:\/\/nordicmart.andreevmaster.com\/sv\/wp-json\/wp\/v2\/product_tag?post=10519"}],"curies":[{"name":"wp","href":"https:\/\/api.w.org\/{rel}","templated":true}]}}