{"id":10517,"date":"2026-02-27T00:07:30","date_gmt":"2026-02-27T00:07:30","guid":{"rendered":"https:\/\/nordicmart.andreevmaster.com\/product\/vasagle-hog-badrumsskap-hog-skap-smalt-badrumsskap\/"},"modified":"2026-02-27T08:03:08","modified_gmt":"2026-02-27T08:03:08","slug":"vasagle-hog-badrumsskap-hog-skap-smalt-badrumsskap","status":"publish","type":"product","link":"https:\/\/nordicmart.andreevmaster.com\/sv\/produkt\/vasagle-hog-badrumsskap-hog-skap-smalt-badrumsskap\/","title":{"rendered":"VASAGLE h\u00f6g badrumssk\u00e5p, h\u00f6g sk\u00e5p, smalt badrumssk\u00e5p"},"content":{"rendered":"<p>H\u00f6g badrumssk\u00e5p, h\u00f6g sk\u00e5p, smalt badrumssk\u00e5p, med l\u00e5dor och h\u00f6jdjusterbar hylla, f\u00f6r sm\u00e5 utrymmen, klassiskt vitt<br \/>\nProduktdetaljer:<br \/>\n&#8211; F\u00e4rg: klassiskt vitt<br \/>\n&#8211; Material: sp\u00e5nskiva<br \/>\n&#8211; Storlek: 40 x 18 x 134,4 cm (D x B x H)<br \/>\n&#8211; Vikt: 15,5 kg<\/p>\n<p>Leveransomfattning:<br \/>\n&#8211; 1 x badrumssk\u00e5p<br \/>\n&#8211; 1 x tillbeh\u00f6rspaket<br \/>\n&#8211; 1 x tippskydd<br \/>\n&#8211; 1 x bruksanvisning<\/p>\n<p>Anvisningar:<br \/>\n&#8211; F\u00e4st badrumssk\u00e5pet p\u00e5 v\u00e4ggen med det medf\u00f6ljande tippskyddet f\u00f6r att garantera s\u00e4ker anv\u00e4ndning.<br \/>\n&#8211; Placera inte badrumssk\u00e5pet i en fuktig milj\u00f6 under en l\u00e4ngre tid f\u00f6r att undvika sprickor och deformationer.<\/p>\n","protected":false},"excerpt":{"rendered":"<p>H\u00f6g badrumssk\u00e5p, h\u00f6g sk\u00e5p, smalt badrumssk\u00e5p, med l\u00e5dor och h\u00f6jdjusterbar hylla, f\u00f6r sm\u00e5 utrymmen, klassiskt vitt<\/p>\n","protected":false},"featured_media":39086,"comment_status":"open","ping_status":"closed","template":"","meta":[],"product_brand":[],"product_cat":[33],"product_tag":[],"class_list":{"0":"post-10517","1":"product","2":"type-product","3":"status-publish","4":"has-post-thumbnail","6":"product_cat-okategoriserad","8":"first","9":"instock","10":"shipping-taxable","11":"purchasable","12":"product-type-simple"},"_links":{"self":[{"href":"https:\/\/nordicmart.andreevmaster.com\/sv\/wp-json\/wp\/v2\/product\/10517","targetHints":{"allow":["GET"]}}],"collection":[{"href":"https:\/\/nordicmart.andreevmaster.com\/sv\/wp-json\/wp\/v2\/product"}],"about":[{"href":"https:\/\/nordicmart.andreevmaster.com\/sv\/wp-json\/wp\/v2\/types\/product"}],"replies":[{"embeddable":true,"href":"https:\/\/nordicmart.andreevmaster.com\/sv\/wp-json\/wp\/v2\/comments?post=10517"}],"wp:featuredmedia":[{"embeddable":true,"href":"https:\/\/nordicmart.andreevmaster.com\/sv\/wp-json\/wp\/v2\/media\/39086"}],"wp:attachment":[{"href":"https:\/\/nordicmart.andreevmaster.com\/sv\/wp-json\/wp\/v2\/media?parent=10517"}],"wp:term":[{"taxonomy":"product_brand","embeddable":true,"href":"https:\/\/nordicmart.andreevmaster.com\/sv\/wp-json\/wp\/v2\/product_brand?post=10517"},{"taxonomy":"product_cat","embeddable":true,"href":"https:\/\/nordicmart.andreevmaster.com\/sv\/wp-json\/wp\/v2\/product_cat?post=10517"},{"taxonomy":"product_tag","embeddable":true,"href":"https:\/\/nordicmart.andreevmaster.com\/sv\/wp-json\/wp\/v2\/product_tag?post=10517"}],"curies":[{"name":"wp","href":"https:\/\/api.w.org\/{rel}","templated":true}]}}