{"id":10514,"date":"2026-02-27T00:07:29","date_gmt":"2026-02-27T00:07:29","guid":{"rendered":"https:\/\/nordicmart.andreevmaster.com\/product\/vasagle-tvattstallsskap-badrumsskap-3-stora-lador\/"},"modified":"2026-02-27T08:03:07","modified_gmt":"2026-02-27T08:03:07","slug":"vasagle-tvattstallsskap-badrumsskap-3-stora-lador","status":"publish","type":"product","link":"https:\/\/nordicmart.andreevmaster.com\/sv\/produkt\/vasagle-tvattstallsskap-badrumsskap-3-stora-lador\/","title":{"rendered":"VASAGLE Tv\u00e4ttst\u00e4llssk\u00e5p, badrumssk\u00e5p, 3 stora l\u00e5dor"},"content":{"rendered":"<p>Undersk\u00e5p f\u00f6r handfat, badrumssk\u00e5p, 3 stora l\u00e5dor, badrumssk\u00e5p, 2 fack bakom d\u00f6rren, med f\u00f6tter, 30 x 70 x 64 cm, vitt<br \/>\nSpecifikationer:<br \/>\n&#8211; Produktm\u00e5tt: 30 x 70 x 64 cm (D x B x H)<br \/>\n&#8211; M\u00e5tt p\u00e5 \u00f6ppningen f\u00f6r sifon: 20 x 15 cm (D x B)<br \/>\n&#8211; Vikt: 18,2 kg<br \/>\n&#8211; Max. statisk b\u00e4rf\u00f6rm\u00e5ga: 91 kg<br \/>\n&#8211; Material: MDF (medeldensitetsfiberplatta)<br \/>\n&#8211; F\u00e4rg: Molnvit-naturbeige<\/p>\n","protected":false},"excerpt":{"rendered":"<p>Undersk\u00e5p f\u00f6r handfat, badrumssk\u00e5p, 3 stora l\u00e5dor, badrumssk\u00e5p, 2 fack bakom d\u00f6rren, med f\u00f6tter, 30 x 70 x 64 cm, vitt<\/p>\n","protected":false},"featured_media":39084,"comment_status":"open","ping_status":"closed","template":"","meta":[],"product_brand":[],"product_cat":[33],"product_tag":[],"class_list":{"0":"post-10514","1":"product","2":"type-product","3":"status-publish","4":"has-post-thumbnail","6":"product_cat-okategoriserad","8":"first","9":"instock","10":"shipping-taxable","11":"purchasable","12":"product-type-simple"},"_links":{"self":[{"href":"https:\/\/nordicmart.andreevmaster.com\/sv\/wp-json\/wp\/v2\/product\/10514","targetHints":{"allow":["GET"]}}],"collection":[{"href":"https:\/\/nordicmart.andreevmaster.com\/sv\/wp-json\/wp\/v2\/product"}],"about":[{"href":"https:\/\/nordicmart.andreevmaster.com\/sv\/wp-json\/wp\/v2\/types\/product"}],"replies":[{"embeddable":true,"href":"https:\/\/nordicmart.andreevmaster.com\/sv\/wp-json\/wp\/v2\/comments?post=10514"}],"wp:featuredmedia":[{"embeddable":true,"href":"https:\/\/nordicmart.andreevmaster.com\/sv\/wp-json\/wp\/v2\/media\/39084"}],"wp:attachment":[{"href":"https:\/\/nordicmart.andreevmaster.com\/sv\/wp-json\/wp\/v2\/media?parent=10514"}],"wp:term":[{"taxonomy":"product_brand","embeddable":true,"href":"https:\/\/nordicmart.andreevmaster.com\/sv\/wp-json\/wp\/v2\/product_brand?post=10514"},{"taxonomy":"product_cat","embeddable":true,"href":"https:\/\/nordicmart.andreevmaster.com\/sv\/wp-json\/wp\/v2\/product_cat?post=10514"},{"taxonomy":"product_tag","embeddable":true,"href":"https:\/\/nordicmart.andreevmaster.com\/sv\/wp-json\/wp\/v2\/product_tag?post=10514"}],"curies":[{"name":"wp","href":"https:\/\/api.w.org\/{rel}","templated":true}]}}