{"id":10513,"date":"2026-02-27T00:07:29","date_gmt":"2026-02-27T00:07:29","guid":{"rendered":"https:\/\/nordicmart.andreevmaster.com\/product\/vasagle-handfatsskap-oppna-fack-badrumsskap\/"},"modified":"2026-02-27T08:03:07","modified_gmt":"2026-02-27T08:03:07","slug":"vasagle-handfatsskap-oppna-fack-badrumsskap","status":"publish","type":"product","link":"https:\/\/nordicmart.andreevmaster.com\/sv\/produkt\/vasagle-handfatsskap-oppna-fack-badrumsskap\/","title":{"rendered":"VASAGLE handfatssk\u00e5p, \u00f6ppna fack, badrumssk\u00e5p"},"content":{"rendered":"<p>VASAGLE tv\u00e4ttst\u00e4llssk\u00e5p, \u00f6ppna fack p\u00e5 ena sidan, kan placeras till h\u00f6ger eller v\u00e4nster, badrumssk\u00e5p, stor \u00f6ppning f\u00f6r sifoner, 30 x 80 x 64 cm<br \/>\nSpecifikationer:<br \/>\n&#8211; Produktm\u00e5tt: 30 x 80 x 64 cm (D x B x H)<br \/>\n&#8211; M\u00e5tt p\u00e5 \u00f6ppningen f\u00f6r sifon: 20 x 15 cm (D x B)<br \/>\n&#8211; Vikt: 22 kg<br \/>\n&#8211; Material: MDF (medeldensitetsfiberplatta)<br \/>\n&#8211; F\u00e4rg: Molnvit<\/p>\n","protected":false},"excerpt":{"rendered":"<p>VASAGLE tv\u00e4ttst\u00e4llssk\u00e5p, \u00f6ppna fack p\u00e5 ena sidan, kan placeras till h\u00f6ger eller v\u00e4nster, badrumssk\u00e5p, stor \u00f6ppning f\u00f6r sifoner, 30 x 80 x 64 cm<\/p>\n","protected":false},"featured_media":39083,"comment_status":"open","ping_status":"closed","template":"","meta":[],"product_brand":[],"product_cat":[33],"product_tag":[],"class_list":{"0":"post-10513","1":"product","2":"type-product","3":"status-publish","4":"has-post-thumbnail","6":"product_cat-okategoriserad","8":"first","9":"instock","10":"shipping-taxable","11":"purchasable","12":"product-type-simple"},"_links":{"self":[{"href":"https:\/\/nordicmart.andreevmaster.com\/sv\/wp-json\/wp\/v2\/product\/10513","targetHints":{"allow":["GET"]}}],"collection":[{"href":"https:\/\/nordicmart.andreevmaster.com\/sv\/wp-json\/wp\/v2\/product"}],"about":[{"href":"https:\/\/nordicmart.andreevmaster.com\/sv\/wp-json\/wp\/v2\/types\/product"}],"replies":[{"embeddable":true,"href":"https:\/\/nordicmart.andreevmaster.com\/sv\/wp-json\/wp\/v2\/comments?post=10513"}],"wp:featuredmedia":[{"embeddable":true,"href":"https:\/\/nordicmart.andreevmaster.com\/sv\/wp-json\/wp\/v2\/media\/39083"}],"wp:attachment":[{"href":"https:\/\/nordicmart.andreevmaster.com\/sv\/wp-json\/wp\/v2\/media?parent=10513"}],"wp:term":[{"taxonomy":"product_brand","embeddable":true,"href":"https:\/\/nordicmart.andreevmaster.com\/sv\/wp-json\/wp\/v2\/product_brand?post=10513"},{"taxonomy":"product_cat","embeddable":true,"href":"https:\/\/nordicmart.andreevmaster.com\/sv\/wp-json\/wp\/v2\/product_cat?post=10513"},{"taxonomy":"product_tag","embeddable":true,"href":"https:\/\/nordicmart.andreevmaster.com\/sv\/wp-json\/wp\/v2\/product_tag?post=10513"}],"curies":[{"name":"wp","href":"https:\/\/api.w.org\/{rel}","templated":true}]}}