{"id":10508,"date":"2026-02-27T00:07:28","date_gmt":"2026-02-27T00:07:28","guid":{"rendered":"https:\/\/nordicmart.andreevmaster.com\/product\/vasagle-hog-skap-for-badrummet-badrumshylla-staende-hog-badrumsskap\/"},"modified":"2026-02-27T08:03:06","modified_gmt":"2026-02-27T08:03:06","slug":"vasagle-hog-skap-for-badrummet-badrumshylla-staende-hog-badrumsskap","status":"publish","type":"product","link":"https:\/\/nordicmart.andreevmaster.com\/sv\/produkt\/vasagle-hog-skap-for-badrummet-badrumshylla-staende-hog-badrumsskap\/","title":{"rendered":"VASAGLE h\u00f6g sk\u00e5p f\u00f6r badrummet, badrumshylla st\u00e5ende, h\u00f6g badrumssk\u00e5p"},"content":{"rendered":"<p>VASAGLE badrumssk\u00e5p, h\u00f6g sk\u00e5p, badrumssk\u00e5p, 3 \u00f6ppna fack, 2 justerbara hyllplan bakom d\u00f6rren, f\u00f6rvaringssk\u00e5p, f\u00f6r badrum, hall, k\u00f6k, vardagsrum, vintagebrunt BBK160X01<br \/>\nSpecifikationer:<br \/>\n&#8211; Produktm\u00e5tt: 40 x 30 x 167 cm (L x B x H)<br \/>\n&#8211; Vikt: 19,3 kg<br \/>\n&#8211; Max. statisk b\u00e4rf\u00f6rm\u00e5ga: 15 kg<br \/>\n&#8211; Material: sp\u00e5nskiva<br \/>\n&#8211; F\u00e4rg: Molnvit<\/p>\n","protected":false},"excerpt":{"rendered":"<p>VASAGLE badrumssk\u00e5p, h\u00f6g sk\u00e5p, badrumssk\u00e5p, 3 \u00f6ppna fack, 2 justerbara hyllplan bakom d\u00f6rren, f\u00f6rvaringssk\u00e5p, f\u00f6r badrum, hall, k\u00f6k, vardagsrum, vintagebrunt BBK160X01<\/p>\n","protected":false},"featured_media":39078,"comment_status":"open","ping_status":"closed","template":"","meta":[],"product_brand":[],"product_cat":[33],"product_tag":[],"class_list":{"0":"post-10508","1":"product","2":"type-product","3":"status-publish","4":"has-post-thumbnail","6":"product_cat-okategoriserad","8":"first","9":"instock","10":"shipping-taxable","11":"purchasable","12":"product-type-simple"},"_links":{"self":[{"href":"https:\/\/nordicmart.andreevmaster.com\/sv\/wp-json\/wp\/v2\/product\/10508","targetHints":{"allow":["GET"]}}],"collection":[{"href":"https:\/\/nordicmart.andreevmaster.com\/sv\/wp-json\/wp\/v2\/product"}],"about":[{"href":"https:\/\/nordicmart.andreevmaster.com\/sv\/wp-json\/wp\/v2\/types\/product"}],"replies":[{"embeddable":true,"href":"https:\/\/nordicmart.andreevmaster.com\/sv\/wp-json\/wp\/v2\/comments?post=10508"}],"wp:featuredmedia":[{"embeddable":true,"href":"https:\/\/nordicmart.andreevmaster.com\/sv\/wp-json\/wp\/v2\/media\/39078"}],"wp:attachment":[{"href":"https:\/\/nordicmart.andreevmaster.com\/sv\/wp-json\/wp\/v2\/media?parent=10508"}],"wp:term":[{"taxonomy":"product_brand","embeddable":true,"href":"https:\/\/nordicmart.andreevmaster.com\/sv\/wp-json\/wp\/v2\/product_brand?post=10508"},{"taxonomy":"product_cat","embeddable":true,"href":"https:\/\/nordicmart.andreevmaster.com\/sv\/wp-json\/wp\/v2\/product_cat?post=10508"},{"taxonomy":"product_tag","embeddable":true,"href":"https:\/\/nordicmart.andreevmaster.com\/sv\/wp-json\/wp\/v2\/product_tag?post=10508"}],"curies":[{"name":"wp","href":"https:\/\/api.w.org\/{rel}","templated":true}]}}