{"id":10500,"date":"2026-02-27T00:07:27","date_gmt":"2026-02-27T00:07:27","guid":{"rendered":"https:\/\/nordicmart.andreevmaster.com\/product\/vasagle-spegelskap-badrumsskap-forvaringsskap-med-3-dorrar\/"},"modified":"2026-02-27T08:03:05","modified_gmt":"2026-02-27T08:03:05","slug":"vasagle-spegelskap-badrumsskap-forvaringsskap-med-3-dorrar","status":"publish","type":"product","link":"https:\/\/nordicmart.andreevmaster.com\/sv\/produkt\/vasagle-spegelskap-badrumsskap-forvaringsskap-med-3-dorrar\/","title":{"rendered":"VASAGLE Spegelsk\u00e5p, badrumssk\u00e5p, f\u00f6rvaringssk\u00e5p med 3 d\u00f6rrar"},"content":{"rendered":"<p>Spegelsk\u00e5p, badrumssk\u00e5p, f\u00f6rvaringssk\u00e5p med 3 d\u00f6rrar, f\u00f6r badrum, 15 x 90 x 60 cm, med justerbara hyllplan, vitt<br \/>\nProduktdetaljer:<br \/>\n&#8211; F\u00e4rg: Vit<br \/>\n&#8211; Material: sp\u00e5nskiva, glas<br \/>\n&#8211; Storlek: 15 x 90 x 60 cm (D x B x H)<br \/>\n&#8211; Vikt: 16 kg<br \/>\n&#8211; Max. total statisk belastningskapacitet: 30 kg<\/p>\n<p>Leveransomfattning:<br \/>\n&#8211; 1 x badrumssk\u00e5p<br \/>\n&#8211; 1 x tillbeh\u00f6rspaket<br \/>\n&#8211; 1 x bruksanvisning<\/p>\n<p>Anm\u00e4rkningar:<br \/>\n&#8211; Produktens maximala statiska belastningskapacitet \u00e4r 30 kg. \u00d6verskrid inte denna maximala vikt.<br \/>\n&#8211; Torka omedelbart bort v\u00e4tskor p\u00e5 ytan med en torr trasa.<\/p>\n","protected":false},"excerpt":{"rendered":"<p>Spegelsk\u00e5p, badrumssk\u00e5p, f\u00f6rvaringssk\u00e5p med 3 d\u00f6rrar, f\u00f6r badrum, 15 x 90 x 60 cm, med justerbara hyllplan, vitt<\/p>\n","protected":false},"featured_media":39070,"comment_status":"open","ping_status":"closed","template":"","meta":[],"product_brand":[],"product_cat":[33],"product_tag":[],"class_list":{"0":"post-10500","1":"product","2":"type-product","3":"status-publish","4":"has-post-thumbnail","6":"product_cat-okategoriserad","8":"first","9":"instock","10":"shipping-taxable","11":"purchasable","12":"product-type-simple"},"_links":{"self":[{"href":"https:\/\/nordicmart.andreevmaster.com\/sv\/wp-json\/wp\/v2\/product\/10500","targetHints":{"allow":["GET"]}}],"collection":[{"href":"https:\/\/nordicmart.andreevmaster.com\/sv\/wp-json\/wp\/v2\/product"}],"about":[{"href":"https:\/\/nordicmart.andreevmaster.com\/sv\/wp-json\/wp\/v2\/types\/product"}],"replies":[{"embeddable":true,"href":"https:\/\/nordicmart.andreevmaster.com\/sv\/wp-json\/wp\/v2\/comments?post=10500"}],"wp:featuredmedia":[{"embeddable":true,"href":"https:\/\/nordicmart.andreevmaster.com\/sv\/wp-json\/wp\/v2\/media\/39070"}],"wp:attachment":[{"href":"https:\/\/nordicmart.andreevmaster.com\/sv\/wp-json\/wp\/v2\/media?parent=10500"}],"wp:term":[{"taxonomy":"product_brand","embeddable":true,"href":"https:\/\/nordicmart.andreevmaster.com\/sv\/wp-json\/wp\/v2\/product_brand?post=10500"},{"taxonomy":"product_cat","embeddable":true,"href":"https:\/\/nordicmart.andreevmaster.com\/sv\/wp-json\/wp\/v2\/product_cat?post=10500"},{"taxonomy":"product_tag","embeddable":true,"href":"https:\/\/nordicmart.andreevmaster.com\/sv\/wp-json\/wp\/v2\/product_tag?post=10500"}],"curies":[{"name":"wp","href":"https:\/\/api.w.org\/{rel}","templated":true}]}}