{"id":10498,"date":"2026-02-27T00:07:26","date_gmt":"2026-02-27T00:07:26","guid":{"rendered":"https:\/\/nordicmart.andreevmaster.com\/product\/vasagle-badrumsskap-for-vaggmontering-med-7-fack-30-x-40-x-160-cm\/"},"modified":"2026-02-27T08:03:05","modified_gmt":"2026-02-27T08:03:05","slug":"vasagle-badrumsskap-for-vaggmontering-med-7-fack-30-x-40-x-160-cm","status":"publish","type":"product","link":"https:\/\/nordicmart.andreevmaster.com\/sv\/produkt\/vasagle-badrumsskap-for-vaggmontering-med-7-fack-30-x-40-x-160-cm\/","title":{"rendered":"VASAGLE badrumssk\u00e5p f\u00f6r v\u00e4ggmontering med 7 fack 30 x 40 x 160 cm"},"content":{"rendered":"<p>VASAGLE badrumssk\u00e5p, h\u00f6gt badrumssk\u00e5p f\u00f6r upph\u00e4ngning, d\u00f6rrar med justerbar \u00f6ppningsriktning, 7 fack, 3 justerbara hyllor, 30 x 40 x 160 cm, molnvit-naturbeige BBK762N01<br \/>\nF\u00e4rg: Molnvit-naturbeige<br \/>\nMaterial: Sp\u00e5nskiva<br \/>\nStorlek: 30 x 40 x 160 cm (D x B x H)<br \/>\nVikt: 23,7 kg<br \/>\nMax. statisk belastningskapacitet per hylla: 15 kg<br \/>\nMax. statisk belastningskapacitet totalt: 105 kg<\/p>\n","protected":false},"excerpt":{"rendered":"<p>VASAGLE badrumssk\u00e5p, h\u00f6gt badrumssk\u00e5p f\u00f6r upph\u00e4ngning, d\u00f6rrar med justerbar \u00f6ppningsriktning, 7 fack, 3 justerbara hyllor, 30 x 40 x 160 cm, molnvit-naturbeige BBK762N01<\/p>\n","protected":false},"featured_media":39068,"comment_status":"open","ping_status":"closed","template":"","meta":[],"product_brand":[],"product_cat":[33],"product_tag":[],"class_list":{"0":"post-10498","1":"product","2":"type-product","3":"status-publish","4":"has-post-thumbnail","6":"product_cat-okategoriserad","8":"first","9":"instock","10":"shipping-taxable","11":"purchasable","12":"product-type-simple"},"_links":{"self":[{"href":"https:\/\/nordicmart.andreevmaster.com\/sv\/wp-json\/wp\/v2\/product\/10498","targetHints":{"allow":["GET"]}}],"collection":[{"href":"https:\/\/nordicmart.andreevmaster.com\/sv\/wp-json\/wp\/v2\/product"}],"about":[{"href":"https:\/\/nordicmart.andreevmaster.com\/sv\/wp-json\/wp\/v2\/types\/product"}],"replies":[{"embeddable":true,"href":"https:\/\/nordicmart.andreevmaster.com\/sv\/wp-json\/wp\/v2\/comments?post=10498"}],"wp:featuredmedia":[{"embeddable":true,"href":"https:\/\/nordicmart.andreevmaster.com\/sv\/wp-json\/wp\/v2\/media\/39068"}],"wp:attachment":[{"href":"https:\/\/nordicmart.andreevmaster.com\/sv\/wp-json\/wp\/v2\/media?parent=10498"}],"wp:term":[{"taxonomy":"product_brand","embeddable":true,"href":"https:\/\/nordicmart.andreevmaster.com\/sv\/wp-json\/wp\/v2\/product_brand?post=10498"},{"taxonomy":"product_cat","embeddable":true,"href":"https:\/\/nordicmart.andreevmaster.com\/sv\/wp-json\/wp\/v2\/product_cat?post=10498"},{"taxonomy":"product_tag","embeddable":true,"href":"https:\/\/nordicmart.andreevmaster.com\/sv\/wp-json\/wp\/v2\/product_tag?post=10498"}],"curies":[{"name":"wp","href":"https:\/\/api.w.org\/{rel}","templated":true}]}}