{"id":10497,"date":"2026-02-27T00:07:26","date_gmt":"2026-02-27T00:07:26","guid":{"rendered":"https:\/\/nordicmart.andreevmaster.com\/product\/vasagle-badrumsskap-med-lador-och-justerbara-hyllor-i-lantlig-stil\/"},"modified":"2026-02-27T08:03:05","modified_gmt":"2026-02-27T08:03:05","slug":"vasagle-badrumsskap-med-lador-och-justerbara-hyllor-i-lantlig-stil","status":"publish","type":"product","link":"https:\/\/nordicmart.andreevmaster.com\/sv\/produkt\/vasagle-badrumsskap-med-lador-och-justerbara-hyllor-i-lantlig-stil\/","title":{"rendered":"VASAGLE badrumssk\u00e5p med l\u00e5dor och justerbara hyllor i lantlig stil"},"content":{"rendered":"<p>VASAGLE LIRY-kollektion \u2013 f\u00f6rvaringssk\u00e5p, badrumssk\u00e5p i lantlig stil, med 4 l\u00e5dor, d\u00f6rr, frist\u00e5ende sk\u00e5p, justerbara hyllor, vintagevit BBK753W01<br \/>\nF\u00e4rg: Vintagevit<br \/>\nMaterial: Sp\u00e5nskiva, MDF (medeldensitetsfiberplatta)<br \/>\nStorlek: 30 x 60 x 80 cm (D x B x H)<br \/>\nVikt: 16,3 kg<br \/>\nMax. statisk belastningskapacitet f\u00f6r bordsskivan: 50 kg<br \/>\nMax. statisk belastningskapacitet f\u00f6r varje l\u00e5da: 5 kg<br \/>\nMax. statisk belastningskapacitet f\u00f6r den justerbara hyllan: 15 kg<\/p>\n","protected":false},"excerpt":{"rendered":"<p>VASAGLE LIRY-kollektion \u2013 f\u00f6rvaringssk\u00e5p, badrumssk\u00e5p i lantlig stil, med 4 l\u00e5dor, d\u00f6rr, frist\u00e5ende sk\u00e5p, justerbara hyllor, vintagevit BBK753W01<\/p>\n","protected":false},"featured_media":39067,"comment_status":"open","ping_status":"closed","template":"","meta":[],"product_brand":[],"product_cat":[33],"product_tag":[],"class_list":{"0":"post-10497","1":"product","2":"type-product","3":"status-publish","4":"has-post-thumbnail","6":"product_cat-okategoriserad","8":"first","9":"instock","10":"shipping-taxable","11":"purchasable","12":"product-type-simple"},"_links":{"self":[{"href":"https:\/\/nordicmart.andreevmaster.com\/sv\/wp-json\/wp\/v2\/product\/10497","targetHints":{"allow":["GET"]}}],"collection":[{"href":"https:\/\/nordicmart.andreevmaster.com\/sv\/wp-json\/wp\/v2\/product"}],"about":[{"href":"https:\/\/nordicmart.andreevmaster.com\/sv\/wp-json\/wp\/v2\/types\/product"}],"replies":[{"embeddable":true,"href":"https:\/\/nordicmart.andreevmaster.com\/sv\/wp-json\/wp\/v2\/comments?post=10497"}],"wp:featuredmedia":[{"embeddable":true,"href":"https:\/\/nordicmart.andreevmaster.com\/sv\/wp-json\/wp\/v2\/media\/39067"}],"wp:attachment":[{"href":"https:\/\/nordicmart.andreevmaster.com\/sv\/wp-json\/wp\/v2\/media?parent=10497"}],"wp:term":[{"taxonomy":"product_brand","embeddable":true,"href":"https:\/\/nordicmart.andreevmaster.com\/sv\/wp-json\/wp\/v2\/product_brand?post=10497"},{"taxonomy":"product_cat","embeddable":true,"href":"https:\/\/nordicmart.andreevmaster.com\/sv\/wp-json\/wp\/v2\/product_cat?post=10497"},{"taxonomy":"product_tag","embeddable":true,"href":"https:\/\/nordicmart.andreevmaster.com\/sv\/wp-json\/wp\/v2\/product_tag?post=10497"}],"curies":[{"name":"wp","href":"https:\/\/api.w.org\/{rel}","templated":true}]}}