{"id":10495,"date":"2026-02-27T00:07:26","date_gmt":"2026-02-27T00:07:26","guid":{"rendered":"https:\/\/nordicmart.andreevmaster.com\/product\/vasagle-badrumsskap-hogt-smalt-klassiskt-vitt\/"},"modified":"2026-02-27T08:03:04","modified_gmt":"2026-02-27T08:03:04","slug":"vasagle-badrumsskap-hogt-smalt-klassiskt-vitt","status":"publish","type":"product","link":"https:\/\/nordicmart.andreevmaster.com\/sv\/produkt\/vasagle-badrumsskap-hogt-smalt-klassiskt-vitt\/","title":{"rendered":"VASAGLE Badrumssk\u00e5p h\u00f6gt smalt klassiskt vitt"},"content":{"rendered":"<p>VASAGLE h\u00f6g badrumssk\u00e5p, h\u00f6g sk\u00e5p, smalt badrumssk\u00e5p, frist\u00e5ende, med l\u00e5dor och h\u00f6j- och s\u00e4nkbar hylla, f\u00f6r sm\u00e5 utrymmen, modernt<br \/>\nF\u00e4rg: klassiskt vitt<br \/>\nMaterial: sp\u00e5nskiva<br \/>\nStorlek: 40 x 18 x 134,4 cm (D x B x H)<br \/>\nVikt: 15,5 kg<\/p>\n","protected":false},"excerpt":{"rendered":"<p>VASAGLE h\u00f6g badrumssk\u00e5p, h\u00f6g sk\u00e5p, smalt badrumssk\u00e5p, frist\u00e5ende, med l\u00e5dor och h\u00f6j- och s\u00e4nkbar hylla, f\u00f6r sm\u00e5 utrymmen, modernt<\/p>\n","protected":false},"featured_media":39065,"comment_status":"open","ping_status":"closed","template":"","meta":[],"product_brand":[],"product_cat":[33],"product_tag":[],"class_list":{"0":"post-10495","1":"product","2":"type-product","3":"status-publish","4":"has-post-thumbnail","6":"product_cat-okategoriserad","8":"first","9":"instock","10":"shipping-taxable","11":"purchasable","12":"product-type-simple"},"_links":{"self":[{"href":"https:\/\/nordicmart.andreevmaster.com\/sv\/wp-json\/wp\/v2\/product\/10495","targetHints":{"allow":["GET"]}}],"collection":[{"href":"https:\/\/nordicmart.andreevmaster.com\/sv\/wp-json\/wp\/v2\/product"}],"about":[{"href":"https:\/\/nordicmart.andreevmaster.com\/sv\/wp-json\/wp\/v2\/types\/product"}],"replies":[{"embeddable":true,"href":"https:\/\/nordicmart.andreevmaster.com\/sv\/wp-json\/wp\/v2\/comments?post=10495"}],"wp:featuredmedia":[{"embeddable":true,"href":"https:\/\/nordicmart.andreevmaster.com\/sv\/wp-json\/wp\/v2\/media\/39065"}],"wp:attachment":[{"href":"https:\/\/nordicmart.andreevmaster.com\/sv\/wp-json\/wp\/v2\/media?parent=10495"}],"wp:term":[{"taxonomy":"product_brand","embeddable":true,"href":"https:\/\/nordicmart.andreevmaster.com\/sv\/wp-json\/wp\/v2\/product_brand?post=10495"},{"taxonomy":"product_cat","embeddable":true,"href":"https:\/\/nordicmart.andreevmaster.com\/sv\/wp-json\/wp\/v2\/product_cat?post=10495"},{"taxonomy":"product_tag","embeddable":true,"href":"https:\/\/nordicmart.andreevmaster.com\/sv\/wp-json\/wp\/v2\/product_tag?post=10495"}],"curies":[{"name":"wp","href":"https:\/\/api.w.org\/{rel}","templated":true}]}}