{"id":10491,"date":"2026-02-27T00:07:25","date_gmt":"2026-02-27T00:07:25","guid":{"rendered":"https:\/\/nordicmart.andreevmaster.com\/product\/vasagle-handfatsskap-med-justerbara-hyllor\/"},"modified":"2026-02-27T08:03:04","modified_gmt":"2026-02-27T08:03:04","slug":"vasagle-handfatsskap-med-justerbara-hyllor","status":"publish","type":"product","link":"https:\/\/nordicmart.andreevmaster.com\/sv\/produkt\/vasagle-handfatsskap-med-justerbara-hyllor\/","title":{"rendered":"VASAGLE handfatssk\u00e5p med justerbara hyllor"},"content":{"rendered":"<p>VASAGLE tv\u00e4ttst\u00e4llssk\u00e5p, undersk\u00e5p, badrumssk\u00e5p, badrumssk\u00e5p med justerbara hyllor, 30 x 90 x 60 cm, med f\u00f6tter, duvgr\u00e5-molnvit BBK507G01<\/p>\n<p>F\u00e4rg: Duvgr\u00e5-molnvit<br \/>\nMaterial: Sp\u00e5nskiva, MDF (medeldensitetsfiberplatta)<br \/>\nStorlek: 30 x 90 x 60 cm (D x B x H)<br \/>\nStorlek p\u00e5 \u00f6ppningen f\u00f6r sifon: 20 x 14,8 cm (D x B)<br \/>\nVikt: 17 kg<br \/>\nMax. statisk belastningskapacitet f\u00f6r t\u00e4ckplattan: 75 kg<br \/>\nMax. statisk belastningskapacitet per hylla: 7,5 kg<\/p>\n","protected":false},"excerpt":{"rendered":"<p>VASAGLE tv\u00e4ttst\u00e4llssk\u00e5p, undersk\u00e5p, badrumssk\u00e5p, badrumssk\u00e5p med justerbara hyllor, 30 x 90 x 60 cm, med f\u00f6tter, duvgr\u00e5-molnvit BBK507G01<\/p>\n","protected":false},"featured_media":39061,"comment_status":"open","ping_status":"closed","template":"","meta":[],"product_brand":[],"product_cat":[33],"product_tag":[],"class_list":{"0":"post-10491","1":"product","2":"type-product","3":"status-publish","4":"has-post-thumbnail","6":"product_cat-okategoriserad","8":"first","9":"instock","10":"shipping-taxable","11":"purchasable","12":"product-type-simple"},"_links":{"self":[{"href":"https:\/\/nordicmart.andreevmaster.com\/sv\/wp-json\/wp\/v2\/product\/10491","targetHints":{"allow":["GET"]}}],"collection":[{"href":"https:\/\/nordicmart.andreevmaster.com\/sv\/wp-json\/wp\/v2\/product"}],"about":[{"href":"https:\/\/nordicmart.andreevmaster.com\/sv\/wp-json\/wp\/v2\/types\/product"}],"replies":[{"embeddable":true,"href":"https:\/\/nordicmart.andreevmaster.com\/sv\/wp-json\/wp\/v2\/comments?post=10491"}],"wp:featuredmedia":[{"embeddable":true,"href":"https:\/\/nordicmart.andreevmaster.com\/sv\/wp-json\/wp\/v2\/media\/39061"}],"wp:attachment":[{"href":"https:\/\/nordicmart.andreevmaster.com\/sv\/wp-json\/wp\/v2\/media?parent=10491"}],"wp:term":[{"taxonomy":"product_brand","embeddable":true,"href":"https:\/\/nordicmart.andreevmaster.com\/sv\/wp-json\/wp\/v2\/product_brand?post=10491"},{"taxonomy":"product_cat","embeddable":true,"href":"https:\/\/nordicmart.andreevmaster.com\/sv\/wp-json\/wp\/v2\/product_cat?post=10491"},{"taxonomy":"product_tag","embeddable":true,"href":"https:\/\/nordicmart.andreevmaster.com\/sv\/wp-json\/wp\/v2\/product_tag?post=10491"}],"curies":[{"name":"wp","href":"https:\/\/api.w.org\/{rel}","templated":true}]}}