{"id":10489,"date":"2026-02-27T00:07:25","date_gmt":"2026-02-27T00:07:25","guid":{"rendered":"https:\/\/nordicmart.andreevmaster.com\/product\/vasagle-tvattstallsskap-med-lador\/"},"modified":"2026-02-27T08:03:03","modified_gmt":"2026-02-27T08:03:03","slug":"vasagle-tvattstallsskap-med-lador","status":"publish","type":"product","link":"https:\/\/nordicmart.andreevmaster.com\/sv\/produkt\/vasagle-tvattstallsskap-med-lador\/","title":{"rendered":"VASAGLE tv\u00e4ttst\u00e4llssk\u00e5p med l\u00e5dor"},"content":{"rendered":"<p>Produktdetaljer: &#8211; F\u00e4rg: Vit &#8211; Material: MDF (medeldensitetsfiberplatta), metallhandtag &#8211; Storlek: 30 x 70 x 64 cm (D x B x H) &#8211; Storlek p\u00e5 \u00f6ppningen f\u00f6r sifon: 20 x 15 cm &#8211; Vikt: 18,7 kg &#8211; Max. statisk belastningskapacitet totalt: 91 kg Leveransomf\u00e5ng: &#8211; 1 x handfatssk\u00e5p &#8211; 2 x tippskydd &#8211; 1 x tillbeh\u00f6rspaket &#8211; 1 x bruksanvisning VASAGLE Anm\u00e4rkningar: &#8211; Av s\u00e4kerhetssk\u00e4l \u00e4r det f\u00f6rbjudet f\u00f6r barn att kl\u00e4ttra p\u00e5 eller leka med produkten. &#8211; F\u00e4st denna produkt p\u00e5 v\u00e4ggen med det medf\u00f6ljande tippskyddet f\u00f6r att garantera s\u00e4ker anv\u00e4ndning.- Produktens maximala statiska belastningskapacitet \u00e4r 91 kg. \u00d6verskrid inte denna maximala vikt. &#8211; Torka omedelbart bort v\u00e4tskor p\u00e5 ytan med en torr trasa.<\/p>\n","protected":false},"excerpt":{"rendered":"<p>VASAGLE handfatssk\u00e5p, badrumssk\u00e5p med 3 stora l\u00e5dor, badrumssk\u00e5p, 2 fack bakom d\u00f6rren, badrumssk\u00e5p med f\u00f6tter, 30 x 70 x 64 cm, vit BBK503W10<\/p>\n","protected":false},"featured_media":0,"comment_status":"open","ping_status":"closed","template":"","meta":[],"product_brand":[],"product_cat":[33],"product_tag":[],"class_list":{"0":"post-10489","1":"product","2":"type-product","3":"status-publish","5":"product_cat-okategoriserad","7":"first","8":"instock","9":"shipping-taxable","10":"purchasable","11":"product-type-simple"},"_links":{"self":[{"href":"https:\/\/nordicmart.andreevmaster.com\/sv\/wp-json\/wp\/v2\/product\/10489","targetHints":{"allow":["GET"]}}],"collection":[{"href":"https:\/\/nordicmart.andreevmaster.com\/sv\/wp-json\/wp\/v2\/product"}],"about":[{"href":"https:\/\/nordicmart.andreevmaster.com\/sv\/wp-json\/wp\/v2\/types\/product"}],"replies":[{"embeddable":true,"href":"https:\/\/nordicmart.andreevmaster.com\/sv\/wp-json\/wp\/v2\/comments?post=10489"}],"wp:attachment":[{"href":"https:\/\/nordicmart.andreevmaster.com\/sv\/wp-json\/wp\/v2\/media?parent=10489"}],"wp:term":[{"taxonomy":"product_brand","embeddable":true,"href":"https:\/\/nordicmart.andreevmaster.com\/sv\/wp-json\/wp\/v2\/product_brand?post=10489"},{"taxonomy":"product_cat","embeddable":true,"href":"https:\/\/nordicmart.andreevmaster.com\/sv\/wp-json\/wp\/v2\/product_cat?post=10489"},{"taxonomy":"product_tag","embeddable":true,"href":"https:\/\/nordicmart.andreevmaster.com\/sv\/wp-json\/wp\/v2\/product_tag?post=10489"}],"curies":[{"name":"wp","href":"https:\/\/api.w.org\/{rel}","templated":true}]}}