{"id":10487,"date":"2026-02-27T00:07:25","date_gmt":"2026-02-27T00:07:25","guid":{"rendered":"https:\/\/nordicmart.andreevmaster.com\/product\/vasagle-tvattstallsskap-med-3-stora-lador\/"},"modified":"2026-02-27T08:03:03","modified_gmt":"2026-02-27T08:03:03","slug":"vasagle-tvattstallsskap-med-3-stora-lador","status":"publish","type":"product","link":"https:\/\/nordicmart.andreevmaster.com\/sv\/produkt\/vasagle-tvattstallsskap-med-3-stora-lador\/","title":{"rendered":"VASAGLE tv\u00e4ttst\u00e4llssk\u00e5p med 3 stora l\u00e5dor"},"content":{"rendered":"<p>VASAGLE handfatssk\u00e5p, badrumssk\u00e5p med 3 stora l\u00e5dor, badrumssk\u00e5p, 2 fack bakom d\u00f6rren, badrumssk\u00e5p med f\u00f6tter, 30 x 70 x 64 cm, vit BBK503W10<br \/>\nF\u00e4rg: Molnvit-naturbeige<br \/>\nMaterial: MDF (medeldensitetsfiberplatta)<br \/>\nStorlek: 30 x 70 x 64 cm (D x B x H)<br \/>\nStorlek p\u00e5 \u00f6ppningen f\u00f6r sifon: 20 x 15 cm (D x B)<br \/>\nVikt: 18,2 kg<br \/>\nMax. total statisk belastningskapacitet: 91 kg<\/p>\n","protected":false},"excerpt":{"rendered":"<p>VASAGLE handfatssk\u00e5p, badrumssk\u00e5p med 3 stora l\u00e5dor, badrumssk\u00e5p, 2 fack bakom d\u00f6rren, badrumssk\u00e5p med f\u00f6tter, 30 x 70 x 64 cm, vit BBK503W10<\/p>\n","protected":false},"featured_media":39058,"comment_status":"open","ping_status":"closed","template":"","meta":[],"product_brand":[],"product_cat":[33],"product_tag":[],"class_list":{"0":"post-10487","1":"product","2":"type-product","3":"status-publish","4":"has-post-thumbnail","6":"product_cat-okategoriserad","8":"first","9":"instock","10":"shipping-taxable","11":"purchasable","12":"product-type-simple"},"_links":{"self":[{"href":"https:\/\/nordicmart.andreevmaster.com\/sv\/wp-json\/wp\/v2\/product\/10487","targetHints":{"allow":["GET"]}}],"collection":[{"href":"https:\/\/nordicmart.andreevmaster.com\/sv\/wp-json\/wp\/v2\/product"}],"about":[{"href":"https:\/\/nordicmart.andreevmaster.com\/sv\/wp-json\/wp\/v2\/types\/product"}],"replies":[{"embeddable":true,"href":"https:\/\/nordicmart.andreevmaster.com\/sv\/wp-json\/wp\/v2\/comments?post=10487"}],"wp:featuredmedia":[{"embeddable":true,"href":"https:\/\/nordicmart.andreevmaster.com\/sv\/wp-json\/wp\/v2\/media\/39058"}],"wp:attachment":[{"href":"https:\/\/nordicmart.andreevmaster.com\/sv\/wp-json\/wp\/v2\/media?parent=10487"}],"wp:term":[{"taxonomy":"product_brand","embeddable":true,"href":"https:\/\/nordicmart.andreevmaster.com\/sv\/wp-json\/wp\/v2\/product_brand?post=10487"},{"taxonomy":"product_cat","embeddable":true,"href":"https:\/\/nordicmart.andreevmaster.com\/sv\/wp-json\/wp\/v2\/product_cat?post=10487"},{"taxonomy":"product_tag","embeddable":true,"href":"https:\/\/nordicmart.andreevmaster.com\/sv\/wp-json\/wp\/v2\/product_tag?post=10487"}],"curies":[{"name":"wp","href":"https:\/\/api.w.org\/{rel}","templated":true}]}}