{"id":10484,"date":"2026-02-27T00:07:24","date_gmt":"2026-02-27T00:07:24","guid":{"rendered":"https:\/\/nordicmart.andreevmaster.com\/product\/vasagle-hangande-tvattstallsskap-med-2-lador\/"},"modified":"2026-02-27T08:03:03","modified_gmt":"2026-02-27T08:03:03","slug":"vasagle-hangande-tvattstallsskap-med-2-lador","status":"publish","type":"product","link":"https:\/\/nordicmart.andreevmaster.com\/sv\/produkt\/vasagle-hangande-tvattstallsskap-med-2-lador\/","title":{"rendered":"VASAGLE H\u00e4ngande tv\u00e4ttst\u00e4llssk\u00e5p med 2 l\u00e5dor"},"content":{"rendered":"<p>VASAGLE H\u00e4ngande handfatssk\u00e5p, tv\u00e4ttst\u00e4llssk\u00e5p med 2 l\u00e5dor, badrumssk\u00e5p, v\u00e4ggsk\u00e5p, h\u00e4ngsk\u00e5p, 40 x 60 x 50 cm, molnvit-naturbeige BBK501K01<br \/>\nF\u00e4rg: Molnvit-naturbeige<br \/>\nMaterial: Sp\u00e5nskiva<br \/>\nStorlek: 40 x 60 x 50 cm (D x B x H)<br \/>\nVikt: 18,7 kg<br \/>\nMax. statisk totalbelastning: 35 kg<\/p>\n","protected":false},"excerpt":{"rendered":"<p>VASAGLE H\u00e4ngande handfatssk\u00e5p, tv\u00e4ttst\u00e4llssk\u00e5p med 2 l\u00e5dor, badrumssk\u00e5p, v\u00e4ggsk\u00e5p, h\u00e4ngsk\u00e5p, 40 x 60 x 50 cm, molnvit-naturbeige BBK501K01<\/p>\n","protected":false},"featured_media":39055,"comment_status":"open","ping_status":"closed","template":"","meta":[],"product_brand":[],"product_cat":[33],"product_tag":[],"class_list":{"0":"post-10484","1":"product","2":"type-product","3":"status-publish","4":"has-post-thumbnail","6":"product_cat-okategoriserad","8":"first","9":"instock","10":"shipping-taxable","11":"purchasable","12":"product-type-simple"},"_links":{"self":[{"href":"https:\/\/nordicmart.andreevmaster.com\/sv\/wp-json\/wp\/v2\/product\/10484","targetHints":{"allow":["GET"]}}],"collection":[{"href":"https:\/\/nordicmart.andreevmaster.com\/sv\/wp-json\/wp\/v2\/product"}],"about":[{"href":"https:\/\/nordicmart.andreevmaster.com\/sv\/wp-json\/wp\/v2\/types\/product"}],"replies":[{"embeddable":true,"href":"https:\/\/nordicmart.andreevmaster.com\/sv\/wp-json\/wp\/v2\/comments?post=10484"}],"wp:featuredmedia":[{"embeddable":true,"href":"https:\/\/nordicmart.andreevmaster.com\/sv\/wp-json\/wp\/v2\/media\/39055"}],"wp:attachment":[{"href":"https:\/\/nordicmart.andreevmaster.com\/sv\/wp-json\/wp\/v2\/media?parent=10484"}],"wp:term":[{"taxonomy":"product_brand","embeddable":true,"href":"https:\/\/nordicmart.andreevmaster.com\/sv\/wp-json\/wp\/v2\/product_brand?post=10484"},{"taxonomy":"product_cat","embeddable":true,"href":"https:\/\/nordicmart.andreevmaster.com\/sv\/wp-json\/wp\/v2\/product_cat?post=10484"},{"taxonomy":"product_tag","embeddable":true,"href":"https:\/\/nordicmart.andreevmaster.com\/sv\/wp-json\/wp\/v2\/product_tag?post=10484"}],"curies":[{"name":"wp","href":"https:\/\/api.w.org\/{rel}","templated":true}]}}