{"id":10483,"date":"2026-02-27T00:07:24","date_gmt":"2026-02-27T00:07:24","guid":{"rendered":"https:\/\/nordicmart.andreevmaster.com\/product\/vasagle-forvaringsskap-med-lamelldorrar\/"},"modified":"2026-02-27T08:03:02","modified_gmt":"2026-02-27T08:03:02","slug":"vasagle-forvaringsskap-med-lamelldorrar","status":"publish","type":"product","link":"https:\/\/nordicmart.andreevmaster.com\/sv\/produkt\/vasagle-forvaringsskap-med-lamelldorrar\/","title":{"rendered":"VASAGLE f\u00f6rvaringssk\u00e5p med lamelld\u00f6rrar"},"content":{"rendered":"<p>S\u00e5 ut\u00f6kar du ditt utrymme Rymlig yta, \u00f6ppet fack, hyllplan bakom d\u00f6rrarna \u2013 detta sk\u00e5p erbjuder dig mycket utrymme f\u00f6r f\u00f6rvaring av dina saker, samtidigt som det tar liten plats tack vare sin kompakta storlek p\u00e5 60 x 30 x 80 cm. St\u00e4ll det i ett litet rum och du kommer att bli f\u00f6rv\u00e5nad \u00f6ver hur mycket f\u00f6rvaringsutrymme som kan skapas. Vilket rum \u00e4r m\u00e5let? Var ska du placera detta sk\u00e5p? I badrummet f\u00f6r handdukar? I k\u00f6ket f\u00f6r k\u00f6ksredskap? I sovrummet f\u00f6r kl\u00e4der? Eller i vardagsrummet f\u00f6r b\u00f6cker? O\u00e4ndliga m\u00f6jligheter v\u00e4ntar p\u00e5 att f\u00f6rverkligas! Produktdetaljer: &#8211; F\u00e4rg: Vintagebrun &#8211; Material: Sp\u00e5nskiva &#8211; Storlek: 60 x 30 x 80 cm (L x B x H) &#8211; Vikt: 15,5 kg &#8211; Max. total statisk belastningskapacitet: 20 kg Leveransomfattning:- 1 x badrumssk\u00e5p &#8211; 1 x tippskydd &#8211; 1 x tillbeh\u00f6rspaket &#8211; 1 x bruksanvisning (DE, FR, EN, ES, IT) VASAGLE Anvisningar: &#8211; Av s\u00e4kerhetssk\u00e4l \u00e4r det f\u00f6rbjudet f\u00f6r barn att kl\u00e4ttra p\u00e5 eller leka med produkten. &#8211; Produktens maximala statiska belastningskapacitet \u00e4r 20 kg. \u00d6verskrid inte denna maximala vikt. &#8211; F\u00e4st produkten p\u00e5 v\u00e4ggen med det medf\u00f6ljande tippskyddet f\u00f6r att garantera s\u00e4ker anv\u00e4ndning. &#8211; L\u00e5t inte produkten komma i kontakt med stora m\u00e4ngder vatten. Torka av ytan med en torr trasa f\u00f6r att ta bort fukt fr\u00e5n produkten. Produktbeskrivning<\/p>\n","protected":false},"excerpt":{"rendered":"<p>VASAGLE badrumssk\u00e5p, badrumssk\u00e5p, 60 x 30 x 80 cm, f\u00f6rvaringssk\u00e5p, lamelld\u00f6rrar, \u00f6ppet fack, justerbara hyllplan, vintagebrunt BBK44BX<\/p>\n","protected":false},"featured_media":39054,"comment_status":"open","ping_status":"closed","template":"","meta":[],"product_brand":[],"product_cat":[33],"product_tag":[],"class_list":{"0":"post-10483","1":"product","2":"type-product","3":"status-publish","4":"has-post-thumbnail","6":"product_cat-okategoriserad","8":"first","9":"instock","10":"shipping-taxable","11":"purchasable","12":"product-type-simple"},"_links":{"self":[{"href":"https:\/\/nordicmart.andreevmaster.com\/sv\/wp-json\/wp\/v2\/product\/10483","targetHints":{"allow":["GET"]}}],"collection":[{"href":"https:\/\/nordicmart.andreevmaster.com\/sv\/wp-json\/wp\/v2\/product"}],"about":[{"href":"https:\/\/nordicmart.andreevmaster.com\/sv\/wp-json\/wp\/v2\/types\/product"}],"replies":[{"embeddable":true,"href":"https:\/\/nordicmart.andreevmaster.com\/sv\/wp-json\/wp\/v2\/comments?post=10483"}],"wp:featuredmedia":[{"embeddable":true,"href":"https:\/\/nordicmart.andreevmaster.com\/sv\/wp-json\/wp\/v2\/media\/39054"}],"wp:attachment":[{"href":"https:\/\/nordicmart.andreevmaster.com\/sv\/wp-json\/wp\/v2\/media?parent=10483"}],"wp:term":[{"taxonomy":"product_brand","embeddable":true,"href":"https:\/\/nordicmart.andreevmaster.com\/sv\/wp-json\/wp\/v2\/product_brand?post=10483"},{"taxonomy":"product_cat","embeddable":true,"href":"https:\/\/nordicmart.andreevmaster.com\/sv\/wp-json\/wp\/v2\/product_cat?post=10483"},{"taxonomy":"product_tag","embeddable":true,"href":"https:\/\/nordicmart.andreevmaster.com\/sv\/wp-json\/wp\/v2\/product_tag?post=10483"}],"curies":[{"name":"wp","href":"https:\/\/api.w.org\/{rel}","templated":true}]}}