{"id":10481,"date":"2026-02-27T00:07:23","date_gmt":"2026-02-27T00:07:23","guid":{"rendered":"https:\/\/nordicmart.andreevmaster.com\/product\/vasagle-badrumsskap-moderne-kerben\/"},"modified":"2026-02-27T08:03:02","modified_gmt":"2026-02-27T08:03:02","slug":"vasagle-badrumsskap-moderne-kerben","status":"publish","type":"product","link":"https:\/\/nordicmart.andreevmaster.com\/sv\/produkt\/vasagle-badrumsskap-moderne-kerben\/","title":{"rendered":"VASAGLE badrumssk\u00e5p \u201dModerne Kerben\u201d"},"content":{"rendered":"<p>Detta dubbeld\u00f6rrssk\u00e5p \u00e4r designat med k\u00e4rlek till detaljer av VASAGLE:s designers och ger liv \u00e5t ett ljust, fr\u00e4scht och h\u00f6gklassigt badrum d\u00e4r du kan k\u00e4nna dig helt bekv\u00e4m. Precis som du vill ha det. Varmt vatten rinner i badkaret, du slappnar av, dina tankar vilar. Men n\u00e4r du kliver ur badkaret och vill ta en handduk ur sk\u00e5pet, skakar det kraftigt, d\u00f6rrarna sm\u00e4ller obehagligt h\u00f6gt och din avslappnade st\u00e4mning \u00e4r borta. Utrustad med g\u00e5ngj\u00e4rnsd\u00e4mpare, nivelleringsf\u00f6tter och tippskyddsbeslag bevarar detta badrumssk\u00e5p din inre frid. Passar alla rum \u00c4ven om det fr\u00e4mst \u00e4r avsett f\u00f6r badrum, passar detta sk\u00e5p med melaminbelagda sp\u00e5nskivor och en gl\u00e4nsande, PVC-belagd MDF-d\u00f6rr ocks\u00e5 perfekt f\u00f6r k\u00f6k, entr\u00e9er eller vardagsrum.Ge ditt badrum den betydelse det f\u00f6rtj\u00e4nar med badrumsm\u00f6bler fr\u00e5n VASAGLE! Ta ocks\u00e5 en titt p\u00e5 &#8221;syskonen&#8221; till detta sideboard f\u00f6r att skapa ett perfekt matchat badrum. Produktdetaljer:- F\u00e4rg: Glansigt vitt (d\u00f6rrar), mattvitt (kropp) &#8211; Material: PVC-belagd MDF (d\u00f6rrar), melaminbelagd sp\u00e5nskiva av klass E1 (kropp), metallhandtag &#8211; Storlek: 60 x 30 x 80 cm (L x B x H) &#8211; Vikt: 20,4 kg &#8211; Max. statisk belastningskapacitet: 60 kg Leveransomfattning: &#8211; 1 x badrumssk\u00e5p med dubbeld\u00f6rr &#8211; 1 x beh\u00e5llare med tillbeh\u00f6r &#8211; 1 x bruksanvisning (DE, EN, FR, ES, IT) VASAGLE Anvisningar:- L\u00e5t inte produkten komma i kontakt med stora m\u00e4ngder vatten. &#8211; S\u00e4kra produkten med hj\u00e4lp av tippskyddet. &#8211; Barn f\u00e5r inte kl\u00e4ttra p\u00e5 eller leka med produkten. &#8211; Ta bort skyddsfilmen p\u00e5 produktens framsida efter montering.<\/p>\n","protected":false},"excerpt":{"rendered":"<p>VASAGLE badrumssk\u00e5p, dubbeld\u00f6rrigt badrumssk\u00e5p, sidobord med justerbara hyllor, f\u00f6r badrum, k\u00f6k eller hall, med d\u00e4mpade g\u00e5ngj\u00e4rn och justerbara f\u00f6tter, 60 x 30 x 80 cm, vitt BBK41WT<\/p>\n","protected":false},"featured_media":39052,"comment_status":"open","ping_status":"closed","template":"","meta":[],"product_brand":[],"product_cat":[33],"product_tag":[],"class_list":{"0":"post-10481","1":"product","2":"type-product","3":"status-publish","4":"has-post-thumbnail","6":"product_cat-okategoriserad","8":"first","9":"instock","10":"shipping-taxable","11":"purchasable","12":"product-type-simple"},"_links":{"self":[{"href":"https:\/\/nordicmart.andreevmaster.com\/sv\/wp-json\/wp\/v2\/product\/10481","targetHints":{"allow":["GET"]}}],"collection":[{"href":"https:\/\/nordicmart.andreevmaster.com\/sv\/wp-json\/wp\/v2\/product"}],"about":[{"href":"https:\/\/nordicmart.andreevmaster.com\/sv\/wp-json\/wp\/v2\/types\/product"}],"replies":[{"embeddable":true,"href":"https:\/\/nordicmart.andreevmaster.com\/sv\/wp-json\/wp\/v2\/comments?post=10481"}],"wp:featuredmedia":[{"embeddable":true,"href":"https:\/\/nordicmart.andreevmaster.com\/sv\/wp-json\/wp\/v2\/media\/39052"}],"wp:attachment":[{"href":"https:\/\/nordicmart.andreevmaster.com\/sv\/wp-json\/wp\/v2\/media?parent=10481"}],"wp:term":[{"taxonomy":"product_brand","embeddable":true,"href":"https:\/\/nordicmart.andreevmaster.com\/sv\/wp-json\/wp\/v2\/product_brand?post=10481"},{"taxonomy":"product_cat","embeddable":true,"href":"https:\/\/nordicmart.andreevmaster.com\/sv\/wp-json\/wp\/v2\/product_cat?post=10481"},{"taxonomy":"product_tag","embeddable":true,"href":"https:\/\/nordicmart.andreevmaster.com\/sv\/wp-json\/wp\/v2\/product_tag?post=10481"}],"curies":[{"name":"wp","href":"https:\/\/api.w.org\/{rel}","templated":true}]}}