{"id":10480,"date":"2026-02-27T00:07:23","date_gmt":"2026-02-27T00:07:23","guid":{"rendered":"https:\/\/nordicmart.andreevmaster.com\/product\/vasagle-sideboard-med-belysning-och-laddningsstation-i-lantlig-stil\/"},"modified":"2026-02-27T08:03:02","modified_gmt":"2026-02-27T08:03:02","slug":"vasagle-sideboard-med-belysning-och-laddningsstation-i-lantlig-stil","status":"publish","type":"product","link":"https:\/\/nordicmart.andreevmaster.com\/sv\/produkt\/vasagle-sideboard-med-belysning-och-laddningsstation-i-lantlig-stil\/","title":{"rendered":"VASAGLE sideboard med belysning och laddningsstation i lantlig stil"},"content":{"rendered":"<p>VASAGLE Sideboard med belysning och laddningsstation, k\u00f6kssk\u00e5p, f\u00f6rvaringssk\u00e5p, med d\u00f6rrar och l\u00e5dor, 39,5 x 106,5 x 180,6 cm, justerbara hyllor, lantlig stil, vintagevit BBK391W02<br \/>\nF\u00e4rg: Vintagevit<br \/>\nMaterial: sp\u00e5nskiva, MDF (medeldensitetsfiberplatta), akryl<br \/>\nStorlek: 39,5 x 106,5 x 180,6 cm (D x B x H)<br \/>\nVikt: 53 kg<br \/>\nMax. statisk belastningskapacitet f\u00f6r hyllan ovanp\u00e5: 9,1 kg<br \/>\nMax. statisk belastningskapacitet f\u00f6r arbetsplattan: 52,2 kg<br \/>\nMax. statisk belastningskapacitet f\u00f6r den st\u00f6rre l\u00e5dan: 6,8 kg<br \/>\nMax. statisk belastningskapacitet f\u00f6r den mindre l\u00e5dan: 4,5 kg<br \/>\nMax. statisk belastningskapacitet f\u00f6r den st\u00f6rre hyllan i det nedre sk\u00e5pet: 31,8 kg<br \/>\nMax. statisk belastningskapacitet f\u00f6r den mindre hyllan i det nedre sk\u00e5pet: 35,9 kg<\/p>\n","protected":false},"excerpt":{"rendered":"<p>VASAGLE Sideboard med belysning och laddningsstation, k\u00f6kssk\u00e5p, f\u00f6rvaringssk\u00e5p, med d\u00f6rrar och l\u00e5dor, 39,5 x 106,5 x 180,6 cm, justerbara hyllor, lantlig stil, vintagevit BBK391W02<\/p>\n","protected":false},"featured_media":0,"comment_status":"open","ping_status":"closed","template":"","meta":[],"product_brand":[],"product_cat":[33],"product_tag":[],"class_list":{"0":"post-10480","1":"product","2":"type-product","3":"status-publish","5":"product_cat-okategoriserad","7":"first","8":"instock","9":"shipping-taxable","10":"purchasable","11":"product-type-simple"},"_links":{"self":[{"href":"https:\/\/nordicmart.andreevmaster.com\/sv\/wp-json\/wp\/v2\/product\/10480","targetHints":{"allow":["GET"]}}],"collection":[{"href":"https:\/\/nordicmart.andreevmaster.com\/sv\/wp-json\/wp\/v2\/product"}],"about":[{"href":"https:\/\/nordicmart.andreevmaster.com\/sv\/wp-json\/wp\/v2\/types\/product"}],"replies":[{"embeddable":true,"href":"https:\/\/nordicmart.andreevmaster.com\/sv\/wp-json\/wp\/v2\/comments?post=10480"}],"wp:attachment":[{"href":"https:\/\/nordicmart.andreevmaster.com\/sv\/wp-json\/wp\/v2\/media?parent=10480"}],"wp:term":[{"taxonomy":"product_brand","embeddable":true,"href":"https:\/\/nordicmart.andreevmaster.com\/sv\/wp-json\/wp\/v2\/product_brand?post=10480"},{"taxonomy":"product_cat","embeddable":true,"href":"https:\/\/nordicmart.andreevmaster.com\/sv\/wp-json\/wp\/v2\/product_cat?post=10480"},{"taxonomy":"product_tag","embeddable":true,"href":"https:\/\/nordicmart.andreevmaster.com\/sv\/wp-json\/wp\/v2\/product_tag?post=10480"}],"curies":[{"name":"wp","href":"https:\/\/api.w.org\/{rel}","templated":true}]}}