{"id":10479,"date":"2026-02-27T00:07:23","date_gmt":"2026-02-27T00:07:23","guid":{"rendered":"https:\/\/nordicmart.andreevmaster.com\/product\/vasagle-koksskap-med-lador-40-x-140-x-80-cm\/"},"modified":"2026-02-27T08:03:02","modified_gmt":"2026-02-27T08:03:02","slug":"vasagle-koksskap-med-lador-40-x-140-x-80-cm","status":"publish","type":"product","link":"https:\/\/nordicmart.andreevmaster.com\/sv\/produkt\/vasagle-koksskap-med-lador-40-x-140-x-80-cm\/","title":{"rendered":"VASAGLE k\u00f6kssk\u00e5p med l\u00e5dor 40 x 140 x 80 cm"},"content":{"rendered":"<p>VASAGLE k\u00f6kssk\u00e5p, sideboard med l\u00e5dor, f\u00f6rvaringssk\u00e5p med d\u00f6rrar, justerbar hylla, lantlig stil, f\u00f6r vardagsrum, k\u00f6k, matsal, vintagevit-honungsbrun BBK341W01<br \/>\n&#8211; F\u00e4rg: Vintagevit-honungsbrun<br \/>\n&#8211; Material: sp\u00e5nskiva, MDF (medeldensitetsfiberplatta), st\u00e5l<br \/>\n&#8211; Storlek: 40 x 140 x 80 cm (D x B x H)<br \/>\n&#8211; Vikt: 38,3 kg<br \/>\n&#8211; Maximal statisk belastningskapacitet f\u00f6r toppskivan: 120 kg<br \/>\n&#8211; Max. statisk belastningskapacitet f\u00f6r varje hylla: 30 kg<\/p>\n","protected":false},"excerpt":{"rendered":"<p>VASAGLE k\u00f6kssk\u00e5p, sideboard med l\u00e5dor, f\u00f6rvaringssk\u00e5p med d\u00f6rrar, justerbar hylla, lantlig stil, f\u00f6r vardagsrum, k\u00f6k, matsal, vintagevit-honungsbrun BBK341W01<\/p>\n","protected":false},"featured_media":0,"comment_status":"open","ping_status":"closed","template":"","meta":[],"product_brand":[],"product_cat":[33],"product_tag":[],"class_list":{"0":"post-10479","1":"product","2":"type-product","3":"status-publish","5":"product_cat-okategoriserad","7":"first","8":"instock","9":"shipping-taxable","10":"purchasable","11":"product-type-simple"},"_links":{"self":[{"href":"https:\/\/nordicmart.andreevmaster.com\/sv\/wp-json\/wp\/v2\/product\/10479","targetHints":{"allow":["GET"]}}],"collection":[{"href":"https:\/\/nordicmart.andreevmaster.com\/sv\/wp-json\/wp\/v2\/product"}],"about":[{"href":"https:\/\/nordicmart.andreevmaster.com\/sv\/wp-json\/wp\/v2\/types\/product"}],"replies":[{"embeddable":true,"href":"https:\/\/nordicmart.andreevmaster.com\/sv\/wp-json\/wp\/v2\/comments?post=10479"}],"wp:attachment":[{"href":"https:\/\/nordicmart.andreevmaster.com\/sv\/wp-json\/wp\/v2\/media?parent=10479"}],"wp:term":[{"taxonomy":"product_brand","embeddable":true,"href":"https:\/\/nordicmart.andreevmaster.com\/sv\/wp-json\/wp\/v2\/product_brand?post=10479"},{"taxonomy":"product_cat","embeddable":true,"href":"https:\/\/nordicmart.andreevmaster.com\/sv\/wp-json\/wp\/v2\/product_cat?post=10479"},{"taxonomy":"product_tag","embeddable":true,"href":"https:\/\/nordicmart.andreevmaster.com\/sv\/wp-json\/wp\/v2\/product_tag?post=10479"}],"curies":[{"name":"wp","href":"https:\/\/api.w.org\/{rel}","templated":true}]}}