{"id":10477,"date":"2026-02-27T00:07:23","date_gmt":"2026-02-27T00:07:23","guid":{"rendered":"https:\/\/nordicmart.andreevmaster.com\/product\/songmics-home-sideboard-med-belysning-och-verktygsfri-teknik\/"},"modified":"2026-02-27T08:03:01","modified_gmt":"2026-02-27T08:03:01","slug":"songmics-home-sideboard-med-belysning-och-verktygsfri-teknik","status":"publish","type":"product","link":"https:\/\/nordicmart.andreevmaster.com\/sv\/produkt\/songmics-home-sideboard-med-belysning-och-verktygsfri-teknik\/","title":{"rendered":"SONGMICS HOME Sideboard med belysning och verktygsfri teknik"},"content":{"rendered":"<p>SONGMICS HOME Supersnabb montering utan verktyg, sideboard med belysning, f\u00f6rvaringssk\u00e5p, TV-sk\u00e5p, glashylla, verktygsfri teknik, naturlig valn\u00f6tsf\u00e4rg-ebenholtsvart BBK372B01<br \/>\nF\u00e4rg: Naturlig valn\u00f6tsf\u00e4rg-ebenholtsvart<br \/>\nMaterial: Sp\u00e5nskiva, MDF (medeldensitetsfiberplatta), glas<br \/>\nStorlek: 39 x 100 x 71 cm (D x B x H)<br \/>\nVikt: 26,8 kg<br \/>\nMax. statisk belastningskapacitet f\u00f6r toppskivan: 54,4 kg<br \/>\nMax. statisk belastningskapacitet f\u00f6r glasplattan: 9,1 kg<br \/>\nMax. statisk belastningskapacitet f\u00f6r varje mellanhylla bakom sk\u00e5pd\u00f6rrarna: 18,1 kg<\/p>\n","protected":false},"excerpt":{"rendered":"<p>SONGMICS HOME Supersnabb montering utan verktyg, sideboard med belysning, f\u00f6rvaringssk\u00e5p, TV-sk\u00e5p, glashylla, verktygsfri teknik, naturlig valn\u00f6tsf\u00e4rg-ebenholtsvart BBK372B01<\/p>\n","protected":false},"featured_media":39050,"comment_status":"open","ping_status":"closed","template":"","meta":[],"product_brand":[],"product_cat":[33],"product_tag":[],"class_list":{"0":"post-10477","1":"product","2":"type-product","3":"status-publish","4":"has-post-thumbnail","6":"product_cat-okategoriserad","8":"first","9":"instock","10":"shipping-taxable","11":"purchasable","12":"product-type-simple"},"_links":{"self":[{"href":"https:\/\/nordicmart.andreevmaster.com\/sv\/wp-json\/wp\/v2\/product\/10477","targetHints":{"allow":["GET"]}}],"collection":[{"href":"https:\/\/nordicmart.andreevmaster.com\/sv\/wp-json\/wp\/v2\/product"}],"about":[{"href":"https:\/\/nordicmart.andreevmaster.com\/sv\/wp-json\/wp\/v2\/types\/product"}],"replies":[{"embeddable":true,"href":"https:\/\/nordicmart.andreevmaster.com\/sv\/wp-json\/wp\/v2\/comments?post=10477"}],"wp:featuredmedia":[{"embeddable":true,"href":"https:\/\/nordicmart.andreevmaster.com\/sv\/wp-json\/wp\/v2\/media\/39050"}],"wp:attachment":[{"href":"https:\/\/nordicmart.andreevmaster.com\/sv\/wp-json\/wp\/v2\/media?parent=10477"}],"wp:term":[{"taxonomy":"product_brand","embeddable":true,"href":"https:\/\/nordicmart.andreevmaster.com\/sv\/wp-json\/wp\/v2\/product_brand?post=10477"},{"taxonomy":"product_cat","embeddable":true,"href":"https:\/\/nordicmart.andreevmaster.com\/sv\/wp-json\/wp\/v2\/product_cat?post=10477"},{"taxonomy":"product_tag","embeddable":true,"href":"https:\/\/nordicmart.andreevmaster.com\/sv\/wp-json\/wp\/v2\/product_tag?post=10477"}],"curies":[{"name":"wp","href":"https:\/\/api.w.org\/{rel}","templated":true}]}}