{"id":10474,"date":"2026-02-27T00:07:22","date_gmt":"2026-02-27T00:07:22","guid":{"rendered":"https:\/\/nordicmart.andreevmaster.com\/product\/vasagle-hogt-koksskap-i-lantlig-stil-med-skjutdorrar-och-hyllor\/"},"modified":"2026-02-27T08:03:01","modified_gmt":"2026-02-27T08:03:01","slug":"vasagle-hogt-koksskap-i-lantlig-stil-med-skjutdorrar-och-hyllor","status":"publish","type":"product","link":"https:\/\/nordicmart.andreevmaster.com\/sv\/produkt\/vasagle-hogt-koksskap-i-lantlig-stil-med-skjutdorrar-och-hyllor\/","title":{"rendered":"VASAGLE H\u00f6gt k\u00f6kssk\u00e5p i lantlig stil med skjutd\u00f6rrar och hyllor"},"content":{"rendered":"<p>VASAGLE k\u00f6kssk\u00e5p, 178,6 cm h\u00f6gt multifunktionssk\u00e5p, lantlig stil, med skjutd\u00f6rrar, l\u00e5da, hylla och justerbara hyllplan, f\u00f6r k\u00f6k och matsal, vintagevit BBK364W02<br \/>\nF\u00e4rg: Vintagevit<br \/>\nMaterial: MDF (medeldensitetsfiberplatta), sp\u00e5nskiva<br \/>\nStorlek: 40 x 80 x 178,6 cm (D x B x H)<br \/>\nVikt: 50,6 kg<br \/>\nMax. statisk totalbelastning: 225 kg<br \/>\nMax. statisk belastningskapacitet f\u00f6r varje justerbar hylla inuti sk\u00e5pen: 22,7 kg<br \/>\nMax. statisk belastningskapacitet f\u00f6r det utdragbara f\u00f6rvaringsfacket: 22,7 kg<br \/>\nMax. statisk belastningskapacitet f\u00f6r varje d\u00f6rrfack: 5 kg<br \/>\nMax. statisk belastningskapacitet f\u00f6r l\u00e5dan: 13,6 kg<\/p>\n","protected":false},"excerpt":{"rendered":"<p>VASAGLE k\u00f6kssk\u00e5p, 178,6 cm h\u00f6gt multifunktionssk\u00e5p, lantlig stil, med skjutd\u00f6rrar, l\u00e5da, hylla och justerbara hyllplan, f\u00f6r k\u00f6k och matsal, vintagevit BBK364W02<\/p>\n","protected":false},"featured_media":39048,"comment_status":"open","ping_status":"closed","template":"","meta":[],"product_brand":[],"product_cat":[33],"product_tag":[],"class_list":{"0":"post-10474","1":"product","2":"type-product","3":"status-publish","4":"has-post-thumbnail","6":"product_cat-okategoriserad","8":"first","9":"instock","10":"shipping-taxable","11":"purchasable","12":"product-type-simple"},"_links":{"self":[{"href":"https:\/\/nordicmart.andreevmaster.com\/sv\/wp-json\/wp\/v2\/product\/10474","targetHints":{"allow":["GET"]}}],"collection":[{"href":"https:\/\/nordicmart.andreevmaster.com\/sv\/wp-json\/wp\/v2\/product"}],"about":[{"href":"https:\/\/nordicmart.andreevmaster.com\/sv\/wp-json\/wp\/v2\/types\/product"}],"replies":[{"embeddable":true,"href":"https:\/\/nordicmart.andreevmaster.com\/sv\/wp-json\/wp\/v2\/comments?post=10474"}],"wp:featuredmedia":[{"embeddable":true,"href":"https:\/\/nordicmart.andreevmaster.com\/sv\/wp-json\/wp\/v2\/media\/39048"}],"wp:attachment":[{"href":"https:\/\/nordicmart.andreevmaster.com\/sv\/wp-json\/wp\/v2\/media?parent=10474"}],"wp:term":[{"taxonomy":"product_brand","embeddable":true,"href":"https:\/\/nordicmart.andreevmaster.com\/sv\/wp-json\/wp\/v2\/product_brand?post=10474"},{"taxonomy":"product_cat","embeddable":true,"href":"https:\/\/nordicmart.andreevmaster.com\/sv\/wp-json\/wp\/v2\/product_cat?post=10474"},{"taxonomy":"product_tag","embeddable":true,"href":"https:\/\/nordicmart.andreevmaster.com\/sv\/wp-json\/wp\/v2\/product_tag?post=10474"}],"curies":[{"name":"wp","href":"https:\/\/api.w.org\/{rel}","templated":true}]}}