{"id":10472,"date":"2026-02-27T00:07:22","date_gmt":"2026-02-27T00:07:22","guid":{"rendered":"https:\/\/nordicmart.andreevmaster.com\/product\/vasagle-sideboard-med-belysning-molnvit\/"},"modified":"2026-02-27T08:03:01","modified_gmt":"2026-02-27T08:03:01","slug":"vasagle-sideboard-med-belysning-molnvit","status":"publish","type":"product","link":"https:\/\/nordicmart.andreevmaster.com\/sv\/produkt\/vasagle-sideboard-med-belysning-molnvit\/","title":{"rendered":"VASAGLE sideboard med belysning molnvit"},"content":{"rendered":"<p>VASAGLE sideboard med belysning, f\u00f6rvaringssk\u00e5p, med d\u00f6rrar och l\u00e5dor, k\u00f6kssk\u00e5p, kaffebar, justerbar hylla, lantlig stil, molnvit BBK363W21<br \/>\nF\u00e4rg: Molnvit<br \/>\nStorlek: 39,7 x 80,4 x 180,3 cm (D x B x H)<br \/>\nVikt: 42,5 kg<\/p>\n","protected":false},"excerpt":{"rendered":"<p>VASAGLE sideboard med belysning, f\u00f6rvaringssk\u00e5p, med d\u00f6rrar och l\u00e5dor, k\u00f6kssk\u00e5p, kaffebar, justerbar hylla, lantlig stil, molnvit BBK363W21<\/p>\n","protected":false},"featured_media":39047,"comment_status":"open","ping_status":"closed","template":"","meta":[],"product_brand":[],"product_cat":[33],"product_tag":[],"class_list":{"0":"post-10472","1":"product","2":"type-product","3":"status-publish","4":"has-post-thumbnail","6":"product_cat-okategoriserad","8":"first","9":"instock","10":"shipping-taxable","11":"purchasable","12":"product-type-simple"},"_links":{"self":[{"href":"https:\/\/nordicmart.andreevmaster.com\/sv\/wp-json\/wp\/v2\/product\/10472","targetHints":{"allow":["GET"]}}],"collection":[{"href":"https:\/\/nordicmart.andreevmaster.com\/sv\/wp-json\/wp\/v2\/product"}],"about":[{"href":"https:\/\/nordicmart.andreevmaster.com\/sv\/wp-json\/wp\/v2\/types\/product"}],"replies":[{"embeddable":true,"href":"https:\/\/nordicmart.andreevmaster.com\/sv\/wp-json\/wp\/v2\/comments?post=10472"}],"wp:featuredmedia":[{"embeddable":true,"href":"https:\/\/nordicmart.andreevmaster.com\/sv\/wp-json\/wp\/v2\/media\/39047"}],"wp:attachment":[{"href":"https:\/\/nordicmart.andreevmaster.com\/sv\/wp-json\/wp\/v2\/media?parent=10472"}],"wp:term":[{"taxonomy":"product_brand","embeddable":true,"href":"https:\/\/nordicmart.andreevmaster.com\/sv\/wp-json\/wp\/v2\/product_brand?post=10472"},{"taxonomy":"product_cat","embeddable":true,"href":"https:\/\/nordicmart.andreevmaster.com\/sv\/wp-json\/wp\/v2\/product_cat?post=10472"},{"taxonomy":"product_tag","embeddable":true,"href":"https:\/\/nordicmart.andreevmaster.com\/sv\/wp-json\/wp\/v2\/product_tag?post=10472"}],"curies":[{"name":"wp","href":"https:\/\/api.w.org\/{rel}","templated":true}]}}