{"id":10468,"date":"2026-02-27T00:07:21","date_gmt":"2026-02-27T00:07:21","guid":{"rendered":"https:\/\/nordicmart.andreevmaster.com\/product\/vasagle-koksskap-med-lador-och-dorrar-molnvit-honungsbrun\/"},"modified":"2026-02-27T08:03:00","modified_gmt":"2026-02-27T08:03:00","slug":"vasagle-koksskap-med-lador-och-dorrar-molnvit-honungsbrun","status":"publish","type":"product","link":"https:\/\/nordicmart.andreevmaster.com\/sv\/produkt\/vasagle-koksskap-med-lador-och-dorrar-molnvit-honungsbrun\/","title":{"rendered":"VASAGLE k\u00f6kssk\u00e5p med l\u00e5dor och d\u00f6rrar molnvit-honungsbrun"},"content":{"rendered":"<p>VASAGLE k\u00f6kssk\u00e5p, sideboard med l\u00e5dor, f\u00f6rvaringssk\u00e5p med d\u00f6rrar, justerbar hylla, lantlig stil, f\u00f6r vardagsrum, k\u00f6k, matsal, vintagevit-honungsbrun BBK341W01<br \/>\nF\u00e4rg: Molnvit-honungsbrun<br \/>\nMaterial: MDF (medeldensitetsfiberplatta), sp\u00e5nskiva, st\u00e5l<br \/>\nStorlek: 40 x 80 x 80 cm (D x B x H)<br \/>\nVikt: 25,7 kg<br \/>\nMax. statisk belastningskapacitet f\u00f6r den \u00f6vre plattan: 75 kg<br \/>\nMax. statisk belastningskapacitet f\u00f6r l\u00e5dan: 9,1 kg<br \/>\nMax. statisk belastningskapacitet f\u00f6r den justerbara hyllan: 22,7 kg<\/p>\n","protected":false},"excerpt":{"rendered":"<p>VASAGLE k\u00f6kssk\u00e5p, sideboard med l\u00e5dor, f\u00f6rvaringssk\u00e5p med d\u00f6rrar, justerbar hylla, lantlig stil, f\u00f6r vardagsrum, k\u00f6k, matsal, vintagevit-honungsbrun BBK341W01<\/p>\n","protected":false},"featured_media":0,"comment_status":"open","ping_status":"closed","template":"","meta":[],"product_brand":[],"product_cat":[33],"product_tag":[],"class_list":{"0":"post-10468","1":"product","2":"type-product","3":"status-publish","5":"product_cat-okategoriserad","7":"first","8":"instock","9":"shipping-taxable","10":"purchasable","11":"product-type-simple"},"_links":{"self":[{"href":"https:\/\/nordicmart.andreevmaster.com\/sv\/wp-json\/wp\/v2\/product\/10468","targetHints":{"allow":["GET"]}}],"collection":[{"href":"https:\/\/nordicmart.andreevmaster.com\/sv\/wp-json\/wp\/v2\/product"}],"about":[{"href":"https:\/\/nordicmart.andreevmaster.com\/sv\/wp-json\/wp\/v2\/types\/product"}],"replies":[{"embeddable":true,"href":"https:\/\/nordicmart.andreevmaster.com\/sv\/wp-json\/wp\/v2\/comments?post=10468"}],"wp:attachment":[{"href":"https:\/\/nordicmart.andreevmaster.com\/sv\/wp-json\/wp\/v2\/media?parent=10468"}],"wp:term":[{"taxonomy":"product_brand","embeddable":true,"href":"https:\/\/nordicmart.andreevmaster.com\/sv\/wp-json\/wp\/v2\/product_brand?post=10468"},{"taxonomy":"product_cat","embeddable":true,"href":"https:\/\/nordicmart.andreevmaster.com\/sv\/wp-json\/wp\/v2\/product_cat?post=10468"},{"taxonomy":"product_tag","embeddable":true,"href":"https:\/\/nordicmart.andreevmaster.com\/sv\/wp-json\/wp\/v2\/product_tag?post=10468"}],"curies":[{"name":"wp","href":"https:\/\/api.w.org\/{rel}","templated":true}]}}