{"id":10466,"date":"2026-02-27T00:07:20","date_gmt":"2026-02-27T00:07:20","guid":{"rendered":"https:\/\/nordicmart.andreevmaster.com\/product\/vasagle-smalt-badrumsskap-med-dorr-och-hylla-for-sma-badrum\/"},"modified":"2026-02-27T08:03:00","modified_gmt":"2026-02-27T08:03:00","slug":"vasagle-smalt-badrumsskap-med-dorr-och-hylla-for-sma-badrum","status":"publish","type":"product","link":"https:\/\/nordicmart.andreevmaster.com\/sv\/produkt\/vasagle-smalt-badrumsskap-med-dorr-och-hylla-for-sma-badrum\/","title":{"rendered":"VASAGLE smalt badrumssk\u00e5p med d\u00f6rr och hylla f\u00f6r sm\u00e5 badrum"},"content":{"rendered":"<p>VASAGLE Litet badrumssk\u00e5p, smalt badrumssk\u00e5p, st\u00e5ende, med d\u00f6rr och hylla, litet sk\u00e5p f\u00f6r toalettpapper, toalettsk\u00e5p, justerbara hyllor, 20 x 18 x 80 cm, honungsbrunt, BBK310K01<br \/>\nF\u00e4rg: honungsbrun<br \/>\nMaterial: MDF (medeldensitetsfiberplatta)<br \/>\nStorlek: 20 x 18 x 80 cm (D x B x H)<br \/>\nVikt: 5 kg<br \/>\nMax. statisk belastningskapacitet f\u00f6r varje justerbar hylla: 5 kg<\/p>\n","protected":false},"excerpt":{"rendered":"<p>VASAGLE Litet badrumssk\u00e5p, smalt badrumssk\u00e5p, st\u00e5ende, med d\u00f6rr och hylla, litet sk\u00e5p f\u00f6r toalettpapper, toalettsk\u00e5p, justerbara hyllor, 20 x 18 x 80 cm, honungsbrunt, BBK310K01<\/p>\n","protected":false},"featured_media":39043,"comment_status":"open","ping_status":"closed","template":"","meta":[],"product_brand":[],"product_cat":[33],"product_tag":[],"class_list":{"0":"post-10466","1":"product","2":"type-product","3":"status-publish","4":"has-post-thumbnail","6":"product_cat-okategoriserad","8":"first","9":"instock","10":"shipping-taxable","11":"purchasable","12":"product-type-simple"},"_links":{"self":[{"href":"https:\/\/nordicmart.andreevmaster.com\/sv\/wp-json\/wp\/v2\/product\/10466","targetHints":{"allow":["GET"]}}],"collection":[{"href":"https:\/\/nordicmart.andreevmaster.com\/sv\/wp-json\/wp\/v2\/product"}],"about":[{"href":"https:\/\/nordicmart.andreevmaster.com\/sv\/wp-json\/wp\/v2\/types\/product"}],"replies":[{"embeddable":true,"href":"https:\/\/nordicmart.andreevmaster.com\/sv\/wp-json\/wp\/v2\/comments?post=10466"}],"wp:featuredmedia":[{"embeddable":true,"href":"https:\/\/nordicmart.andreevmaster.com\/sv\/wp-json\/wp\/v2\/media\/39043"}],"wp:attachment":[{"href":"https:\/\/nordicmart.andreevmaster.com\/sv\/wp-json\/wp\/v2\/media?parent=10466"}],"wp:term":[{"taxonomy":"product_brand","embeddable":true,"href":"https:\/\/nordicmart.andreevmaster.com\/sv\/wp-json\/wp\/v2\/product_brand?post=10466"},{"taxonomy":"product_cat","embeddable":true,"href":"https:\/\/nordicmart.andreevmaster.com\/sv\/wp-json\/wp\/v2\/product_cat?post=10466"},{"taxonomy":"product_tag","embeddable":true,"href":"https:\/\/nordicmart.andreevmaster.com\/sv\/wp-json\/wp\/v2\/product_tag?post=10466"}],"curies":[{"name":"wp","href":"https:\/\/api.w.org\/{rel}","templated":true}]}}