{"id":10465,"date":"2026-02-27T00:07:20","date_gmt":"2026-02-27T00:07:20","guid":{"rendered":"https:\/\/nordicmart.andreevmaster.com\/product\/vasagle-forvaringsskap-med-dorrar-och-justerbara-hyllor-molnvit\/"},"modified":"2026-02-27T08:02:59","modified_gmt":"2026-02-27T08:02:59","slug":"vasagle-forvaringsskap-med-dorrar-och-justerbara-hyllor-molnvit","status":"publish","type":"product","link":"https:\/\/nordicmart.andreevmaster.com\/sv\/produkt\/vasagle-forvaringsskap-med-dorrar-och-justerbara-hyllor-molnvit\/","title":{"rendered":"VASAGLE F\u00f6rvaringssk\u00e5p med d\u00f6rrar och justerbara hyllor molnvit"},"content":{"rendered":"<p>VASAGLE sideboard, f\u00f6rvaringssk\u00e5p, 40 x 103,5 x 85 cm, k\u00f6kssk\u00e5p med d\u00f6rrar, h\u00f6j- och s\u00e4nkbara hyllor, 3 l\u00e5dor, \u00f6ppet fack, modernt, f\u00f6r vardagsrum och k\u00f6k<br \/>\nF\u00e4rg: Molnvit<br \/>\nMaterial: Sp\u00e5nskiva, MDF (medeldensitetsfiberplatta)<br \/>\nStorlek: 40 x 103,3 x 74,5 cm (D x B x H)<br \/>\nVikt: 33 kg<br \/>\nMax. total statisk belastningskapacitet: 90 kg<\/p>\n","protected":false},"excerpt":{"rendered":"<p>VASAGLE sideboard, f\u00f6rvaringssk\u00e5p, 40 x 103,5 x 85 cm, k\u00f6kssk\u00e5p med d\u00f6rrar, h\u00f6j- och s\u00e4nkbara hyllor, 3 l\u00e5dor, \u00f6ppet fack, modernt, f\u00f6r vardagsrum och k\u00f6k<\/p>\n","protected":false},"featured_media":0,"comment_status":"open","ping_status":"closed","template":"","meta":[],"product_brand":[],"product_cat":[33],"product_tag":[],"class_list":{"0":"post-10465","1":"product","2":"type-product","3":"status-publish","5":"product_cat-okategoriserad","7":"first","8":"instock","9":"shipping-taxable","10":"purchasable","11":"product-type-simple"},"_links":{"self":[{"href":"https:\/\/nordicmart.andreevmaster.com\/sv\/wp-json\/wp\/v2\/product\/10465","targetHints":{"allow":["GET"]}}],"collection":[{"href":"https:\/\/nordicmart.andreevmaster.com\/sv\/wp-json\/wp\/v2\/product"}],"about":[{"href":"https:\/\/nordicmart.andreevmaster.com\/sv\/wp-json\/wp\/v2\/types\/product"}],"replies":[{"embeddable":true,"href":"https:\/\/nordicmart.andreevmaster.com\/sv\/wp-json\/wp\/v2\/comments?post=10465"}],"wp:attachment":[{"href":"https:\/\/nordicmart.andreevmaster.com\/sv\/wp-json\/wp\/v2\/media?parent=10465"}],"wp:term":[{"taxonomy":"product_brand","embeddable":true,"href":"https:\/\/nordicmart.andreevmaster.com\/sv\/wp-json\/wp\/v2\/product_brand?post=10465"},{"taxonomy":"product_cat","embeddable":true,"href":"https:\/\/nordicmart.andreevmaster.com\/sv\/wp-json\/wp\/v2\/product_cat?post=10465"},{"taxonomy":"product_tag","embeddable":true,"href":"https:\/\/nordicmart.andreevmaster.com\/sv\/wp-json\/wp\/v2\/product_tag?post=10465"}],"curies":[{"name":"wp","href":"https:\/\/api.w.org\/{rel}","templated":true}]}}