{"id":10463,"date":"2026-02-27T00:07:20","date_gmt":"2026-02-27T00:07:20","guid":{"rendered":"https:\/\/nordicmart.andreevmaster.com\/product\/vasagle-forvaringsskap-med-dorrar-och-lador-modernt\/"},"modified":"2026-02-27T08:02:59","modified_gmt":"2026-02-27T08:02:59","slug":"vasagle-forvaringsskap-med-dorrar-och-lador-modernt","status":"publish","type":"product","link":"https:\/\/nordicmart.andreevmaster.com\/sv\/produkt\/vasagle-forvaringsskap-med-dorrar-och-lador-modernt\/","title":{"rendered":"VASAGLE F\u00f6rvaringssk\u00e5p med d\u00f6rrar och l\u00e5dor, modernt"},"content":{"rendered":"<p>VASAGLE sideboard, f\u00f6rvaringssk\u00e5p, 40 x 103,5 x 85 cm, k\u00f6kssk\u00e5p med d\u00f6rrar, h\u00f6j- och s\u00e4nkbara hyllor, 3 l\u00e5dor, \u00f6ppet fack, modernt, f\u00f6r vardagsrum och k\u00f6k<\/p>\n","protected":false},"excerpt":{"rendered":"<p>VASAGLE sideboard, f\u00f6rvaringssk\u00e5p, 40 x 103,5 x 85 cm, k\u00f6kssk\u00e5p med d\u00f6rrar, h\u00f6j- och s\u00e4nkbara hyllor, 3 l\u00e5dor, \u00f6ppet fack, modernt, f\u00f6r vardagsrum och k\u00f6k<\/p>\n","protected":false},"featured_media":39041,"comment_status":"open","ping_status":"closed","template":"","meta":[],"product_brand":[],"product_cat":[33],"product_tag":[],"class_list":{"0":"post-10463","1":"product","2":"type-product","3":"status-publish","4":"has-post-thumbnail","6":"product_cat-okategoriserad","8":"first","9":"instock","10":"shipping-taxable","11":"purchasable","12":"product-type-simple"},"_links":{"self":[{"href":"https:\/\/nordicmart.andreevmaster.com\/sv\/wp-json\/wp\/v2\/product\/10463","targetHints":{"allow":["GET"]}}],"collection":[{"href":"https:\/\/nordicmart.andreevmaster.com\/sv\/wp-json\/wp\/v2\/product"}],"about":[{"href":"https:\/\/nordicmart.andreevmaster.com\/sv\/wp-json\/wp\/v2\/types\/product"}],"replies":[{"embeddable":true,"href":"https:\/\/nordicmart.andreevmaster.com\/sv\/wp-json\/wp\/v2\/comments?post=10463"}],"wp:featuredmedia":[{"embeddable":true,"href":"https:\/\/nordicmart.andreevmaster.com\/sv\/wp-json\/wp\/v2\/media\/39041"}],"wp:attachment":[{"href":"https:\/\/nordicmart.andreevmaster.com\/sv\/wp-json\/wp\/v2\/media?parent=10463"}],"wp:term":[{"taxonomy":"product_brand","embeddable":true,"href":"https:\/\/nordicmart.andreevmaster.com\/sv\/wp-json\/wp\/v2\/product_brand?post=10463"},{"taxonomy":"product_cat","embeddable":true,"href":"https:\/\/nordicmart.andreevmaster.com\/sv\/wp-json\/wp\/v2\/product_cat?post=10463"},{"taxonomy":"product_tag","embeddable":true,"href":"https:\/\/nordicmart.andreevmaster.com\/sv\/wp-json\/wp\/v2\/product_tag?post=10463"}],"curies":[{"name":"wp","href":"https:\/\/api.w.org\/{rel}","templated":true}]}}