{"id":10462,"date":"2026-02-27T00:07:20","date_gmt":"2026-02-27T00:07:20","guid":{"rendered":"https:\/\/nordicmart.andreevmaster.com\/product\/vasagle-forvaringsskap-med-dorrar-och-lador\/"},"modified":"2026-02-27T08:02:59","modified_gmt":"2026-02-27T08:02:59","slug":"vasagle-forvaringsskap-med-dorrar-och-lador","status":"publish","type":"product","link":"https:\/\/nordicmart.andreevmaster.com\/sv\/produkt\/vasagle-forvaringsskap-med-dorrar-och-lador\/","title":{"rendered":"VASAGLE f\u00f6rvaringssk\u00e5p med d\u00f6rrar och l\u00e5dor"},"content":{"rendered":"<p>VASAGLE Kailyn-kollektion \u2013 f\u00f6rvaringssk\u00e5p, sideboard, k\u00f6kssk\u00e5p med d\u00f6rrar, h\u00f6jdjusterbar hylla, 2 l\u00e5dor, modernt, 40 x 70 x 74,5 cm, vardagsrum, molnvit BBK243W01V1<br \/>\nF\u00e4rg: Molnvit<br \/>\nMaterial: Sp\u00e5nskiva, MDF (medeldensitetsfiberplatta)<br \/>\nStorlek: 40 x 70 x 74,5 cm (D x B x H)<br \/>\nVikt: 23,5 kg<br \/>\nMax. total statisk belastningskapacitet: 90 kg<\/p>\n","protected":false},"excerpt":{"rendered":"<p>VASAGLE Kailyn-kollektion \u2013 f\u00f6rvaringssk\u00e5p, sideboard, k\u00f6kssk\u00e5p med d\u00f6rrar, h\u00f6jdjusterbar hylla, 2 l\u00e5dor, modernt, 40 x 70 x 74,5 cm, vardagsrum, molnvit BBK243W01V1<\/p>\n","protected":false},"featured_media":39040,"comment_status":"open","ping_status":"closed","template":"","meta":[],"product_brand":[],"product_cat":[33],"product_tag":[],"class_list":{"0":"post-10462","1":"product","2":"type-product","3":"status-publish","4":"has-post-thumbnail","6":"product_cat-okategoriserad","8":"first","9":"instock","10":"shipping-taxable","11":"purchasable","12":"product-type-simple"},"_links":{"self":[{"href":"https:\/\/nordicmart.andreevmaster.com\/sv\/wp-json\/wp\/v2\/product\/10462","targetHints":{"allow":["GET"]}}],"collection":[{"href":"https:\/\/nordicmart.andreevmaster.com\/sv\/wp-json\/wp\/v2\/product"}],"about":[{"href":"https:\/\/nordicmart.andreevmaster.com\/sv\/wp-json\/wp\/v2\/types\/product"}],"replies":[{"embeddable":true,"href":"https:\/\/nordicmart.andreevmaster.com\/sv\/wp-json\/wp\/v2\/comments?post=10462"}],"wp:featuredmedia":[{"embeddable":true,"href":"https:\/\/nordicmart.andreevmaster.com\/sv\/wp-json\/wp\/v2\/media\/39040"}],"wp:attachment":[{"href":"https:\/\/nordicmart.andreevmaster.com\/sv\/wp-json\/wp\/v2\/media?parent=10462"}],"wp:term":[{"taxonomy":"product_brand","embeddable":true,"href":"https:\/\/nordicmart.andreevmaster.com\/sv\/wp-json\/wp\/v2\/product_brand?post=10462"},{"taxonomy":"product_cat","embeddable":true,"href":"https:\/\/nordicmart.andreevmaster.com\/sv\/wp-json\/wp\/v2\/product_cat?post=10462"},{"taxonomy":"product_tag","embeddable":true,"href":"https:\/\/nordicmart.andreevmaster.com\/sv\/wp-json\/wp\/v2\/product_tag?post=10462"}],"curies":[{"name":"wp","href":"https:\/\/api.w.org\/{rel}","templated":true}]}}