{"id":10461,"date":"2026-02-27T00:07:20","date_gmt":"2026-02-27T00:07:20","guid":{"rendered":"https:\/\/nordicmart.andreevmaster.com\/product\/vasagle-forvaringsskap-2-lador-modern-molnvit\/"},"modified":"2026-02-27T08:02:59","modified_gmt":"2026-02-27T08:02:59","slug":"vasagle-forvaringsskap-2-lador-modern-molnvit","status":"publish","type":"product","link":"https:\/\/nordicmart.andreevmaster.com\/sv\/produkt\/vasagle-forvaringsskap-2-lador-modern-molnvit\/","title":{"rendered":"VASAGLE f\u00f6rvaringssk\u00e5p 2 l\u00e5dor modern molnvit"},"content":{"rendered":"<p>VASAGLE sideboard, f\u00f6rvaringssk\u00e5p, k\u00f6kssk\u00e5p med d\u00f6rrar, h\u00f6jdjusterbara hyllor, 2 l\u00e5dor, modernt<br \/>\nF\u00e4rg: Molnvit<br \/>\nMaterial: sp\u00e5nskiva<br \/>\nStorlek: 40 x 70 x 85 cm (D x B x H)<br \/>\nVikt: 27,7 kg<\/p>\n","protected":false},"excerpt":{"rendered":"<p>VASAGLE sideboard, f\u00f6rvaringssk\u00e5p, k\u00f6kssk\u00e5p med d\u00f6rrar, h\u00f6jdjusterbara hyllor, 2 l\u00e5dor, modernt<\/p>\n","protected":false},"featured_media":39039,"comment_status":"open","ping_status":"closed","template":"","meta":[],"product_brand":[],"product_cat":[33],"product_tag":[],"class_list":{"0":"post-10461","1":"product","2":"type-product","3":"status-publish","4":"has-post-thumbnail","6":"product_cat-okategoriserad","8":"first","9":"instock","10":"shipping-taxable","11":"purchasable","12":"product-type-simple"},"_links":{"self":[{"href":"https:\/\/nordicmart.andreevmaster.com\/sv\/wp-json\/wp\/v2\/product\/10461","targetHints":{"allow":["GET"]}}],"collection":[{"href":"https:\/\/nordicmart.andreevmaster.com\/sv\/wp-json\/wp\/v2\/product"}],"about":[{"href":"https:\/\/nordicmart.andreevmaster.com\/sv\/wp-json\/wp\/v2\/types\/product"}],"replies":[{"embeddable":true,"href":"https:\/\/nordicmart.andreevmaster.com\/sv\/wp-json\/wp\/v2\/comments?post=10461"}],"wp:featuredmedia":[{"embeddable":true,"href":"https:\/\/nordicmart.andreevmaster.com\/sv\/wp-json\/wp\/v2\/media\/39039"}],"wp:attachment":[{"href":"https:\/\/nordicmart.andreevmaster.com\/sv\/wp-json\/wp\/v2\/media?parent=10461"}],"wp:term":[{"taxonomy":"product_brand","embeddable":true,"href":"https:\/\/nordicmart.andreevmaster.com\/sv\/wp-json\/wp\/v2\/product_brand?post=10461"},{"taxonomy":"product_cat","embeddable":true,"href":"https:\/\/nordicmart.andreevmaster.com\/sv\/wp-json\/wp\/v2\/product_cat?post=10461"},{"taxonomy":"product_tag","embeddable":true,"href":"https:\/\/nordicmart.andreevmaster.com\/sv\/wp-json\/wp\/v2\/product_tag?post=10461"}],"curies":[{"name":"wp","href":"https:\/\/api.w.org\/{rel}","templated":true}]}}