{"id":10459,"date":"2026-02-27T00:07:19","date_gmt":"2026-02-27T00:07:19","guid":{"rendered":"https:\/\/nordicmart.andreevmaster.com\/product\/vasagle-forvaringsskap-med-justerbara-hyllplan-40-x-80-x-90-cm\/"},"modified":"2026-02-27T08:02:59","modified_gmt":"2026-02-27T08:02:59","slug":"vasagle-forvaringsskap-med-justerbara-hyllplan-40-x-80-x-90-cm","status":"publish","type":"product","link":"https:\/\/nordicmart.andreevmaster.com\/sv\/produkt\/vasagle-forvaringsskap-med-justerbara-hyllplan-40-x-80-x-90-cm\/","title":{"rendered":"VASAGLE F\u00f6rvaringssk\u00e5p med justerbara hyllplan 40 x 80 x 90 cm"},"content":{"rendered":"<p>VASAGLE Sideboard, f\u00f6rvaringssk\u00e5p, Boho, rottingm\u00f6bler med justerbara hyllplan, 40 x 80 x 90 cm, f\u00f6r hall, vardagsrum, matsal, tr\u00e4f\u00e4rgad BBK241T57<br \/>\nF\u00e4rg: Tr\u00e4f\u00e4rgad<br \/>\nProduktm\u00e5tt: 80 x 40 x 90 cm; 25 kg<br \/>\nMaximal b\u00e4rkraft: 136 kg<br \/>\nArtikelvikt: 25 kg<\/p>\n","protected":false},"excerpt":{"rendered":"<p>VASAGLE Sideboard, f\u00f6rvaringssk\u00e5p, Boho, rottingm\u00f6bler med justerbara hyllplan, 40 x 80 x 90 cm, f\u00f6r hall, vardagsrum, matsal, tr\u00e4f\u00e4rgad BBK241T57<\/p>\n","protected":false},"featured_media":39037,"comment_status":"open","ping_status":"closed","template":"","meta":[],"product_brand":[],"product_cat":[33],"product_tag":[],"class_list":{"0":"post-10459","1":"product","2":"type-product","3":"status-publish","4":"has-post-thumbnail","6":"product_cat-okategoriserad","8":"first","9":"instock","10":"shipping-taxable","11":"purchasable","12":"product-type-simple"},"_links":{"self":[{"href":"https:\/\/nordicmart.andreevmaster.com\/sv\/wp-json\/wp\/v2\/product\/10459","targetHints":{"allow":["GET"]}}],"collection":[{"href":"https:\/\/nordicmart.andreevmaster.com\/sv\/wp-json\/wp\/v2\/product"}],"about":[{"href":"https:\/\/nordicmart.andreevmaster.com\/sv\/wp-json\/wp\/v2\/types\/product"}],"replies":[{"embeddable":true,"href":"https:\/\/nordicmart.andreevmaster.com\/sv\/wp-json\/wp\/v2\/comments?post=10459"}],"wp:featuredmedia":[{"embeddable":true,"href":"https:\/\/nordicmart.andreevmaster.com\/sv\/wp-json\/wp\/v2\/media\/39037"}],"wp:attachment":[{"href":"https:\/\/nordicmart.andreevmaster.com\/sv\/wp-json\/wp\/v2\/media?parent=10459"}],"wp:term":[{"taxonomy":"product_brand","embeddable":true,"href":"https:\/\/nordicmart.andreevmaster.com\/sv\/wp-json\/wp\/v2\/product_brand?post=10459"},{"taxonomy":"product_cat","embeddable":true,"href":"https:\/\/nordicmart.andreevmaster.com\/sv\/wp-json\/wp\/v2\/product_cat?post=10459"},{"taxonomy":"product_tag","embeddable":true,"href":"https:\/\/nordicmart.andreevmaster.com\/sv\/wp-json\/wp\/v2\/product_tag?post=10459"}],"curies":[{"name":"wp","href":"https:\/\/api.w.org\/{rel}","templated":true}]}}