{"id":10457,"date":"2026-02-27T00:07:19","date_gmt":"2026-02-27T00:07:19","guid":{"rendered":"https:\/\/nordicmart.andreevmaster.com\/product\/vasagle-spegelskap-med-hojdjusterbara-hyllplan\/"},"modified":"2026-02-27T08:02:58","modified_gmt":"2026-02-27T08:02:58","slug":"vasagle-spegelskap-med-hojdjusterbara-hyllplan","status":"publish","type":"product","link":"https:\/\/nordicmart.andreevmaster.com\/sv\/produkt\/vasagle-spegelskap-med-hojdjusterbara-hyllplan\/","title":{"rendered":"VASAGLE spegelsk\u00e5p med h\u00f6jdjusterbara hyllplan"},"content":{"rendered":"<p>Designerna p\u00e5 VASAGLE har skapat stilfulla badrumsm\u00f6bler s\u00e5 att du kan ge ditt badrum en fr\u00e4sch och lugn k\u00e4nsla. H\u00e4r kan du sl\u00e4ppa alla bekymmer, ladda batterierna och b\u00f6rja eller avsluta dagen p\u00e5 ett positivt s\u00e4tt. H\u00f6gkvalitativa material Med detta badrumssk\u00e5p kan du inte bara visa upp elegans och stil. M\u00f6beln \u00e4r ocks\u00e5 h\u00e5llbar, eftersom kroppen \u00e4r tillverkad av vita, melaminbelagda sp\u00e5nskivor. Sk\u00e5pd\u00f6rren \u00e4r dessutom tillverkad av PVC-belagd MDF, vilket ger badrumsm\u00f6beln en effektfull glans. I spegeln av h\u00e4rdat glas kan du dessutom beundra din sk\u00f6nhet. In i minsta detalj De tv\u00e5 hyllplanerna inuti spegelsk\u00e5pet \u00e4r h\u00f6j- och s\u00e4nkbara, s\u00e5 att du kan f\u00f6rvara hygienartiklar i olika storlekar i det. Mjukst\u00e4ngande g\u00e5ngj\u00e4rn f\u00f6rhindrar att sk\u00e5pd\u00f6rrarna sm\u00e4ller igen. Ett modernt badrum f\u00f6rtj\u00e4nar detta badrumssk\u00e5p! Titta \u00e4ven p\u00e5 de andra badrumsm\u00f6blerna fr\u00e5n VASAGLE f\u00f6r att skapa en enhetlig stil i ditt badrum. Produktdetaljer: &#8211; F\u00e4rg: Glansigt vitt (d\u00f6rr), matt vitt (kropp) &#8211; Material: Melaminbelagd sp\u00e5nskiva, PVC-belagd MDF, h\u00e4rdat spegelglas &#8211; Storlek: 54 x 15 x 55 cm (L x B x H) &#8211; Vikt: 10,3 kg &#8211; Max. belastningskapacitet: 15 kg Leveransomfattning: &#8211; 1 x spegelsk\u00e5p &#8211; 1 x beh\u00e5llare med tillbeh\u00f6r &#8211; 1 x bruksanvisning (DE, EN, FR, ES, IT) VASAGLE Anm\u00e4rkningar: &#8211; Uts\u00e4tt inte produkten f\u00f6r direkt solljus. &#8211; Produkten b\u00f6r inte komma i kontakt med stora m\u00e4ngder vatten. &#8211; F\u00e4st produkten p\u00e5 en solid v\u00e4gg. &#8211; Ta bort skyddsfilmen p\u00e5 produktens framsida efter montering.<\/p>\n","protected":false},"excerpt":{"rendered":"<p>VASAGLE Spegelsk\u00e5p f\u00f6r badrum, v\u00e4ggsk\u00e5p, badrumssk\u00e5p med h\u00f6jdjusterbara hyllplan, mjukst\u00e4ngande g\u00e5ngj\u00e4rn, badrum, 54 x 15 x 55 cm, vitt BBK21WT<\/p>\n","protected":false},"featured_media":39035,"comment_status":"open","ping_status":"closed","template":"","meta":[],"product_brand":[],"product_cat":[33],"product_tag":[],"class_list":{"0":"post-10457","1":"product","2":"type-product","3":"status-publish","4":"has-post-thumbnail","6":"product_cat-okategoriserad","8":"first","9":"instock","10":"shipping-taxable","11":"purchasable","12":"product-type-simple"},"_links":{"self":[{"href":"https:\/\/nordicmart.andreevmaster.com\/sv\/wp-json\/wp\/v2\/product\/10457","targetHints":{"allow":["GET"]}}],"collection":[{"href":"https:\/\/nordicmart.andreevmaster.com\/sv\/wp-json\/wp\/v2\/product"}],"about":[{"href":"https:\/\/nordicmart.andreevmaster.com\/sv\/wp-json\/wp\/v2\/types\/product"}],"replies":[{"embeddable":true,"href":"https:\/\/nordicmart.andreevmaster.com\/sv\/wp-json\/wp\/v2\/comments?post=10457"}],"wp:featuredmedia":[{"embeddable":true,"href":"https:\/\/nordicmart.andreevmaster.com\/sv\/wp-json\/wp\/v2\/media\/39035"}],"wp:attachment":[{"href":"https:\/\/nordicmart.andreevmaster.com\/sv\/wp-json\/wp\/v2\/media?parent=10457"}],"wp:term":[{"taxonomy":"product_brand","embeddable":true,"href":"https:\/\/nordicmart.andreevmaster.com\/sv\/wp-json\/wp\/v2\/product_brand?post=10457"},{"taxonomy":"product_cat","embeddable":true,"href":"https:\/\/nordicmart.andreevmaster.com\/sv\/wp-json\/wp\/v2\/product_cat?post=10457"},{"taxonomy":"product_tag","embeddable":true,"href":"https:\/\/nordicmart.andreevmaster.com\/sv\/wp-json\/wp\/v2\/product_tag?post=10457"}],"curies":[{"name":"wp","href":"https:\/\/api.w.org\/{rel}","templated":true}]}}