{"id":10456,"date":"2026-02-27T00:07:19","date_gmt":"2026-02-27T00:07:19","guid":{"rendered":"https:\/\/nordicmart.andreevmaster.com\/product\/vasagle-badrumsskap-med-oppet-fack-platsbesparande\/"},"modified":"2026-02-27T08:02:58","modified_gmt":"2026-02-27T08:02:58","slug":"vasagle-badrumsskap-med-oppet-fack-platsbesparande","status":"publish","type":"product","link":"https:\/\/nordicmart.andreevmaster.com\/sv\/produkt\/vasagle-badrumsskap-med-oppet-fack-platsbesparande\/","title":{"rendered":"VASAGLE badrumssk\u00e5p med \u00f6ppet fack, platsbesparande"},"content":{"rendered":"<p>VASAGLE badrumssk\u00e5p, badrumssk\u00e5p, h\u00f6g sk\u00e5p, \u00f6ppet fack, glasd\u00f6rr, smalt, badrumsm\u00f6bler, badrumsm\u00f6bler med f\u00f6tter, h\u00f6jdjusterbara hyllor, platsbesparande, vitt med tr\u00e4m\u00f6nster BBK163T44<br \/>\nF\u00e4rg: Molnvit<br \/>\nMaterial: sp\u00e5nskiva, glas<br \/>\nStorlek: 30 x 40 x 165 cm (D x B x H)<br \/>\nVikt: 23,2 kg<br \/>\nMax. statisk belastningskapacitet f\u00f6r l\u00e5dan: 4,5 kg<br \/>\nMax. statisk belastningskapacitet per hyllplan: 9 kg<\/p>\n","protected":false},"excerpt":{"rendered":"<p>VASAGLE badrumssk\u00e5p, badrumssk\u00e5p, h\u00f6g sk\u00e5p, \u00f6ppet fack, glasd\u00f6rr, smalt, badrumsm\u00f6bler, badrumsm\u00f6bler med f\u00f6tter, h\u00f6jdjusterbara hyllor, platsbesparande, vitt med tr\u00e4m\u00f6nster BBK163T44<\/p>\n","protected":false},"featured_media":0,"comment_status":"open","ping_status":"closed","template":"","meta":[],"product_brand":[],"product_cat":[33],"product_tag":[],"class_list":{"0":"post-10456","1":"product","2":"type-product","3":"status-publish","5":"product_cat-okategoriserad","7":"first","8":"instock","9":"shipping-taxable","10":"purchasable","11":"product-type-simple"},"_links":{"self":[{"href":"https:\/\/nordicmart.andreevmaster.com\/sv\/wp-json\/wp\/v2\/product\/10456","targetHints":{"allow":["GET"]}}],"collection":[{"href":"https:\/\/nordicmart.andreevmaster.com\/sv\/wp-json\/wp\/v2\/product"}],"about":[{"href":"https:\/\/nordicmart.andreevmaster.com\/sv\/wp-json\/wp\/v2\/types\/product"}],"replies":[{"embeddable":true,"href":"https:\/\/nordicmart.andreevmaster.com\/sv\/wp-json\/wp\/v2\/comments?post=10456"}],"wp:attachment":[{"href":"https:\/\/nordicmart.andreevmaster.com\/sv\/wp-json\/wp\/v2\/media?parent=10456"}],"wp:term":[{"taxonomy":"product_brand","embeddable":true,"href":"https:\/\/nordicmart.andreevmaster.com\/sv\/wp-json\/wp\/v2\/product_brand?post=10456"},{"taxonomy":"product_cat","embeddable":true,"href":"https:\/\/nordicmart.andreevmaster.com\/sv\/wp-json\/wp\/v2\/product_cat?post=10456"},{"taxonomy":"product_tag","embeddable":true,"href":"https:\/\/nordicmart.andreevmaster.com\/sv\/wp-json\/wp\/v2\/product_tag?post=10456"}],"curies":[{"name":"wp","href":"https:\/\/api.w.org\/{rel}","templated":true}]}}