{"id":10455,"date":"2026-02-27T00:07:18","date_gmt":"2026-02-27T00:07:18","guid":{"rendered":"https:\/\/nordicmart.andreevmaster.com\/product\/vasagle-badrumsskap-med-hojdjusterbara-hyllor-vit\/"},"modified":"2026-02-27T08:02:58","modified_gmt":"2026-02-27T08:02:58","slug":"vasagle-badrumsskap-med-hojdjusterbara-hyllor-vit","status":"publish","type":"product","link":"https:\/\/nordicmart.andreevmaster.com\/sv\/produkt\/vasagle-badrumsskap-med-hojdjusterbara-hyllor-vit\/","title":{"rendered":"VASAGLE badrumssk\u00e5p med h\u00f6jdjusterbara hyllor Vit"},"content":{"rendered":"<p>Produktdetaljer: F\u00e4rg: Vit med tr\u00e4m\u00f6nster Material: Sp\u00e5nskiva, glas Storlek: 40 x 30 x 165 cm (L x B x H) Vikt: 23,2 kg Max. statisk belastningskapacitet f\u00f6r l\u00e5dan: 4,5 kg Max. statisk belastningskapacitet per hyllplan: 9 kgLeveransomfattning:1 x badrumssk\u00e5p1 x tillbeh\u00f6rspaket2 x tippskydd1 x instruktionerVASAGLE Anm\u00e4rkningar:Av s\u00e4kerhetssk\u00e4l \u00e4r det f\u00f6rbjudet f\u00f6r barn att kl\u00e4ttra p\u00e5 eller leka med produkten.F\u00e4st denna produkt p\u00e5 v\u00e4ggen med det medf\u00f6ljande tippskyddet f\u00f6r att garantera s\u00e4ker anv\u00e4ndning.<\/p>\n","protected":false},"excerpt":{"rendered":"<p>VASAGLE badrumssk\u00e5p, badrumssk\u00e5p, h\u00f6g sk\u00e5p, \u00f6ppet fack, glasd\u00f6rr, smalt, badrumsm\u00f6bler, badrumsm\u00f6bler med f\u00f6tter, h\u00f6jdjusterbara hyllor, platsbesparande, vitt med tr\u00e4m\u00f6nster BBK163T44<\/p>\n","protected":false},"featured_media":39034,"comment_status":"open","ping_status":"closed","template":"","meta":[],"product_brand":[],"product_cat":[33],"product_tag":[],"class_list":{"0":"post-10455","1":"product","2":"type-product","3":"status-publish","4":"has-post-thumbnail","6":"product_cat-okategoriserad","8":"first","9":"instock","10":"shipping-taxable","11":"purchasable","12":"product-type-simple"},"_links":{"self":[{"href":"https:\/\/nordicmart.andreevmaster.com\/sv\/wp-json\/wp\/v2\/product\/10455","targetHints":{"allow":["GET"]}}],"collection":[{"href":"https:\/\/nordicmart.andreevmaster.com\/sv\/wp-json\/wp\/v2\/product"}],"about":[{"href":"https:\/\/nordicmart.andreevmaster.com\/sv\/wp-json\/wp\/v2\/types\/product"}],"replies":[{"embeddable":true,"href":"https:\/\/nordicmart.andreevmaster.com\/sv\/wp-json\/wp\/v2\/comments?post=10455"}],"wp:featuredmedia":[{"embeddable":true,"href":"https:\/\/nordicmart.andreevmaster.com\/sv\/wp-json\/wp\/v2\/media\/39034"}],"wp:attachment":[{"href":"https:\/\/nordicmart.andreevmaster.com\/sv\/wp-json\/wp\/v2\/media?parent=10455"}],"wp:term":[{"taxonomy":"product_brand","embeddable":true,"href":"https:\/\/nordicmart.andreevmaster.com\/sv\/wp-json\/wp\/v2\/product_brand?post=10455"},{"taxonomy":"product_cat","embeddable":true,"href":"https:\/\/nordicmart.andreevmaster.com\/sv\/wp-json\/wp\/v2\/product_cat?post=10455"},{"taxonomy":"product_tag","embeddable":true,"href":"https:\/\/nordicmart.andreevmaster.com\/sv\/wp-json\/wp\/v2\/product_tag?post=10455"}],"curies":[{"name":"wp","href":"https:\/\/api.w.org\/{rel}","templated":true}]}}