{"id":10452,"date":"2026-02-27T00:07:18","date_gmt":"2026-02-27T00:07:18","guid":{"rendered":"https:\/\/nordicmart.andreevmaster.com\/product\/vasagle-hog-skap-med-3-oppna-fack\/"},"modified":"2026-02-27T08:02:58","modified_gmt":"2026-02-27T08:02:58","slug":"vasagle-hog-skap-med-3-oppna-fack","status":"publish","type":"product","link":"https:\/\/nordicmart.andreevmaster.com\/sv\/produkt\/vasagle-hog-skap-med-3-oppna-fack\/","title":{"rendered":"VASAGLE h\u00f6g sk\u00e5p med 3 \u00f6ppna fack"},"content":{"rendered":"<p>VASAGLE badrumssk\u00e5p, h\u00f6g sk\u00e5p, badrumssk\u00e5p, 3 \u00f6ppna fack, 2 justerbara hyllplan bakom d\u00f6rren, f\u00f6rvaringssk\u00e5p, f\u00f6r badrum, hall, k\u00f6k, vardagsrum, vintagebrunt BBK160X01<br \/>\nM\u00e4rke\uff1aVASAGLE<br \/>\nF\u00e4rg: Molnvit<br \/>\nProduktm\u00e5tt: 30 x 40 x 167 cm; 20 kg<br \/>\nArtikelvikt: 20 kg<\/p>\n","protected":false},"excerpt":{"rendered":"<p>VASAGLE badrumssk\u00e5p, h\u00f6g sk\u00e5p, badrumssk\u00e5p, 3 \u00f6ppna fack, 2 justerbara hyllplan bakom d\u00f6rren, f\u00f6rvaringssk\u00e5p, f\u00f6r badrum, hall, k\u00f6k, vardagsrum, vintagebrunt BBK160X01<\/p>\n","protected":false},"featured_media":0,"comment_status":"open","ping_status":"closed","template":"","meta":[],"product_brand":[],"product_cat":[33],"product_tag":[],"class_list":{"0":"post-10452","1":"product","2":"type-product","3":"status-publish","5":"product_cat-okategoriserad","7":"first","8":"instock","9":"shipping-taxable","10":"purchasable","11":"product-type-simple"},"_links":{"self":[{"href":"https:\/\/nordicmart.andreevmaster.com\/sv\/wp-json\/wp\/v2\/product\/10452","targetHints":{"allow":["GET"]}}],"collection":[{"href":"https:\/\/nordicmart.andreevmaster.com\/sv\/wp-json\/wp\/v2\/product"}],"about":[{"href":"https:\/\/nordicmart.andreevmaster.com\/sv\/wp-json\/wp\/v2\/types\/product"}],"replies":[{"embeddable":true,"href":"https:\/\/nordicmart.andreevmaster.com\/sv\/wp-json\/wp\/v2\/comments?post=10452"}],"wp:attachment":[{"href":"https:\/\/nordicmart.andreevmaster.com\/sv\/wp-json\/wp\/v2\/media?parent=10452"}],"wp:term":[{"taxonomy":"product_brand","embeddable":true,"href":"https:\/\/nordicmart.andreevmaster.com\/sv\/wp-json\/wp\/v2\/product_brand?post=10452"},{"taxonomy":"product_cat","embeddable":true,"href":"https:\/\/nordicmart.andreevmaster.com\/sv\/wp-json\/wp\/v2\/product_cat?post=10452"},{"taxonomy":"product_tag","embeddable":true,"href":"https:\/\/nordicmart.andreevmaster.com\/sv\/wp-json\/wp\/v2\/product_tag?post=10452"}],"curies":[{"name":"wp","href":"https:\/\/api.w.org\/{rel}","templated":true}]}}