{"id":10441,"date":"2026-02-27T00:07:16","date_gmt":"2026-02-27T00:07:16","guid":{"rendered":"https:\/\/nordicmart.andreevmaster.com\/product\/vasagle-badrumsskap-med-3-dorrar-165-x-90-x-75-cm-molnvit\/"},"modified":"2026-02-27T08:02:56","modified_gmt":"2026-02-27T08:02:56","slug":"vasagle-badrumsskap-med-3-dorrar-165-x-90-x-75-cm-molnvit","status":"publish","type":"product","link":"https:\/\/nordicmart.andreevmaster.com\/sv\/produkt\/vasagle-badrumsskap-med-3-dorrar-165-x-90-x-75-cm-molnvit\/","title":{"rendered":"VASAGLE badrumssk\u00e5p med 3 d\u00f6rrar 16,5 x 90 x 75 cm molnvit"},"content":{"rendered":"<p>VASAGLE badrumssk\u00e5p med 3 d\u00f6rrar, spegelsk\u00e5p, badrumssk\u00e5p, \u00f6ppet fack, justerbara hyllor, 16,5 x 70 x 75 cm, molnvit BBK129W01<br \/>\nF\u00e4rg: Molnvit<br \/>\nMaterial: sp\u00e5nskiva, glas<br \/>\nStorlek: 16,5 x 90 x 75 cm<br \/>\nVikt: 15,6 kg<br \/>\nMax. statisk belastningskapacitet: 15 kg<\/p>\n","protected":false},"excerpt":{"rendered":"<p>VASAGLE badrumssk\u00e5p med 3 d\u00f6rrar, spegelsk\u00e5p, badrumssk\u00e5p, \u00f6ppet fack, justerbara hyllor, 16,5 x 70 x 75 cm, molnvit BBK129W01<\/p>\n","protected":false},"featured_media":39021,"comment_status":"open","ping_status":"closed","template":"","meta":[],"product_brand":[],"product_cat":[33],"product_tag":[],"class_list":{"0":"post-10441","1":"product","2":"type-product","3":"status-publish","4":"has-post-thumbnail","6":"product_cat-okategoriserad","8":"first","9":"instock","10":"shipping-taxable","11":"purchasable","12":"product-type-simple"},"_links":{"self":[{"href":"https:\/\/nordicmart.andreevmaster.com\/sv\/wp-json\/wp\/v2\/product\/10441","targetHints":{"allow":["GET"]}}],"collection":[{"href":"https:\/\/nordicmart.andreevmaster.com\/sv\/wp-json\/wp\/v2\/product"}],"about":[{"href":"https:\/\/nordicmart.andreevmaster.com\/sv\/wp-json\/wp\/v2\/types\/product"}],"replies":[{"embeddable":true,"href":"https:\/\/nordicmart.andreevmaster.com\/sv\/wp-json\/wp\/v2\/comments?post=10441"}],"wp:featuredmedia":[{"embeddable":true,"href":"https:\/\/nordicmart.andreevmaster.com\/sv\/wp-json\/wp\/v2\/media\/39021"}],"wp:attachment":[{"href":"https:\/\/nordicmart.andreevmaster.com\/sv\/wp-json\/wp\/v2\/media?parent=10441"}],"wp:term":[{"taxonomy":"product_brand","embeddable":true,"href":"https:\/\/nordicmart.andreevmaster.com\/sv\/wp-json\/wp\/v2\/product_brand?post=10441"},{"taxonomy":"product_cat","embeddable":true,"href":"https:\/\/nordicmart.andreevmaster.com\/sv\/wp-json\/wp\/v2\/product_cat?post=10441"},{"taxonomy":"product_tag","embeddable":true,"href":"https:\/\/nordicmart.andreevmaster.com\/sv\/wp-json\/wp\/v2\/product_tag?post=10441"}],"curies":[{"name":"wp","href":"https:\/\/api.w.org\/{rel}","templated":true}]}}